{"id":9579,"date":"2019-09-13T18:03:34","date_gmt":"2019-09-13T16:03:34","guid":{"rendered":"https:\/\/dev2.mgvpublications.com\/produkt\/bitmeyen-kavga\/"},"modified":"2022-03-08T22:31:45","modified_gmt":"2022-03-08T21:31:45","slug":"bitmeyen-kavga","status":"publish","type":"product","link":"https:\/\/mgvpublications.com\/de\/bitmeyen-kavga\/","title":{"rendered":"Bitmeyen Kavga"},"content":{"rendered":"<p>\u00c7evirmen:\tG\u00fcn Zileli<br \/>\nYay\u0131n Tarihi\t2019-03-12<br \/>\nISBN\t9755707648<br \/>\nBask\u0131 Say\u0131s\u0131\t7. Bask\u0131<br \/>\nDil\tT\u00dcRK\u00c7E<br \/>\nSayfa Say\u0131s\u0131\t316<br \/>\nCilt Tipi\tKarton Kapak<br \/>\nKa\u011f\u0131t Cinsi\tKitap Ka\u011f\u0131d\u0131<br \/>\nBoyut\t13.5 x 19.5 cm<\/p>","protected":false},"excerpt":{"rendered":"<p>Eserlerinde i\u015f\u00e7i s\u0131n\u0131f\u0131n\u0131n g\u00fcndelik ili\u015fkilerini, ya\u015fam ko\u015fullar\u0131 ve m\u00fccadelelerini, \u00e7a\u011f\u0131m\u0131z\u0131n toplumsal meselelerini t\u00fcm insani ayr\u0131nt\u0131lar\u0131yla resmederek hakl\u0131 \u00fcn\u00fcne kavu\u015fmu\u015f olan John Steinbeck, b\u00fcy\u00fck roman\u0131 Bitmeyen Kavga\u2019da destans\u0131 bir direni\u015fi konu al\u0131yor.<br \/>\nSon derece zor ko\u015fullarda ya\u015fayan ve ald\u0131klar\u0131 \u00fccretle kar\u0131nlar\u0131n\u0131 bile doyuramayan meyve toplay\u0131c\u0131lar\u0131 \u00f6rg\u00fctlenerek ellerindeki yeg\u00e2ne silah olan greve ba\u015fvururlar. Kapitalist toprak sahipleri ise m\u00fccadelenin yay\u0131lmas\u0131n\u0131 engellemekte kararl\u0131d\u0131r. \u00c7ok g\u00fc\u00e7l\u00fc ve kendilerinden emindirler, i\u015f\u00e7ilerin \u00f6rg\u00fctlenmesini yeri gelirse kanla, yeri gelirse grev liderlerini sat\u0131n alarak y\u0131kmaya haz\u0131rd\u0131rlar, fakat hesaba katmad\u0131klar\u0131 bir unsur vard\u0131r.<br \/>\n\u0130nsanl\u0131\u011f\u0131n bitmeyen kavgas\u0131n\u0131 t\u00fcm ger\u00e7ekli\u011fiyle resmederek bir destana d\u00f6n\u00fc\u015ft\u00fcren Steinbeck, kapitalist d\u00fczenin dayanaklar\u0131n\u0131 derinden sarsan, ku\u015faklar boyunca ba\u015fkald\u0131ranlara esin kayna\u011f\u0131 olan bir roman yarat\u0131rken m\u00fccadelenin a\u00e7mazlar\u0131n\u0131 da sergilemekten geri durmuyor.<\/p>","protected":false},"featured_media":9580,"template":"","meta":{"spay_email":""},"product_cat":[167,168],"product_tag":[],"item":[478],"acf":[],"_links":{"self":[{"href":"https:\/\/mgvpublications.com\/de\/wp-json\/wp\/v2\/product\/9579"}],"collection":[{"href":"https:\/\/mgvpublications.com\/de\/wp-json\/wp\/v2\/product"}],"about":[{"href":"https:\/\/mgvpublications.com\/de\/wp-json\/wp\/v2\/types\/product"}],"wp:featuredmedia":[{"embeddable":true,"href":"https:\/\/mgvpublications.com\/de\/wp-json\/wp\/v2\/media\/9580"}],"wp:attachment":[{"href":"https:\/\/mgvpublications.com\/de\/wp-json\/wp\/v2\/media?parent=9579"}],"wp:term":[{"taxonomy":"product_cat","embeddable":true,"href":"https:\/\/mgvpublications.com\/de\/wp-json\/wp\/v2\/product_cat?post=9579"},{"taxonomy":"product_tag","embeddable":true,"href":"https:\/\/mgvpublications.com\/de\/wp-json\/wp\/v2\/product_tag?post=9579"},{"taxonomy":"item","embeddable":true,"href":"https:\/\/mgvpublications.com\/de\/wp-json\/wp\/v2\/item?post=9579"}],"curies":[{"name":"wp","href":"https:\/\/api.w.org\/{rel}","templated":true}]}}