{"id":9574,"date":"2019-09-13T17:54:01","date_gmt":"2019-09-13T15:54:01","guid":{"rendered":"https:\/\/dev2.mgvpublications.com\/produkt\/tuerkiyenin-yakin-tarihi\/"},"modified":"2022-03-08T22:31:45","modified_gmt":"2022-03-08T21:31:45","slug":"tuerkiyenin-yakin-tarihi","status":"publish","type":"product","link":"https:\/\/mgvpublications.com\/de\/tuerkiyenin-yakin-tarihi\/","title":{"rendered":"T\u00fcrkiye&#8217;nin Yak\u0131n Tarihi"},"content":{"rendered":"<p>Yay\u0131n Tarihi\t2017-06-22<br \/>\nISBN\t6051143163<br \/>\nBask\u0131 Say\u0131s\u0131\t28. Bask\u0131<br \/>\nDil\tT\u00dcRK\u00c7E<br \/>\nSayfa Say\u0131s\u0131\t240<br \/>\nCilt Tipi\tKarton Kapak<br \/>\nKa\u011f\u0131t Cinsi\tKitap Ka\u011f\u0131d\u0131<br \/>\nBoyut\t13.5 x 21 cm<\/p>","protected":false},"excerpt":{"rendered":"<p>&#8220;Osmanl\u0131 \u0130mparatorlu\u011fu g\u00fcr\u00fclt\u00fcyle ve aniden ortadan kalkt\u0131. B\u00fcy\u00fck imparatorluklar artlar\u0131nda \u00fc\u00e7-be\u015f y\u0131ll\u0131k de\u011fil, y\u00fcz y\u0131ll\u0131k sanc\u0131lar b\u0131rak\u0131r.&#8221;<\/p>\n<p>&#8220;\u0130ttihat\u00e7\u0131lar vatanseverdi, bu onlar\u0131n hem g\u00fcc\u00fcyd\u00fc, hem de hatalar\u0131n\u0131n bir nedeni&#8230;&#8221;<\/p>\n<p>&#8220;T\u00fcrk toplumu yery\u00fcz\u00fc tarihinin en b\u00fcy\u00fck devrimini ya\u015fayan yerk\u00fcrenin devlerine kar\u015f\u0131 varl\u0131k m\u00fccadelesi vermi\u015ftir.&#8221;<\/p>\n<p>&#8220;1924 Anayasas\u0131 hem bizim tarihimiz hem de yak\u0131n tarih i\u00e7in Balkanlar D\u00fcnya Sava\u015f\u0131&#8217;ndaki a\u011f\u0131r hatalar ve bo\u015f \u00f6zlemler sebebiyle, \u0130kinci D\u00fcnya Sava\u015f\u0131&#8217;na ihtiyatla yakla\u015f\u0131lm\u0131\u015ft\u0131.&#8221;<\/p>\n<p>&#8220;6-7 Eyl\u00fcl olaylar\u0131, Varl\u0131k Vergisi ile birlikte yak\u0131n tarihin en b\u00fcy\u00fck sorun \u00e7\u0131karan iki tertibidir. Tertiplerin ak\u0131\u015f\u0131na sorumlular bile hakim olamam\u0131\u015ft\u0131r.&#8221;<\/p>\n<p>&#8220;Yass\u0131ada duru\u015fmalar\u0131 hi\u00e7bir hukuk\u00e7unun onaylayamayaca\u011f\u0131 bi\u00e7imdeydi.&#8221;<\/p>\n<p>&#8220;T\u00fcrkiye anayasalar\u0131 boyuna yenileniyor. Yenilenmeyen politikan\u0131n \u00f6rg\u00fctlenme bi\u00e7imi ve e\u011fitimidir.&#8221;<\/p>\n<p>***<\/p>\n<p>T\u00fcrkiye&#8217;nin \u00f6nde gelen tarih\u00e7ilerinden \u0130lber Ortayl\u0131 T\u00fcrkiye&#8217;nin g\u00fcndeminden d\u00fc\u015fmeyen anayasa tarihimizden se\u00e7imlere, Birinci D\u00fcnya Sava\u015f\u0131&#8217;n\u0131n ac\u0131 sonu\u00e7lar\u0131ndan \u0130kinci D\u00fcnya Sava\u015f\u0131&#8217;ndaki denge politikas\u0131na, Enver Pa\u015fa&#8217;n\u0131n komutanl\u0131\u011f\u0131ndan \u0130smet \u0130n\u00f6n\u00fc-Adnan Menderes \u00e7at\u0131\u015fmas\u0131na, kom\u015fu \u00fclkeler Irak, Suriye, \u0130ran ili\u015fkilerinden Abd, Rusya ve Avrupa Birli\u011fi politikas\u0131na, askeri darbelerden e\u011fitim sistemimize kadar bir\u00e7ok konuda yak\u0131n tarihimizin d\u00f6n\u00fcm noktalar\u0131n\u0131 farkl\u0131 bir bak\u0131\u015f a\u00e7\u0131s\u0131yla ve s\u0131ra d\u0131\u015f\u0131 analizleriyle ele al\u0131yor.<\/p>\n<p>T\u00fcrkiye&#8217;nin Yak\u0131n Tarihi 20.y\u00fczy\u0131lda T\u00fcrkiye&#8217;nin ge\u00e7irdi\u011fi de\u011fi\u015fimin arka plan\u0131n\u0131 merak eden okurlar i\u00e7in ka\u00e7\u0131r\u0131lmamas\u0131 gereken bir kitap.<\/p>","protected":false},"featured_media":9575,"template":"","meta":{"spay_email":""},"product_cat":[170],"product_tag":[],"item":[360],"acf":[],"_links":{"self":[{"href":"https:\/\/mgvpublications.com\/de\/wp-json\/wp\/v2\/product\/9574"}],"collection":[{"href":"https:\/\/mgvpublications.com\/de\/wp-json\/wp\/v2\/product"}],"about":[{"href":"https:\/\/mgvpublications.com\/de\/wp-json\/wp\/v2\/types\/product"}],"wp:featuredmedia":[{"embeddable":true,"href":"https:\/\/mgvpublications.com\/de\/wp-json\/wp\/v2\/media\/9575"}],"wp:attachment":[{"href":"https:\/\/mgvpublications.com\/de\/wp-json\/wp\/v2\/media?parent=9574"}],"wp:term":[{"taxonomy":"product_cat","embeddable":true,"href":"https:\/\/mgvpublications.com\/de\/wp-json\/wp\/v2\/product_cat?post=9574"},{"taxonomy":"product_tag","embeddable":true,"href":"https:\/\/mgvpublications.com\/de\/wp-json\/wp\/v2\/product_tag?post=9574"},{"taxonomy":"item","embeddable":true,"href":"https:\/\/mgvpublications.com\/de\/wp-json\/wp\/v2\/item?post=9574"}],"curies":[{"name":"wp","href":"https:\/\/api.w.org\/{rel}","templated":true}]}}