{"id":9570,"date":"2019-09-13T17:49:16","date_gmt":"2019-09-13T15:49:16","guid":{"rendered":"https:\/\/dev2.mgvpublications.com\/produkt\/yakin-tarihin-gercekleri-osmanlinin-coekuesuenden-kuellerinden-dogan-cumhuriyete\/"},"modified":"2022-03-08T22:31:45","modified_gmt":"2022-03-08T21:31:45","slug":"yakin-tarihin-gercekleri-osmanlinin-coekuesuenden-kuellerinden-dogan-cumhuriyete","status":"publish","type":"product","link":"https:\/\/mgvpublications.com\/de\/yakin-tarihin-gercekleri-osmanlinin-coekuesuenden-kuellerinden-dogan-cumhuriyete\/","title":{"rendered":"Yak\u0131n Tarihin Ger\u00e7ekleri Osmanl\u0131&#8217;n\u0131n \u00c7\u00f6k\u00fc\u015f\u00fcnden K\u00fcllerinden Do\u011fan Cumhuriyet&#8217;e"},"content":{"rendered":"<p>Yay\u0131n Tarihi\t2019-04-09<br \/>\nISBN\t6050801606<br \/>\nBask\u0131 Say\u0131s\u0131\t19. Bask\u0131<br \/>\nDil\tT\u00dcRK\u00c7E<br \/>\nSayfa Say\u0131s\u0131\t256<br \/>\nCilt Tipi\tKarton Kapak<br \/>\nKa\u011f\u0131t Cinsi\tKitap Ka\u011f\u0131d\u0131<br \/>\nBoyut\t13.5 x 21 cm<\/p>","protected":false},"excerpt":{"rendered":"<p>&#8220;Trablusgarp Sava\u015f\u0131&#8217;nda T\u00fcrk komutanlar etraf\u0131 \u015fa\u015f\u0131rtacak derecede etkin \u00f6rg\u00fct\u00e7\u00fc, e\u011fitimci ve her \u015fart alt\u0131nda sava\u015f\u00e7\u0131 olduklar\u0131n\u0131 g\u00f6sterdiler.&#8221;<\/p>\n<p>&#8220;Balkan Sava\u015flar\u0131&#8217;ndaki yenilgi; \u0130ngiltere ve Fransa\u2019da T\u00fcrk sava\u015f g\u00fcc\u00fc hakk\u0131nda yanl\u0131\u015f de\u011ferlendirmelere neden oldu. Bu yan\u0131lg\u0131ya T\u00fcrkleri iyi tan\u0131yan Almanya ve Avusturya kurmaylar\u0131 d\u00fc\u015fmedi.&#8221;<\/p>\n<p>&#8220;I. D\u00fcnya Sava\u015f\u0131&#8217;ndan sonra T\u00fcrk toplumu kaosu ve yeni bir d\u00fcnya sava\u015f\u0131n\u0131 de\u011fil, Milli M\u00fccadele&#8217;yi tercih etmi\u015ftir.&#8221;<\/p>\n<p>&#8220;Osmanl\u0131 \u0130mparatorlu\u011fu, milliyet\u00e7i ak\u0131mlar sayesinde da\u011f\u0131lan tek imparatorluk de\u011fildi; fakat ne Rusya, ne de Avusturya-Macaristan\u2019da ulusalc\u0131 ak\u0131mlar bu derecede aktif ve silahl\u0131 eyleme d\u00f6n\u00fc\u015fm\u00fc\u015ft\u00fc.&#8221;<\/p>\n<p>&#8220;\u0130ttihat\u00e7\u0131lar milliyetperver ve b\u00fcy\u00fck ideallere sahiplerdi ama kendilerini de\u011ferlendiremeyen bir ekip olmalar\u0131 onlar\u0131 ba\u015far\u0131s\u0131zl\u0131\u011fa s\u00fcr\u00fckledi.&#8221;<\/p>\n<p>&#8220;Tarih okumayan ve bilmeyen adam kendine g\u00f6re bir s\u0131n\u0131r \u00e7iziyor. Mesela kolayl\u0131kla &#8216;Osmanl\u0131\u2019n\u0131n bizimle ne alakas\u0131 var?&#8217; diyor. Bu \u00e7ok vahim bir durum!&#8221;<\/p>\n<p>&#8220;1918 y\u0131l\u0131nda, m\u00fctarekenin en hazin vaktinde, millet her yerde direniyordu. Ama bu direni\u015flerin aras\u0131nda koordinasyon yoktu. O e\u015fg\u00fcd\u00fcm\u00fc hangi politik deha sa\u011flayacakt\u0131? Ancak arkas\u0131nda asker\u00ee bir ba\u015far\u0131 ve m\u00fcspet intibalar\u0131 olan bir komutan\u2026 Mustafa Kemal Atat\u00fcrk&#8230;&#8221;<\/p>\n<p>&#8220;1967\u2019de bindi\u011fimiz trendeki ihtiyar Araplar \u2018Ah nerede o Osmanl\u0131!\u2019 diye yak\u0131n\u0131yorlard\u0131. Cevab\u0131 d\u00fc\u015f\u00fcnd\u00fcr\u00fcc\u00fcd\u00fcr. Acaba o Osmanl\u0131\u2019y\u0131 kim kovalad\u0131, bizimle beraber mi kovaland\u0131; bilemiyoruz.&#8221;<\/p>\n<p>T\u00fcrkiye&#8217;nin \u00f6nde gelen tarih\u00e7ilerinden \u0130lber Ortayl\u0131 okurlar\u0131yla yak\u0131n tarihin tart\u0131\u015fmal\u0131 konular\u0131n\u0131 ele al\u0131yor: Balkanlarda \u0130syanlar, \u0130ttihat ve Terakki Partisi, Son Padi\u015fah Vahideddin ve Osmanl\u0131&#8217;n\u0131n Son G\u00fcnleri, Mustafa Kemal Atat\u00fcrk ve Cumhuriyet&#8217;in ilk Dev At\u0131l\u0131mlar\u0131, Anayasalar, Se\u00e7imler, Tek Parti Devri ve \u0130kinci D\u00fcnya Y\u0131llar\u0131\u2026 Ortado\u011fu&#8217;nun Tarihi, Krall\u0131klar\u0131n Y\u00fckseli\u015fi ve \u00c7\u00f6k\u00fc\u015f\u00fc, Bask\u0131c\u0131 Liderler ve O\u011fullar\u0131, Kanayan Yara Filistin&#8217;in Ge\u00e7mi\u015fi ve Gelece\u011fine Dair Yorumlar&#8230; \u0130stanbul&#8217;un Tarihi ve Kimli\u011fi, Sahipsiz \u0130stanbul, K\u00fclt\u00fcrel Miraslar\u0131n Gelece\u011fi&#8230;<\/p>\n<p>YAKIN TAR\u0130H\u0130N GER\u00c7EKLER\u0130, 19 ve 20. y\u00fczy\u0131la dair tart\u0131\u015f\u0131lan, g\u00fcndemden d\u00fc\u015fmeyen konulara dair \u0130lber Ortayl\u0131&#8217;n\u0131n g\u00f6r\u00fc\u015flerini merak edenler i\u00e7in mutlaka okunmas\u0131 gereken bir kitap&#8230;<\/p>","protected":false},"featured_media":9571,"template":"","meta":{"spay_email":""},"product_cat":[170],"product_tag":[],"item":[360],"acf":[],"_links":{"self":[{"href":"https:\/\/mgvpublications.com\/de\/wp-json\/wp\/v2\/product\/9570"}],"collection":[{"href":"https:\/\/mgvpublications.com\/de\/wp-json\/wp\/v2\/product"}],"about":[{"href":"https:\/\/mgvpublications.com\/de\/wp-json\/wp\/v2\/types\/product"}],"wp:featuredmedia":[{"embeddable":true,"href":"https:\/\/mgvpublications.com\/de\/wp-json\/wp\/v2\/media\/9571"}],"wp:attachment":[{"href":"https:\/\/mgvpublications.com\/de\/wp-json\/wp\/v2\/media?parent=9570"}],"wp:term":[{"taxonomy":"product_cat","embeddable":true,"href":"https:\/\/mgvpublications.com\/de\/wp-json\/wp\/v2\/product_cat?post=9570"},{"taxonomy":"product_tag","embeddable":true,"href":"https:\/\/mgvpublications.com\/de\/wp-json\/wp\/v2\/product_tag?post=9570"},{"taxonomy":"item","embeddable":true,"href":"https:\/\/mgvpublications.com\/de\/wp-json\/wp\/v2\/item?post=9570"}],"curies":[{"name":"wp","href":"https:\/\/api.w.org\/{rel}","templated":true}]}}