{"id":9565,"date":"2019-09-13T17:40:26","date_gmt":"2019-09-13T15:40:26","guid":{"rendered":"https:\/\/dev2.mgvpublications.com\/produkt\/tarih-sohbetleri\/"},"modified":"2022-03-08T22:31:45","modified_gmt":"2022-03-08T21:31:45","slug":"tarih-sohbetleri","status":"publish","type":"product","link":"https:\/\/mgvpublications.com\/de\/tarih-sohbetleri\/","title":{"rendered":"Tarih Sohbetleri"},"content":{"rendered":"<p>Yay\u0131n Tarihi\t2018-06-01<br \/>\nISBN\t9759963156<br \/>\nBask\u0131 Say\u0131s\u0131\t6. Bask\u0131<br \/>\nDil\tT\u00dcRK\u00c7E<br \/>\nSayfa Say\u0131s\u0131\t192<br \/>\nCilt Tipi\tKarton Kapak<br \/>\nKa\u011f\u0131t Cinsi\tKitap Ka\u011f\u0131d\u0131<br \/>\nBoyut\t13.5 x 21 cm<\/p>","protected":false},"excerpt":{"rendered":"<p>T\u00fcrkiye tarihinin teknik olarak yaz\u0131m\u0131n\u0131, birtak\u0131m tezlerin teknik tenkidini yapanlar ecnebiler, yani tarih e\u011fitimlerini, tarihe bak\u0131\u015f al\u0131\u015fkanl\u0131klar\u0131n\u0131 tamam\u0131yla bu \u00e7evrenin d\u0131\u015f\u0131nda edinmi\u015f insanlar. Bu konunun \u00fczerinde durulmas\u0131 gerekiyor.\u201d<\/p>\n<p>\u201cT\u00fcrkiye&#8217;de, Diyanet \u0130\u015fleri Ba\u015fkanl\u0131\u011f\u0131 h\u00fck\u00fcmet b\u00fcnyesinin d\u0131\u015f\u0131na \u00e7\u0131kar\u0131lamaz, bu m\u00fcmk\u00fcn de\u011fildir; zaten dinen caiz de\u011fildir. Dinen caiz olmad\u0131\u011f\u0131 gibi, pozitivist ve m\u00fcspet d\u00fcnya g\u00f6r\u00fc\u015f\u00fcyle de m\u00fcmk\u00fcn de\u011fildir.\u201d<\/p>\n<p>\u201cE\u011fitimi ve n\u00fcfusu gerileyen, sanayile\u015fmesi \u00e7\u00f6z\u00fclen, b\u00fct\u00e7e k\u0131s\u0131nt\u0131lar\u0131yla bo\u011fu\u015fan Avrupa 19. y\u00fczy\u0131ldaki be\u015feriyet tarihi alan\u0131ndaki \u00fcst\u00fcnl\u00fc\u011f\u00fcn\u00fc 20. y\u00fczy\u0131lda muhafaza edememi\u015ftir ve bu y\u00fczy\u0131la da yorgun ve ya\u015fl\u0131 girmi\u015ftir. T\u00fcrkiye ise bilhassa y\u00fcksek tahsilde k\u0131smen Amerikan y\u00f6ntemlerini takip etti ve bu y\u00f6ntemler de yararl\u0131 oldu.\u201d<\/p>\n<p>\u201cA\u00e7\u0131k\u00e7as\u0131 bir Cumhuriyet tipi yaratamad\u0131k; yani Cumhuriyet kendi adam\u0131n\u0131 yeti\u015ftirememi\u015ftir. Atat\u00fcrk baz\u0131 \u00f6rnekler ortaya koydu ama arkadan gelenler bunu s\u00fcrd\u00fcremedi. Kendine Cumhuriyet\u00e7i diyenler de dahil olmak \u00fczere Cumhuriyet tipi in\u015fa edilemedi ve elbette bu maarifle\u015fmeyle ilgili bir meseleydi.\u201d<\/p>\n<p>\u201cBizim gibi \u00fclkelerde hi\u00e7bir zaman ekstrem ak\u0131mlar\u0131n taraftar bulmas\u0131 ve idareyi ele ge\u00e7iren insanlar\u0131n bile u\u00e7 hareketler g\u00f6stermesi m\u00fcmk\u00fcn de\u011fil. Konsens\u00fcs i\u00e7inde olmak zorunda. Ayr\u0131ca bakmak laz\u0131m, bu memleketin fundamentalist insanlar\u0131 \u0130ran&#8217;daki gibi bir z\u00fcmre yeti\u015ftirmi\u015fler mi diye. Cumhuriyet, laik oldu\u011funu s\u00f6yl\u00fcyor, tabii \u0130slam dininde kurum olarak laiklik olmaz. Ama koymu\u015f ve bunu tatbik etmi\u015f.\u201d<\/p>\n<p>\u201cBir kent k\u00fclt\u00fcr\u00fcm\u00fcz var. Mesela \u0130stanbul, m\u00fcthi\u015f bir at\u0131l\u0131m yapt\u0131, ama \u0130zmir altyap\u0131s\u0131 olmas\u0131na ra\u011fmen o derece e\u011filim g\u00f6steremedi, \u00e7\u00fcnk\u00fc iktisaden de geli\u015femiyor. Ankara, maalesef b\u00fct\u00fcn s\u00fcbvansiyon ve a\u015f\u0131lamalara ra\u011fmen a\u015f\u0131 tutmad\u0131.\u201d<\/p>","protected":false},"featured_media":9566,"template":"","meta":{"spay_email":""},"product_cat":[170],"product_tag":[],"item":[354],"acf":[],"_links":{"self":[{"href":"https:\/\/mgvpublications.com\/de\/wp-json\/wp\/v2\/product\/9565"}],"collection":[{"href":"https:\/\/mgvpublications.com\/de\/wp-json\/wp\/v2\/product"}],"about":[{"href":"https:\/\/mgvpublications.com\/de\/wp-json\/wp\/v2\/types\/product"}],"wp:featuredmedia":[{"embeddable":true,"href":"https:\/\/mgvpublications.com\/de\/wp-json\/wp\/v2\/media\/9566"}],"wp:attachment":[{"href":"https:\/\/mgvpublications.com\/de\/wp-json\/wp\/v2\/media?parent=9565"}],"wp:term":[{"taxonomy":"product_cat","embeddable":true,"href":"https:\/\/mgvpublications.com\/de\/wp-json\/wp\/v2\/product_cat?post=9565"},{"taxonomy":"product_tag","embeddable":true,"href":"https:\/\/mgvpublications.com\/de\/wp-json\/wp\/v2\/product_tag?post=9565"},{"taxonomy":"item","embeddable":true,"href":"https:\/\/mgvpublications.com\/de\/wp-json\/wp\/v2\/item?post=9565"}],"curies":[{"name":"wp","href":"https:\/\/api.w.org\/{rel}","templated":true}]}}