{"id":9556,"date":"2019-09-13T17:19:56","date_gmt":"2019-09-13T15:19:56","guid":{"rendered":"https:\/\/dev2.mgvpublications.com\/produkt\/mesnevi-terapi\/"},"modified":"2022-04-08T06:20:45","modified_gmt":"2022-04-08T04:20:45","slug":"mesnevi-terapi","status":"publish","type":"product","link":"https:\/\/mgvpublications.com\/de\/mesnevi-terapi\/","title":{"rendered":"Mesnevi Terapi"},"content":{"rendered":"<p>Yay\u0131n Tarihi: 20.12.2019<br \/>ISBN: 9786050802719<br \/>Dil: T\u00dcRK\u00c7E<br \/>Sayfa Say\u0131s\u0131: 240<br \/>Cilt Tipi: Karton Kapak<br \/>Ka\u011f\u0131t Cinsi: Kitap Ka\u011f\u0131d\u0131<br \/>Boyut: 13.5 x 21 cm<\/p>","protected":false},"excerpt":{"rendered":"<p>\u201cBilgi \u00e7a\u011f\u0131n\u0131 bilgelik \u00e7a\u011f\u0131na d\u00f6n\u00fc\u015ft\u00fcr\u00fcrken yol g\u00f6stericimiz Mevlana olacakt\u0131r. \u00c7\u00fcnk\u00fc o ruhsal yap\u0131m\u0131zdaki \u015fifrelere dokunuyor, bizde var olan duyarl\u0131l\u0131\u011f\u0131 harekete ge\u00e7iriyor.\u201d Prof. Dr. Nevzat Tarhan \u0130nsanl\u0131k Mevlana\u2019y\u0131 yeniden ke\u015ffediyor. \u00c7\u00fcnk\u00fc onun \u00f6\u011fretisi ya\u015fad\u0131\u011f\u0131 zamana hapsedilemeyecek kadar evrensel. \u00c7\u00fcnk\u00fc hepimizin ondan \u00f6\u011frenece\u011fi \u00e7ok \u015fey var. Prof. Dr. Nevzat Tarhan buradan bakarak, Mesnevi\u2019nin \u00e7a\u011flar\u0131 a\u015fan bilgeli\u011finin ruha nas\u0131l \u015fifa olabilece\u011fini anlat\u0131yor. Tarhan, Mesnevi Terapi\u2019de Mevlana\u2019y\u0131 g\u00fcnl\u00fck hayatta bize yol g\u00f6sterecek bir rehber olarak tan\u0131mam\u0131z gerekti\u011fini anlat\u0131yor. \u0130\u00e7imizdeki hakikati g\u00f6rmemizi, fark\u0131ndal\u0131\u011f\u0131m\u0131z\u0131 art\u0131rmam\u0131z\u0131 sa\u011flayacak \u00f6nerilerle, Mesnevi\u2019yi modern psikoloji taraf\u0131ndan da kabul g\u00f6ren bir anlay\u0131\u015fla kalbe ve ruha \u015fifa veren bir eser olarak okutuyor. Ve Mevlana\u2019dan ilhamla \u015f\u00f6yle diyor: \u201c\u0130nsan\u0131n g\u00f6z\u00fc k\u00f6rd\u00fcr \u0131\u015f\u0131k olmad\u0131k\u00e7a, A\u015fk\u0131n g\u00f6z\u00fc k\u00f6rd\u00fcr ger\u00e7ekler olmad\u0131k\u00e7a, Akl\u0131n g\u00f6z\u00fc k\u00f6rd\u00fcr ahlak olmad\u0131k\u00e7a, H\u0131rs\u0131n g\u00f6z\u00fc k\u00f6rd\u00fcr terazi olmad\u0131k\u00e7a, \u015e\u00f6hretin g\u00f6z\u00fc k\u00f6rd\u00fcr tevazu olmad\u0131k\u00e7a, G\u00fcc\u00fcn g\u00f6z\u00fc k\u00f6rd\u00fcr erdem olmad\u0131k\u00e7a, Paran\u0131n g\u00f6z\u00fc k\u00f6rd\u00fcr insaf olmad\u0131k\u00e7a, Menfaatin g\u00f6z\u00fc k\u00f6rd\u00fcr empati olmad\u0131k\u00e7a, Adaletin g\u00f6z\u00fc k\u00f6rd\u00fcr hakkaniyet olmad\u0131k\u00e7a, Tabibin g\u00f6z\u00fc k\u00f6rd\u00fcr t\u0131p eti\u011fi olmad\u0131k\u00e7a, Medeniyetin g\u00f6z\u00fc k\u00f6rd\u00fcr bilgelik olmad\u0131k\u00e7a&#8230;\u201d<\/p>","protected":false},"featured_media":23184,"template":"","meta":{"spay_email":""},"product_cat":[175],"product_tag":[],"item":[360],"acf":[],"_links":{"self":[{"href":"https:\/\/mgvpublications.com\/de\/wp-json\/wp\/v2\/product\/9556"}],"collection":[{"href":"https:\/\/mgvpublications.com\/de\/wp-json\/wp\/v2\/product"}],"about":[{"href":"https:\/\/mgvpublications.com\/de\/wp-json\/wp\/v2\/types\/product"}],"wp:featuredmedia":[{"embeddable":true,"href":"https:\/\/mgvpublications.com\/de\/wp-json\/wp\/v2\/media\/23184"}],"wp:attachment":[{"href":"https:\/\/mgvpublications.com\/de\/wp-json\/wp\/v2\/media?parent=9556"}],"wp:term":[{"taxonomy":"product_cat","embeddable":true,"href":"https:\/\/mgvpublications.com\/de\/wp-json\/wp\/v2\/product_cat?post=9556"},{"taxonomy":"product_tag","embeddable":true,"href":"https:\/\/mgvpublications.com\/de\/wp-json\/wp\/v2\/product_tag?post=9556"},{"taxonomy":"item","embeddable":true,"href":"https:\/\/mgvpublications.com\/de\/wp-json\/wp\/v2\/item?post=9556"}],"curies":[{"name":"wp","href":"https:\/\/api.w.org\/{rel}","templated":true}]}}