{"id":9554,"date":"2019-09-13T17:17:34","date_gmt":"2019-09-13T15:17:34","guid":{"rendered":"https:\/\/dev2.mgvpublications.com\/produkt\/kendinizle-barisik-olmak-duygularin-egitimi\/"},"modified":"2022-04-08T06:24:14","modified_gmt":"2022-04-08T04:24:14","slug":"kendinizle-barisik-olmak-duygularin-egitimi","status":"publish","type":"product","link":"https:\/\/mgvpublications.com\/de\/kendinizle-barisik-olmak-duygularin-egitimi\/","title":{"rendered":"Kendinizle Bar\u0131\u015f\u0131k Olmak: Duygular\u0131n E\u011fitimi"},"content":{"rendered":"<p>Yay\u0131n Tarihi: 22.02.2020<br \/>ISBN: 9789752631038<br \/>Dil: T\u00dcRK\u00c7E<br \/>Sayfa Say\u0131s\u0131: 192<br \/>Cilt Tipi: Karton Kapak<br \/>Ka\u011f\u0131t Cinsi: Kitap Ka\u011f\u0131d\u0131<br \/>Boyut: 13.5 x 21 cm<\/p>","protected":false},"excerpt":{"rendered":"<p>Ruh sa\u011fl\u0131\u011f\u0131n\u0131 koruman\u0131n yolu, insan\u0131n kendisiyle ve \u00e7evresiyle bar\u0131\u015f\u0131k olmas\u0131ndan ge\u00e7er. Kendimizle bar\u0131\u015fmak; duygular\u0131m\u0131z\u0131 denetim alt\u0131na almay\u0131 ba\u015farmak ve hayat\u0131m\u0131z\u0131 ama\u00e7lar\u0131m\u0131z do\u011frultusunda y\u00f6nlendirebilmek demektir. Bunun i\u00e7in duygular\u0131m\u0131z\u0131 e\u011fitmeyi \u00f6\u011frenmemiz gerekir. \u00c7\u00fcnk\u00fc duygular\u0131m\u0131z\u0131 y\u00f6netebilmek bizim elimizdedir. Profes\u00f6r Doktor Nevzat Tarhan, &#8220;Kendinizle Bar\u0131\u015f\u0131k Olmak&#8221;ta t\u0131bb\u0131n ve psikoloji biliminin verileriyle, kendinizle ve \u00e7evrenizle uyum i\u00e7inde bir ya\u015fama kavu\u015fman\u0131n ipu\u00e7lar\u0131n\u0131 veriyor.<\/p>","protected":false},"featured_media":23255,"template":"","meta":{"spay_email":""},"product_cat":[175],"product_tag":[],"item":[360],"acf":[],"_links":{"self":[{"href":"https:\/\/mgvpublications.com\/de\/wp-json\/wp\/v2\/product\/9554"}],"collection":[{"href":"https:\/\/mgvpublications.com\/de\/wp-json\/wp\/v2\/product"}],"about":[{"href":"https:\/\/mgvpublications.com\/de\/wp-json\/wp\/v2\/types\/product"}],"wp:featuredmedia":[{"embeddable":true,"href":"https:\/\/mgvpublications.com\/de\/wp-json\/wp\/v2\/media\/23255"}],"wp:attachment":[{"href":"https:\/\/mgvpublications.com\/de\/wp-json\/wp\/v2\/media?parent=9554"}],"wp:term":[{"taxonomy":"product_cat","embeddable":true,"href":"https:\/\/mgvpublications.com\/de\/wp-json\/wp\/v2\/product_cat?post=9554"},{"taxonomy":"product_tag","embeddable":true,"href":"https:\/\/mgvpublications.com\/de\/wp-json\/wp\/v2\/product_tag?post=9554"},{"taxonomy":"item","embeddable":true,"href":"https:\/\/mgvpublications.com\/de\/wp-json\/wp\/v2\/item?post=9554"}],"curies":[{"name":"wp","href":"https:\/\/api.w.org\/{rel}","templated":true}]}}