{"id":9552,"date":"2020-12-02T15:41:06","date_gmt":"2020-12-02T14:41:06","guid":{"rendered":"https:\/\/dev2.mgvpublications.com\/produkt\/mutluluk-psikolojisi-ve-stresle-basa-cikma\/"},"modified":"2022-04-08T06:20:57","modified_gmt":"2022-04-08T04:20:57","slug":"mutluluk-psikolojisi-ve-stresle-basa-cikma","status":"publish","type":"product","link":"https:\/\/mgvpublications.com\/de\/mutluluk-psikolojisi-ve-stresle-basa-cikma\/","title":{"rendered":"Mutluluk Psikolojisi ve Stresle Ba\u015fa \u00c7\u0131kma"},"content":{"rendered":"<p>Yay\u0131n Tarihi: 12.08.2021<br \/>ISBN: 9786050823837<br \/>Dil: T\u00dcRK\u00c7E<br \/>Sayfa Say\u0131s\u0131: 184<br \/>Cilt Tipi: Karton Kapak<br \/>Ka\u011f\u0131t Cinsi: Kitap Ka\u011f\u0131d\u0131<br \/>Boyut: 13.5 x 19.5 cm<\/p>","protected":false},"excerpt":{"rendered":"<p>\u0130nsan bedensel ve ruhsal olarak her an d\u0131\u015far\u0131dan gelecek etkilere a\u00e7\u0131kt\u0131r. Hatta baz\u0131 durumlarda ruhsal halini t\u00fcm\u00fcyle bu uyaranlar belirleyebilir. \u00c7\u00fcnk\u00fc her bir etki ve uyaran, insan\u0131n bedensel ve ruhsal dengesini, d\u00fczenini, uyumunu etkiler. \u0130nsan\u0131n i\u00e7indeki mekanizma, bilin\u00e7li ya da bilin\u00e7siz olarak bu dengeyi koruyan sistemler, dengeyi ve uyumu sa\u011flamak, s\u00fcrd\u00fcrmek i\u00e7in s\u00fcrekli \u00e7aba harcar. Bu \u00e7abalar\u0131n yetersiz kald\u0131\u011f\u0131 noktada da stres ortaya \u00e7\u0131kar. Prof. Dr. Nevzat Tarhan, Mutluluk Psikolojisi ve Stresle Ba\u015fa \u00c7\u0131kma adl\u0131 kitab\u0131yla hem insan\u0131n stresle olan ili\u015fkisine hem de stresi nas\u0131l mutlulu\u011fa d\u00f6n\u00fc\u015ft\u00fcrece\u011fimize odaklan\u0131yor. Bu m\u00fccadele esnas\u0131nda insan\u0131n kendi ki\u015fili\u011fini karakterini daha iyi tan\u0131mas\u0131 gerekti\u011fini vurgulayarak, asl\u0131nda t\u00fcm\u00fcyle bize \u00f6zg\u00fc bir m\u00fccadele yolu \u00e7izmi\u015f oluyor. Her \u015fey, \u00f6nce kendini de\u011fi\u015ftirmekle ba\u015fl\u0131yor. Stresin mutlulu\u011fa d\u00f6n\u00fc\u015febilece\u011fi her bir noktada bu kitab\u0131n rehberli\u011finden faydalanmak elinizde.<\/p>","protected":false},"featured_media":23188,"template":"","meta":{"spay_email":""},"product_cat":[175],"product_tag":[],"item":[360],"acf":[],"_links":{"self":[{"href":"https:\/\/mgvpublications.com\/de\/wp-json\/wp\/v2\/product\/9552"}],"collection":[{"href":"https:\/\/mgvpublications.com\/de\/wp-json\/wp\/v2\/product"}],"about":[{"href":"https:\/\/mgvpublications.com\/de\/wp-json\/wp\/v2\/types\/product"}],"wp:featuredmedia":[{"embeddable":true,"href":"https:\/\/mgvpublications.com\/de\/wp-json\/wp\/v2\/media\/23188"}],"wp:attachment":[{"href":"https:\/\/mgvpublications.com\/de\/wp-json\/wp\/v2\/media?parent=9552"}],"wp:term":[{"taxonomy":"product_cat","embeddable":true,"href":"https:\/\/mgvpublications.com\/de\/wp-json\/wp\/v2\/product_cat?post=9552"},{"taxonomy":"product_tag","embeddable":true,"href":"https:\/\/mgvpublications.com\/de\/wp-json\/wp\/v2\/product_tag?post=9552"},{"taxonomy":"item","embeddable":true,"href":"https:\/\/mgvpublications.com\/de\/wp-json\/wp\/v2\/item?post=9552"}],"curies":[{"name":"wp","href":"https:\/\/api.w.org\/{rel}","templated":true}]}}