{"id":9546,"date":"2020-12-02T15:41:00","date_gmt":"2020-12-02T14:41:00","guid":{"rendered":"https:\/\/dev2.mgvpublications.com\/produkt\/mutlu-evlilik-psikolojisi\/"},"modified":"2022-04-08T06:20:39","modified_gmt":"2022-04-08T04:20:39","slug":"mutlu-evlilik-psikolojisi","status":"publish","type":"product","link":"https:\/\/mgvpublications.com\/de\/mutlu-evlilik-psikolojisi\/","title":{"rendered":"Mutlu Evlilik Psikolojisi"},"content":{"rendered":"<p>Yay\u0131n Tarihi: 17.05.2019<br \/>ISBN: 9786050822915<br \/>Dil: T\u00dcRK\u00c7E<br \/>Sayfa Say\u0131s\u0131: 160<br \/>Cilt Tipi: Karton Kapak<br \/>Ka\u011f\u0131t Cinsi: Kitap Ka\u011f\u0131d\u0131<br \/>Boyut: 13.5 x 21 cm<\/p>","protected":false},"excerpt":{"rendered":"<p>Evlilik, \u00f6m\u00fcrl\u00fck bir yolculuktur. Bu uzun yolculukta, tahmin edilemeyecek kadar g\u00fczel anlar da ya\u015fan\u0131r, hesaba kat\u0131lmayan sorunlar da ba\u015f g\u00f6sterir. \u00d6nemli olan bir kere kanatland\u0131ktan sonra hep havada kalmay\u0131 ba\u015farabilmektir. Duyguyla mant\u0131\u011f\u0131, a\u015fkla arkada\u015fl\u0131\u011f\u0131 dengede tutabilen ki\u015filer, bu yolculukta menzile varabilirler. Prof. Dr. Nevzat Tarhan\u2019\u0131n A\u011fustos ay\u0131nda Tima\u015f Yay\u0131nlar\u0131\u2019ndan \u00e7\u0131kacak kitab\u0131 Evlilik Psikolojisi, hayat boyu s\u00fcrecek sa\u011fl\u0131kl\u0131 birlikteliklere, bir ba\u015fka deyi\u015fle bu uzun ve keyifli yolculu\u011fa rehberlik edecek nitelikte bir kitap. Tarhan, kitapta her y\u00f6n\u00fcyle evlili\u011fi anlat\u0131yor. Kitab\u0131n ba\u015f\u0131nda modern \u00e7a\u011fda evlilik hakk\u0131nda genel bir \u00e7er\u00e7eve sunan yazar, daha sonra evlilik \u00f6ncesi ve ni\u015fanl\u0131l\u0131k d\u00f6neminden ba\u015flayarak, t\u00fcm a\u015famalar\u0131yla evlilik s\u00fcrecini ele al\u0131yor. Evlilikte sevgi ve ileti\u015fimin \u00f6nemini ve mant\u0131k-duygu dengesini vurgulayan yazar, okuyucuya mutlu evlili\u011fin s\u0131rlar\u0131n\u0131 veriyor, ya\u015fam boyu s\u00fcrecek s\u0131hhatli evlilikler i\u00e7in yol g\u00f6steriyor. Evlilik Psikolojisi\u2019nde kad\u0131n\u0131n ve erke\u011fin farkl\u0131 psikolojik ihtiya\u00e7lar\u0131, e\u015fler aras\u0131 ileti\u015fimin p\u00fcf noktalar\u0131, k\u0131skan\u00e7l\u0131k, aldatma, bo\u015fanma gibi zor anlara \u00f6zel tavsiyeler, \u00e7ocuk sahibi olma karar\u0131n\u0131n zamanlamas\u0131, hamilelik ve lo\u011fusal\u0131k d\u00f6nemi gibi konularda pratik bilgiler veriliyor. Nedir \u015eu Evlilik Dedikleri? Nevzat Tarhan Evlilik Psikolojisi\u2019ni haz\u0131rlarken, hepimizin etraf\u0131nda g\u00f6rd\u00fc\u011f\u00fc evlilikleri, hayat\u0131n i\u00e7inden \u00f6rnekleri esas ald\u0131. Kitab\u0131n \u00e7\u0131k\u0131\u015f noktas\u0131n\u0131 da, Tarhan\u2019\u0131n okurlar\u0131n\u0131n ve takip\u00e7ilerinin y\u0131llard\u0131r kendisine y\u00f6nelttikleri sorular olu\u015fturdu. Tarhan, ayr\u0131ca bu kitap i\u00e7in &#8220;evlili\u011fe \u00f6zel duygusal zek\u00e2 testi&#8221; haz\u0131rlad\u0131. Evlilik Psikolojisi, Nevzat Tarhan\u2019\u0131n yal\u0131n ve rahat anla\u015f\u0131l\u0131r diliyle, evli \u00e7iftlerin ve e\u015f adaylar\u0131n\u0131n evlilik denildi\u011finde ak\u0131llar\u0131na tak\u0131lan t\u00fcm sorular\u0131n\u0131 yan\u0131tlayacak nitelikte. Kitaptan se\u00e7ilmi\u015f baz\u0131 sorular: Kad\u0131nlar\u0131n ve erkeklerin evlilikten beklentileri neler? Farkl\u0131l\u0131klarda uzla\u015fmak m\u00fcmk\u00fcn m\u00fc? Evlilik i\u00e7in ideal ya\u015f var m\u0131? Kiminle evleniyorum? E\u015fimin sevgi dili ne? Evlilik karar\u0131 hangi d\u00f6nemde test edilir? Ni\u015fanl\u0131l\u0131k ne kadar s\u00fcrmeli? A\u015fk evlili\u011fin sebebi mi, sonucu mu? Fedak\u00e2rl\u0131\u011f\u0131n \u00f6l\u00e7\u00fcs\u00fc ne olmal\u0131? H\u00fcrrem Sultan taktikleri Alt\u0131n orta nokta kural\u0131 Kendini ger\u00e7ekle\u015ftiren kehanet kural\u0131 Kimler e\u015fini aldat\u0131r? Duygusal aldatma, cinsel aldatma ayr\u0131m\u0131 var m\u0131? Sevginin sanal tatmini: Chat\u2019te aldatma Y\u00fczy\u0131llard\u0131r bitmeyen \u00e7at\u0131\u015fma: Gelin kay\u0131nvalide ili\u015fkisi \u0130dare eden, \u2018idarelik\u2019 olur \u00c7ocuk ama ne zaman? Hamile babalar Lo\u011fusal\u0131k psikolojisi<\/p>","protected":false},"featured_media":23182,"template":"","meta":{"spay_email":""},"product_cat":[175],"product_tag":[],"item":[360],"acf":[],"_links":{"self":[{"href":"https:\/\/mgvpublications.com\/de\/wp-json\/wp\/v2\/product\/9546"}],"collection":[{"href":"https:\/\/mgvpublications.com\/de\/wp-json\/wp\/v2\/product"}],"about":[{"href":"https:\/\/mgvpublications.com\/de\/wp-json\/wp\/v2\/types\/product"}],"wp:featuredmedia":[{"embeddable":true,"href":"https:\/\/mgvpublications.com\/de\/wp-json\/wp\/v2\/media\/23182"}],"wp:attachment":[{"href":"https:\/\/mgvpublications.com\/de\/wp-json\/wp\/v2\/media?parent=9546"}],"wp:term":[{"taxonomy":"product_cat","embeddable":true,"href":"https:\/\/mgvpublications.com\/de\/wp-json\/wp\/v2\/product_cat?post=9546"},{"taxonomy":"product_tag","embeddable":true,"href":"https:\/\/mgvpublications.com\/de\/wp-json\/wp\/v2\/product_tag?post=9546"},{"taxonomy":"item","embeddable":true,"href":"https:\/\/mgvpublications.com\/de\/wp-json\/wp\/v2\/item?post=9546"}],"curies":[{"name":"wp","href":"https:\/\/api.w.org\/{rel}","templated":true}]}}