{"id":8015,"date":"2019-07-08T13:33:56","date_gmt":"2019-07-08T11:33:56","guid":{"rendered":"https:\/\/dev2.mgvpublications.com\/produkt\/el-fevaid-faydalar\/"},"modified":"2022-04-07T16:03:43","modified_gmt":"2022-04-07T14:03:43","slug":"el-fevaid-faydalar","status":"publish","type":"product","link":"https:\/\/mgvpublications.com\/de\/el-fevaid-faydalar\/","title":{"rendered":"El-Fevaid Faydalar"},"content":{"rendered":"<p>Yay\u0131n Tarihi 2017-02-01<br \/>\nISBN 9759066666<br \/>\nBask\u0131 Say\u0131s\u0131 2. Bask\u0131<br \/>\nDil T\u00dcRK\u00c7E<br \/>\nSayfa Say\u0131s\u0131 368<br \/>\nCilt Tipi Karton Kapak<br \/>\nKa\u011f\u0131t Cinsi Kitap Ka\u011f\u0131d\u0131<br \/>\nBoyut 14 x 20 cm<\/p>","protected":false},"excerpt":{"rendered":"<p>El-Fevaid adl\u0131 bu esere bakarsak, hacim bak\u0131m\u0131ndan orta kal\u0131nl\u0131kta, bilgi y\u00fck\u00fc ile dolu nasihat edici ve ahireti hat\u0131rlat\u0131c\u0131 bir kitapt\u0131r. Kitab\u0131n yazar\u0131 bu eserini olu\u015ftururken e\u015fine az rastlan\u0131lan tefsir bilgisiyle ve Hz. Peygamberin hadisleri, \u015fahsiyetlerin s\u00f6zlerine sahip bilgisiyle yazm\u0131\u015ft\u0131r. Bu eserinde akaid ve kelama dair ince meseleleri ele almakla beraber, z\u00fchd ve tevekk\u00fcl gibi baz\u0131 terimlerede a\u00e7\u0131kl\u0131k getirmi\u015ftir.<\/p>","protected":false},"featured_media":8016,"template":"","meta":{"spay_email":""},"product_cat":[174],"product_tag":[],"item":[703],"acf":[],"_links":{"self":[{"href":"https:\/\/mgvpublications.com\/de\/wp-json\/wp\/v2\/product\/8015"}],"collection":[{"href":"https:\/\/mgvpublications.com\/de\/wp-json\/wp\/v2\/product"}],"about":[{"href":"https:\/\/mgvpublications.com\/de\/wp-json\/wp\/v2\/types\/product"}],"wp:featuredmedia":[{"embeddable":true,"href":"https:\/\/mgvpublications.com\/de\/wp-json\/wp\/v2\/media\/8016"}],"wp:attachment":[{"href":"https:\/\/mgvpublications.com\/de\/wp-json\/wp\/v2\/media?parent=8015"}],"wp:term":[{"taxonomy":"product_cat","embeddable":true,"href":"https:\/\/mgvpublications.com\/de\/wp-json\/wp\/v2\/product_cat?post=8015"},{"taxonomy":"product_tag","embeddable":true,"href":"https:\/\/mgvpublications.com\/de\/wp-json\/wp\/v2\/product_tag?post=8015"},{"taxonomy":"item","embeddable":true,"href":"https:\/\/mgvpublications.com\/de\/wp-json\/wp\/v2\/item?post=8015"}],"curies":[{"name":"wp","href":"https:\/\/api.w.org\/{rel}","templated":true}]}}