{"id":8013,"date":"2019-07-08T13:32:16","date_gmt":"2019-07-08T11:32:16","guid":{"rendered":"https:\/\/dev2.mgvpublications.com\/produkt\/vahiy-kueltuerue\/"},"modified":"2022-04-28T12:13:37","modified_gmt":"2022-04-28T10:13:37","slug":"vahiy-kueltuerue","status":"publish","type":"product","link":"https:\/\/mgvpublications.com\/de\/vahiy-kueltuerue\/","title":{"rendered":"Vahiy K\u00fclt\u00fcr\u00fc"},"content":{"rendered":"<p>Yay\u0131n Tarihi 2018-12-21<br \/>\nISBN 6054411351<br \/>\nBask\u0131 Say\u0131s\u0131 45. Bask\u0131<br \/>\nDil T\u00dcRK\u00c7E<br \/>\nSayfa Say\u0131s\u0131 141<br \/>\nCilt Tipi Karton Kapak<br \/>\nKa\u011f\u0131t Cinsi Kitap Ka\u011f\u0131d\u0131<br \/>\nBoyut 13.5 x 21 cm<\/p>","protected":false},"excerpt":{"rendered":"<p>Dertlerimizin ba\u015f\u0131 kitaps\u0131zl\u0131\u011f\u0131m\u0131z, \u00e7are ise bu kitap (Kur&#8217;an-\u0131 Kerim)&#8217;i edinmemizdir. Burada s\u00f6ylediklerim Hz. Adem (as)&#8217;den Hz. Muhammed (sav)&#8217;e kadar gelen b\u00fct\u00fcn peygamberlerin s\u00f6yledi\u011finin \u00f6z\u00fc olan &#8220;\u0130lah\u0131 tan\u0131ma ve Tek Bir \u0130lah&#8217;a kul olma&#8221; hadisesinde b\u00fct\u00fcnle\u015fmektedir. M\u00fcsl\u00fcmanlar\u0131n en m\u00fchim meselesi vahiy k\u00fclt\u00fcr\u00fc-Kur&#8217;an k\u00fclt\u00fcr\u00fc olarak tan\u0131mlad\u0131\u011f\u0131m\u0131z ilahi mesaj\u0131 \u00f6\u011frenmelidir. Dilinizle ahiret var deyip sonra yokmu\u015f gibi bir hayat s\u00fcremezsiniz! Ahiret varsa var gibi bir hayat s\u00fcrmek zorundas\u0131n\u0131z.<\/p>","protected":false},"featured_media":8014,"template":"","meta":{"spay_email":""},"product_cat":[174],"product_tag":[],"item":[937],"acf":[],"_links":{"self":[{"href":"https:\/\/mgvpublications.com\/de\/wp-json\/wp\/v2\/product\/8013"}],"collection":[{"href":"https:\/\/mgvpublications.com\/de\/wp-json\/wp\/v2\/product"}],"about":[{"href":"https:\/\/mgvpublications.com\/de\/wp-json\/wp\/v2\/types\/product"}],"wp:featuredmedia":[{"embeddable":true,"href":"https:\/\/mgvpublications.com\/de\/wp-json\/wp\/v2\/media\/8014"}],"wp:attachment":[{"href":"https:\/\/mgvpublications.com\/de\/wp-json\/wp\/v2\/media?parent=8013"}],"wp:term":[{"taxonomy":"product_cat","embeddable":true,"href":"https:\/\/mgvpublications.com\/de\/wp-json\/wp\/v2\/product_cat?post=8013"},{"taxonomy":"product_tag","embeddable":true,"href":"https:\/\/mgvpublications.com\/de\/wp-json\/wp\/v2\/product_tag?post=8013"},{"taxonomy":"item","embeddable":true,"href":"https:\/\/mgvpublications.com\/de\/wp-json\/wp\/v2\/item?post=8013"}],"curies":[{"name":"wp","href":"https:\/\/api.w.org\/{rel}","templated":true}]}}