{"id":8009,"date":"2019-07-08T13:24:19","date_gmt":"2019-07-08T11:24:19","guid":{"rendered":"https:\/\/dev2.mgvpublications.com\/produkt\/farzet-ki-oelduen\/"},"modified":"2022-04-17T13:35:06","modified_gmt":"2022-04-17T11:35:06","slug":"farzet-ki-oelduen","status":"publish","type":"product","link":"https:\/\/mgvpublications.com\/de\/farzet-ki-oelduen\/","title":{"rendered":"Farzet ki \u00d6ld\u00fcn"},"content":{"rendered":"<p>\u00c7evirmen: Prof. Dr. Abd\u00fclaziz Hatip<br \/>\nYay\u0131n Tarihi 2006-01-01<br \/>\nISBN 9759066222<br \/>\nBask\u0131 Say\u0131s\u0131 1. Bask\u0131<br \/>\nDil T\u00dcRK\u00c7E<br \/>\nSayfa Say\u0131s\u0131 96<br \/>\nCilt Tipi Karton Kapak<br \/>\nKa\u011f\u0131t Cinsi Kitap Ka\u011f\u0131d\u0131<br \/>\nBoyut 13.5 x 21 cm<\/p>","protected":false},"excerpt":{"rendered":"<p>\u0130mam Ahmed bin Hanbel d\u00f6neminde ya\u015fayan Haris el-Muhasibi, bu kitab\u0131nda ayet ve hadisler \u0131\u015f\u0131\u011f\u0131nda okuyucunun elinden tutararak \u00f6l\u00fcm sonras\u0131nda ba\u015f\u0131na gelecekleri ad\u0131m ad\u0131m ya\u015fatmaya \u00e7al\u0131\u015f\u0131yor.<br \/>\nBu kitab\u0131 okudu\u011funuzda Cennetin nimetlerini tatm\u0131\u015f ve Cehennem&#8217;in yak\u0131c\u0131 s\u0131cakl\u0131\u011f\u0131n\u0131 ensenizde hissetmi\u015f olacaks\u0131n\u0131z.<\/p>","protected":false},"featured_media":8010,"template":"","meta":{"spay_email":""},"product_cat":[174],"product_tag":[],"item":[703],"acf":[],"_links":{"self":[{"href":"https:\/\/mgvpublications.com\/de\/wp-json\/wp\/v2\/product\/8009"}],"collection":[{"href":"https:\/\/mgvpublications.com\/de\/wp-json\/wp\/v2\/product"}],"about":[{"href":"https:\/\/mgvpublications.com\/de\/wp-json\/wp\/v2\/types\/product"}],"wp:featuredmedia":[{"embeddable":true,"href":"https:\/\/mgvpublications.com\/de\/wp-json\/wp\/v2\/media\/8010"}],"wp:attachment":[{"href":"https:\/\/mgvpublications.com\/de\/wp-json\/wp\/v2\/media?parent=8009"}],"wp:term":[{"taxonomy":"product_cat","embeddable":true,"href":"https:\/\/mgvpublications.com\/de\/wp-json\/wp\/v2\/product_cat?post=8009"},{"taxonomy":"product_tag","embeddable":true,"href":"https:\/\/mgvpublications.com\/de\/wp-json\/wp\/v2\/product_tag?post=8009"},{"taxonomy":"item","embeddable":true,"href":"https:\/\/mgvpublications.com\/de\/wp-json\/wp\/v2\/item?post=8009"}],"curies":[{"name":"wp","href":"https:\/\/api.w.org\/{rel}","templated":true}]}}