{"id":8001,"date":"2019-07-05T21:54:29","date_gmt":"2019-07-05T19:54:29","guid":{"rendered":"https:\/\/dev2.mgvpublications.com\/produkt\/korkma-iyi-bir-annesin-i\/"},"modified":"2022-03-08T22:31:39","modified_gmt":"2022-03-08T21:31:39","slug":"korkma-iyi-bir-annesin-i","status":"publish","type":"product","link":"https:\/\/mgvpublications.com\/de\/korkma-iyi-bir-annesin-i\/","title":{"rendered":"Korkma! \u0130yi Bir Annesin"},"content":{"rendered":"<p>Yay\u0131n Tarihi 2018-06-29<br \/>\nISBN 6059367196<br \/>\nBask\u0131 Say\u0131s\u0131 22. Bask\u0131<br \/>\nDil T\u00dcRK\u00c7E<br \/>\nSayfa Say\u0131s\u0131 208<br \/>\nCilt Tipi Karton Kapak<br \/>\nKa\u011f\u0131t Cinsi Kitap Ka\u011f\u0131d\u0131<br \/>\nBoyut 13.5 x 21 cm<\/p>","protected":false},"excerpt":{"rendered":"<p>Kim \u015fu en iyi anne dedi\u011fimiz ki\u015fi?<br \/>\nBebe\u011fini hi\u00e7 a\u011flatmayan m\u0131?<br \/>\n\u00c7ocu\u011fu yemek se\u00e7meyen anne mi en m\u00fckemmel, sabaha kadar deliksiz uyuyan m\u0131?<br \/>\nBuldum! \u00c7ocu\u011funu tam on sekiz ayl\u0131kken tuvalete al\u0131\u015ft\u0131ran anne olmal\u0131 en m\u00fckemmeli!<br \/>\nBelki de hi\u00e7 TV izlettirmeyendir en iyisi.<br \/>\nSence kim bu en iyi anne? Kim biliyor musun? Okuyup g\u00f6relim bakal\u0131m kimmi\u015f\u2026<br \/>\nDiyerek ba\u015fl\u0131yor kitab\u0131na Do\u00e7. Dr. Saniye Bencik Kangal\u2026 Hepimizin Akademisyen Anne diye tan\u0131d\u0131\u011f\u0131 bir anne o. \u00c7ocuk sahibi olmak isteyenlere, annelere, anne olacaklara, asl\u0131nda \u00e7ocuk ve sevgiyle i\u015fi olan herkese sesleniyor kitab\u0131nda.<br \/>\nKorkma! \u0130yi Bir Annesin sizin de t\u00fcm endi\u015felerinizi al\u0131p g\u00f6t\u00fcrecek\u2026 Anne olmakla ilgili her \u015fey bu kitapta\u2026<br \/>\nElma Yay\u0131nevi bu ay sizlere yeni bir kitapla daha \u201cmerhaba\u201d diyor.<br \/>\nKeyifli okumalar\u2026<\/p>\n<p>Sevgili anne! S\u0131rt\u0131na elimi koyup e\u011filip g\u00f6zlerinin i\u00e7ine bakmak istiyorum. G\u00f6zlerinin i\u00e7ine baka baka \u201cyaln\u0131z de\u011filsin, bak hepimiz ayn\u0131 yollardan ge\u00e7iyoruz, hepimiz benzer \u015feyleri hissediyoruz\u201d demek istiyorum.<br \/>\n\u0130\u015fte bu kitap s\u0131rt\u0131ndaki elim, g\u00f6zlerinin i\u00e7ine bakan g\u00f6zlerim.<br \/>\nVe elim elinde, g\u00f6zlerim g\u00f6zlerinde, y\u00fcrekten ta derinlerden bir yerden diyorum ki;<br \/>\nKORKMA! \u0130Y\u0130 B\u0130R ANNES\u0130N<\/p>","protected":false},"featured_media":8002,"template":"","meta":{"spay_email":""},"product_cat":[171],"product_tag":[],"item":[686],"acf":[],"_links":{"self":[{"href":"https:\/\/mgvpublications.com\/de\/wp-json\/wp\/v2\/product\/8001"}],"collection":[{"href":"https:\/\/mgvpublications.com\/de\/wp-json\/wp\/v2\/product"}],"about":[{"href":"https:\/\/mgvpublications.com\/de\/wp-json\/wp\/v2\/types\/product"}],"wp:featuredmedia":[{"embeddable":true,"href":"https:\/\/mgvpublications.com\/de\/wp-json\/wp\/v2\/media\/8002"}],"wp:attachment":[{"href":"https:\/\/mgvpublications.com\/de\/wp-json\/wp\/v2\/media?parent=8001"}],"wp:term":[{"taxonomy":"product_cat","embeddable":true,"href":"https:\/\/mgvpublications.com\/de\/wp-json\/wp\/v2\/product_cat?post=8001"},{"taxonomy":"product_tag","embeddable":true,"href":"https:\/\/mgvpublications.com\/de\/wp-json\/wp\/v2\/product_tag?post=8001"},{"taxonomy":"item","embeddable":true,"href":"https:\/\/mgvpublications.com\/de\/wp-json\/wp\/v2\/item?post=8001"}],"curies":[{"name":"wp","href":"https:\/\/api.w.org\/{rel}","templated":true}]}}