{"id":7989,"date":"2019-07-05T21:30:01","date_gmt":"2019-07-05T19:30:01","guid":{"rendered":"https:\/\/dev2.mgvpublications.com\/produkt\/cocuklar-icin-seckin-sahabelerin-hayati\/"},"modified":"2022-03-08T22:31:38","modified_gmt":"2022-03-08T21:31:38","slug":"cocuklar-icin-seckin-sahabelerin-hayati","status":"publish","type":"product","link":"https:\/\/mgvpublications.com\/de\/cocuklar-icin-seckin-sahabelerin-hayati\/","title":{"rendered":"\u00c7ocuklar \u0130\u00e7in Se\u00e7kin Sahabelerin Hayat\u0131"},"content":{"rendered":"<p>Yay\u0131n Tarihi 2001-01-01<br \/>\nBask\u0131 Say\u0131s\u0131 1. Bask\u0131<br \/>\nDil T\u00dcRK\u00c7E<br \/>\nSayfa Say\u0131s\u0131 238<br \/>\nCilt Tipi Karton Kapak<br \/>\nKa\u011f\u0131t Cinsi Kitap Ka\u011f\u0131d\u0131<br \/>\nBoyut 11.5 x 16 cm<\/p>","protected":false},"excerpt":{"rendered":"<p>Yay\u0131n Tarihi 2001-01-01 Bask\u0131 Say\u0131s\u0131 1. Bask\u0131 Dil T\u00dcRK\u00c7E Sayfa Say\u0131s\u0131 238 Cilt Tipi Karton Kapak Ka\u011f\u0131t Cinsi Kitap Ka\u011f\u0131d\u0131 Boyut 11.5 x 16 cm<\/p>","protected":false},"featured_media":7990,"template":"","meta":{"spay_email":""},"product_cat":[172,174],"product_tag":[],"item":[1750],"acf":[],"_links":{"self":[{"href":"https:\/\/mgvpublications.com\/de\/wp-json\/wp\/v2\/product\/7989"}],"collection":[{"href":"https:\/\/mgvpublications.com\/de\/wp-json\/wp\/v2\/product"}],"about":[{"href":"https:\/\/mgvpublications.com\/de\/wp-json\/wp\/v2\/types\/product"}],"wp:featuredmedia":[{"embeddable":true,"href":"https:\/\/mgvpublications.com\/de\/wp-json\/wp\/v2\/media\/7990"}],"wp:attachment":[{"href":"https:\/\/mgvpublications.com\/de\/wp-json\/wp\/v2\/media?parent=7989"}],"wp:term":[{"taxonomy":"product_cat","embeddable":true,"href":"https:\/\/mgvpublications.com\/de\/wp-json\/wp\/v2\/product_cat?post=7989"},{"taxonomy":"product_tag","embeddable":true,"href":"https:\/\/mgvpublications.com\/de\/wp-json\/wp\/v2\/product_tag?post=7989"},{"taxonomy":"item","embeddable":true,"href":"https:\/\/mgvpublications.com\/de\/wp-json\/wp\/v2\/item?post=7989"}],"curies":[{"name":"wp","href":"https:\/\/api.w.org\/{rel}","templated":true}]}}