{"id":7985,"date":"2019-07-05T21:20:32","date_gmt":"2019-07-05T19:20:32","guid":{"rendered":"https:\/\/dev2.mgvpublications.com\/produkt\/kedi-operasyonu\/"},"modified":"2022-03-08T22:31:38","modified_gmt":"2022-03-08T21:31:38","slug":"kedi-operasyonu","status":"publish","type":"product","link":"https:\/\/mgvpublications.com\/de\/kedi-operasyonu\/","title":{"rendered":"Kedi Operasyonu"},"content":{"rendered":"<p>Yay\u0131n Tarihi 2019-04-17<br \/>\nISBN 6054952144<br \/>\nBask\u0131 Say\u0131s\u0131 1. Bask\u0131<br \/>\nDil T\u00dcRK\u00c7E<br \/>\nSayfa Say\u0131s\u0131 72<br \/>\nCilt Tipi Karton Kapak<br \/>\nKa\u011f\u0131t Cinsi Kitap Ka\u011f\u0131d\u0131<br \/>\nBoyut 13 x 19.5 cm<\/p>","protected":false},"excerpt":{"rendered":"<p>Duymad\u0131ysan haydi al bu kitab\u0131 eline ve kar\u0131\u015ft\u0131r sayfalar\u0131n\u0131. Sana bir kediye en iyi operasyon nas\u0131l yap\u0131l\u0131r anlats\u0131n inceliklerini.Taha, Emre ve Efruz. \u00dc\u00e7 s\u0131k\u0131 dost. \u00c7ok ak\u0131ll\u0131, \u00e7ok g\u00fcvenilir, \u00e7ok komik, \u00e7ok mant\u0131, \u00e7ok \u00e7ikolata, \u00e7ok kolonya, \u00e7ok \u00e7ok&#8230; Ne kadar \u00e7ok ararsan bu kitapta. \u00dc\u00e7 kafadar\u0131n ger\u00e7ekle\u015ftirdikleri operasyonu okurken heyecanlanacak, g\u00fclecek ve \u00f6\u011freneceksin. Haz\u0131r\u0131m diyorsan ba\u015flas\u0131n operasyon.<\/p>","protected":false},"featured_media":7986,"template":"","meta":{"spay_email":""},"product_cat":[172],"product_tag":[],"item":[335],"acf":[],"_links":{"self":[{"href":"https:\/\/mgvpublications.com\/de\/wp-json\/wp\/v2\/product\/7985"}],"collection":[{"href":"https:\/\/mgvpublications.com\/de\/wp-json\/wp\/v2\/product"}],"about":[{"href":"https:\/\/mgvpublications.com\/de\/wp-json\/wp\/v2\/types\/product"}],"wp:featuredmedia":[{"embeddable":true,"href":"https:\/\/mgvpublications.com\/de\/wp-json\/wp\/v2\/media\/7986"}],"wp:attachment":[{"href":"https:\/\/mgvpublications.com\/de\/wp-json\/wp\/v2\/media?parent=7985"}],"wp:term":[{"taxonomy":"product_cat","embeddable":true,"href":"https:\/\/mgvpublications.com\/de\/wp-json\/wp\/v2\/product_cat?post=7985"},{"taxonomy":"product_tag","embeddable":true,"href":"https:\/\/mgvpublications.com\/de\/wp-json\/wp\/v2\/product_tag?post=7985"},{"taxonomy":"item","embeddable":true,"href":"https:\/\/mgvpublications.com\/de\/wp-json\/wp\/v2\/item?post=7985"}],"curies":[{"name":"wp","href":"https:\/\/api.w.org\/{rel}","templated":true}]}}