{"id":7983,"date":"2019-07-05T21:17:40","date_gmt":"2019-07-05T19:17:40","guid":{"rendered":"https:\/\/dev2.mgvpublications.com\/produkt\/koey-hazinesi\/"},"modified":"2022-03-08T22:31:36","modified_gmt":"2022-03-08T21:31:36","slug":"koey-hazinesi","status":"publish","type":"product","link":"https:\/\/mgvpublications.com\/de\/koey-hazinesi\/","title":{"rendered":"K\u00f6y Hazinesi"},"content":{"rendered":"<p>Yay\u0131n Tarihi 2019-02-04<br \/>\nISBN 6052008324<br \/>\nBask\u0131 Say\u0131s\u0131 1. Bask\u0131<br \/>\nDil T\u00dcRK\u00c7E<br \/>\nSayfa Say\u0131s\u0131 88<br \/>\nCilt Tipi Karton Kapak<br \/>\nKa\u011f\u0131t Cinsi Kitap Ka\u011f\u0131d\u0131<br \/>\nBoyut 13.5 x 21 cm<\/p>","protected":false},"excerpt":{"rendered":"<p>Kendisini ve \u00e7evresini tan\u0131maya \u00e7al\u0131\u015fan bir \u00e7ocuk&#8230;<br \/>\n\u015eehir hayat\u0131n\u0131n dumanl\u0131 havas\u0131ndan toprak kokan k\u00f6y hayat\u0131na bir yolculuk&#8230;<br \/>\nBitmesini istemedi\u011fi bir yaz tatili; ayr\u0131lmak istemedi\u011fi aile b\u00fcy\u00fckleri, arkada\u015flar\u0131, dostlar ve hayvanlar&#8230;<\/p>\n<p>Bu kitapta s\u0131cak, samimi, heyecan dolu bir hik\u00e2ye okuyacak, kendinizden bir \u015feyler bulacaks\u0131n\u0131z. Belki de bu, kendi hik\u00e2yenizdir.<\/p>","protected":false},"featured_media":7984,"template":"","meta":{"spay_email":""},"product_cat":[172],"product_tag":[],"item":[335],"acf":[],"_links":{"self":[{"href":"https:\/\/mgvpublications.com\/de\/wp-json\/wp\/v2\/product\/7983"}],"collection":[{"href":"https:\/\/mgvpublications.com\/de\/wp-json\/wp\/v2\/product"}],"about":[{"href":"https:\/\/mgvpublications.com\/de\/wp-json\/wp\/v2\/types\/product"}],"wp:featuredmedia":[{"embeddable":true,"href":"https:\/\/mgvpublications.com\/de\/wp-json\/wp\/v2\/media\/7984"}],"wp:attachment":[{"href":"https:\/\/mgvpublications.com\/de\/wp-json\/wp\/v2\/media?parent=7983"}],"wp:term":[{"taxonomy":"product_cat","embeddable":true,"href":"https:\/\/mgvpublications.com\/de\/wp-json\/wp\/v2\/product_cat?post=7983"},{"taxonomy":"product_tag","embeddable":true,"href":"https:\/\/mgvpublications.com\/de\/wp-json\/wp\/v2\/product_tag?post=7983"},{"taxonomy":"item","embeddable":true,"href":"https:\/\/mgvpublications.com\/de\/wp-json\/wp\/v2\/item?post=7983"}],"curies":[{"name":"wp","href":"https:\/\/api.w.org\/{rel}","templated":true}]}}