{"id":7980,"date":"2019-07-05T21:15:32","date_gmt":"2019-07-05T19:15:32","guid":{"rendered":"https:\/\/dev2.mgvpublications.com\/produkt\/siki-dostlar-kelebek-etkisi\/"},"modified":"2022-03-08T22:31:36","modified_gmt":"2022-03-08T21:31:36","slug":"siki-dostlar-kelebek-etkisi","status":"publish","type":"product","link":"https:\/\/mgvpublications.com\/de\/siki-dostlar-kelebek-etkisi\/","title":{"rendered":"S\u0131k\u0131 Dostlar \/ Kelebek Etkisi"},"content":{"rendered":"<p>Yay\u0131n Tarihi 2018-02-02<br \/>\nBask\u0131 Say\u0131s\u0131 1. Bask\u0131<br \/>\nDil T\u00dcRK\u00c7E<br \/>\nCilt Tipi Karton Kapak<br \/>\nKa\u011f\u0131t Cinsi 1. Hm. Ka\u011f\u0131t<br \/>\nBoyut 13 x 19 cm<\/p>","protected":false},"excerpt":{"rendered":"<p>Yay\u0131n Tarihi 2018-02-02 Bask\u0131 Say\u0131s\u0131 1. Bask\u0131 Dil T\u00dcRK\u00c7E Cilt Tipi Karton Kapak Ka\u011f\u0131t Cinsi 1. Hm. Ka\u011f\u0131t Boyut 13 x 19 cm<\/p>","protected":false},"featured_media":7981,"template":"","meta":{"spay_email":""},"product_cat":[172],"product_tag":[],"item":[335],"acf":[],"_links":{"self":[{"href":"https:\/\/mgvpublications.com\/de\/wp-json\/wp\/v2\/product\/7980"}],"collection":[{"href":"https:\/\/mgvpublications.com\/de\/wp-json\/wp\/v2\/product"}],"about":[{"href":"https:\/\/mgvpublications.com\/de\/wp-json\/wp\/v2\/types\/product"}],"wp:featuredmedia":[{"embeddable":true,"href":"https:\/\/mgvpublications.com\/de\/wp-json\/wp\/v2\/media\/7981"}],"wp:attachment":[{"href":"https:\/\/mgvpublications.com\/de\/wp-json\/wp\/v2\/media?parent=7980"}],"wp:term":[{"taxonomy":"product_cat","embeddable":true,"href":"https:\/\/mgvpublications.com\/de\/wp-json\/wp\/v2\/product_cat?post=7980"},{"taxonomy":"product_tag","embeddable":true,"href":"https:\/\/mgvpublications.com\/de\/wp-json\/wp\/v2\/product_tag?post=7980"},{"taxonomy":"item","embeddable":true,"href":"https:\/\/mgvpublications.com\/de\/wp-json\/wp\/v2\/item?post=7980"}],"curies":[{"name":"wp","href":"https:\/\/api.w.org\/{rel}","templated":true}]}}