{"id":7973,"date":"2019-07-05T21:03:43","date_gmt":"2019-07-05T19:03:43","guid":{"rendered":"https:\/\/dev2.mgvpublications.com\/produkt\/kadin-beyni-erkek-beyni\/"},"modified":"2022-03-08T22:31:36","modified_gmt":"2022-03-08T21:31:36","slug":"kadin-beyni-erkek-beyni","status":"publish","type":"product","link":"https:\/\/mgvpublications.com\/de\/kadin-beyni-erkek-beyni\/","title":{"rendered":"Kad\u0131n Beyni Erkek Beyni"},"content":{"rendered":"<p>Yay\u0131n Tarihi 2016-02-03<br \/>\nISBN 6055286781<br \/>\nBask\u0131 Say\u0131s\u0131 3. Bask\u0131<br \/>\nDil T\u00dcRK\u00c7E<br \/>\nSayfa Say\u0131s\u0131 224<br \/>\nCilt Tipi Karton Kapak<br \/>\nKa\u011f\u0131t Cinsi Kitap Ka\u011f\u0131d\u0131<br \/>\nBoyut 13.5 x 21 cm<\/p>","protected":false},"excerpt":{"rendered":"<p>Bu kitab\u0131 okudu\u011funuzda beyninizin cinsiyeti hakk\u0131nda bir\u00e7ok detay\u0131 \u00f6\u011freneceksiniz. Kad\u0131nlar ve erkekler aras\u0131ndaki farklar\u0131, kar\u015f\u0131 cinsin sizi k\u0131zd\u0131ran, g\u00fcld\u00fcren hatta \u015fa\u015f\u0131rtan bir\u00e7ok tepkisinin nedenini anlayacaks\u0131n\u0131z.<\/p>\n<p>Serkan Karaismailo\u011flu\u2019nun bilimsel bir o kadar da mizahi anlat\u0131m\u0131yla Kad\u0131n Beyni Erkek Beyni\u2026<\/p>\n<p>\u2022 Erkekler neden dinlemez? Acaba beyinlerimizin i\u015fitmeden sorumlu b\u00f6lgeleri birbirinden farkl\u0131 m\u0131?<br \/>\n\u2022 Kad\u0131nlar \u00e7ok mu konu\u015fur? Kad\u0131nlardaki \u201cd\u0131r d\u0131r\u201d kavram\u0131 ger\u00e7ek midir ve alt\u0131nda yatan sinirbilimsel a\u00e7\u0131klama nedir?<br \/>\n\u2022 \u201cBeni hi\u00e7 anlam\u0131yorsun\u201d s\u00f6z\u00fcn\u00fc duymayan erkek var m\u0131d\u0131r? Peki, kad\u0131nlar bu isyanlar\u0131nda ne kadar hakl\u0131lar?<br \/>\n\u2022 Erkekler mi yan\u0131l\u0131yor, yoksa kad\u0131nlar\u0131 tatmin etmek ger\u00e7ekten de imk\u00e2ns\u0131z m\u0131d\u0131r?<br \/>\n\u2022 S\u00f6z konusu erkeklerin mutlulu\u011fu oldu\u011funda kavanoz kapaklar\u0131 neden \u00f6nem kazan\u0131r?<br \/>\n\u2022 Hayat\u0131n renklerini ayn\u0131 \u015fekilde mi g\u00f6r\u00fcyoruz? Yani dore ve lamenin asl\u0131nda birer renk oldu\u011funu bilen ka\u00e7 erkek var?<br \/>\n\u2022 Kad\u0131nlar \u00f6zel g\u00fcnleri asla unutmazken erkekler nas\u0131l bu kadar kolay unuturlar?<br \/>\n\u2022 Bir insan\u0131n sadece parmaklar\u0131na bakarak beyni hakk\u0131nda nas\u0131l bilgi sahibi olabilirsiniz?<\/p>","protected":false},"featured_media":7974,"template":"","meta":{"spay_email":""},"product_cat":[175],"product_tag":[],"item":[686],"acf":[],"_links":{"self":[{"href":"https:\/\/mgvpublications.com\/de\/wp-json\/wp\/v2\/product\/7973"}],"collection":[{"href":"https:\/\/mgvpublications.com\/de\/wp-json\/wp\/v2\/product"}],"about":[{"href":"https:\/\/mgvpublications.com\/de\/wp-json\/wp\/v2\/types\/product"}],"wp:featuredmedia":[{"embeddable":true,"href":"https:\/\/mgvpublications.com\/de\/wp-json\/wp\/v2\/media\/7974"}],"wp:attachment":[{"href":"https:\/\/mgvpublications.com\/de\/wp-json\/wp\/v2\/media?parent=7973"}],"wp:term":[{"taxonomy":"product_cat","embeddable":true,"href":"https:\/\/mgvpublications.com\/de\/wp-json\/wp\/v2\/product_cat?post=7973"},{"taxonomy":"product_tag","embeddable":true,"href":"https:\/\/mgvpublications.com\/de\/wp-json\/wp\/v2\/product_tag?post=7973"},{"taxonomy":"item","embeddable":true,"href":"https:\/\/mgvpublications.com\/de\/wp-json\/wp\/v2\/item?post=7973"}],"curies":[{"name":"wp","href":"https:\/\/api.w.org\/{rel}","templated":true}]}}