{"id":7970,"date":"2019-07-05T15:00:33","date_gmt":"2019-07-05T13:00:33","guid":{"rendered":"https:\/\/dev2.mgvpublications.com\/produkt\/ben-pihti\/"},"modified":"2025-04-05T20:43:12","modified_gmt":"2025-04-05T18:43:12","slug":"ben-pihti","status":"publish","type":"product","link":"https:\/\/mgvpublications.com\/de\/ben-pihti\/","title":{"rendered":"Ben P\u0131ht\u0131"},"content":{"rendered":"<p>Yay\u0131n Tarihi 2019-04-10<br \/>\nISBN 6052008355<br \/>\nBask\u0131 Say\u0131s\u0131 1. Bask\u0131<br \/>\nDil T\u00dcRK\u00c7E<br \/>\nSayfa Say\u0131s\u0131 192<br \/>\nCilt Tipi Karton Kapak<br \/>\nKa\u011f\u0131t Cinsi Kitap Ka\u011f\u0131d\u0131<br \/>\nBoyut 13.5 x 21 cm<\/p>","protected":false},"excerpt":{"rendered":"<p>Maddeyle \u00e7er\u00e7evelenmi\u015f olan modern insan\u0131 i\u00e7sesine yak\u0131nla\u015ft\u0131ran bir sesleni\u015fle konu\u015fuyor yazar&#8230;<br \/>\n\u2018Ben, P\u0131ht\u0131\u2019; bir varolu\u015f, kendini in\u015fa, bir aray\u0131\u015f, kendini bilme ve bulma \u00e7abas\u0131n\u0131n hik\u00e2yesi\u2026 \u0130nsano\u011flunun b\u00fcy\u00fck hik\u00e2yesinin i\u00e7inde kendine bir ama\u00e7, bir anlam arayanlar\u0131n ka\u00e7\u0131n\u0131lmaz yolculu\u011fu&#8230; Zorluklar\u0131n ve yoksunluklar\u0131n aras\u0131ndan d\u00f6n\u00fc\u015ft\u00fcr\u00fcc\u00fc ger\u00e7ekli\u011fe ula\u015ft\u0131rmak iddias\u0131nda. \u0130nsan\u0131n kendisiyle y\u00fczle\u015fmesi, ruhunun odalar\u0131nda sakl\u0131 duran sesler ve kelimelerle y\u00fcr\u00fcmesini sa\u011flayacak prati\u011fi g\u00f6steriyor okuruna.<br \/>\nBir ayr\u0131l\u0131\u011f\u0131n mesnevisi&#8230; \u015eehir \u015fehir arad\u0131\u011f\u0131 sevgilinin izi s\u0131ra g\u00f6rd\u00fc\u011f\u00fc hakikati y\u0131llar sonras\u0131ndan O\u2019na anlatma tela\u015f\u0131yla yaz\u0131lm\u0131\u015f mektuplar&#8230; K\u0131rk ba\u015fl\u0131kta Alyahisar\u2019dan, Su\u015fehri\u2019nden, \u015eehrafer\u2019den, N\u00e2rl\u0131han\u2019dan ruhuna dokunan her izden haberler veren hik\u00e2yeler ve anlat\u0131lar&#8230; \u0130nsan varl\u0131\u011f\u0131n\u0131 b\u00fct\u00fcn olarak bir sistem halinde ke\u015ffinin m\u00fcmk\u00fcn oldu\u011funun deneyimini aktar\u0131yor.<\/p>","protected":false},"featured_media":7971,"template":"","meta":{"spay_email":""},"product_cat":[168],"product_tag":[],"item":[335],"acf":[],"_links":{"self":[{"href":"https:\/\/mgvpublications.com\/de\/wp-json\/wp\/v2\/product\/7970"}],"collection":[{"href":"https:\/\/mgvpublications.com\/de\/wp-json\/wp\/v2\/product"}],"about":[{"href":"https:\/\/mgvpublications.com\/de\/wp-json\/wp\/v2\/types\/product"}],"wp:featuredmedia":[{"embeddable":true,"href":"https:\/\/mgvpublications.com\/de\/wp-json\/wp\/v2\/media\/7971"}],"wp:attachment":[{"href":"https:\/\/mgvpublications.com\/de\/wp-json\/wp\/v2\/media?parent=7970"}],"wp:term":[{"taxonomy":"product_cat","embeddable":true,"href":"https:\/\/mgvpublications.com\/de\/wp-json\/wp\/v2\/product_cat?post=7970"},{"taxonomy":"product_tag","embeddable":true,"href":"https:\/\/mgvpublications.com\/de\/wp-json\/wp\/v2\/product_tag?post=7970"},{"taxonomy":"item","embeddable":true,"href":"https:\/\/mgvpublications.com\/de\/wp-json\/wp\/v2\/item?post=7970"}],"curies":[{"name":"wp","href":"https:\/\/api.w.org\/{rel}","templated":true}]}}