{"id":7966,"date":"2019-07-05T14:53:41","date_gmt":"2019-07-05T12:53:41","guid":{"rendered":"https:\/\/dev2.mgvpublications.com\/produkt\/duygularin-psikolojisi-ve-duygusal-zeka\/"},"modified":"2022-04-08T06:20:51","modified_gmt":"2022-04-08T04:20:51","slug":"duygularin-psikolojisi-ve-duygusal-zeka","status":"publish","type":"product","link":"https:\/\/mgvpublications.com\/de\/duygularin-psikolojisi-ve-duygusal-zeka\/","title":{"rendered":"Duygular\u0131n Psikolojisi ve Duygusal Zeka"},"content":{"rendered":"<p>Yay\u0131n Tarihi: 04.02.2022<br \/>ISBN: 9786050823691<br \/>Dil: T\u00dcRK\u00c7E<br \/>Sayfa Say\u0131s\u0131: 240<br \/>Cilt Tipi: Karton Kapak<br \/>Ka\u011f\u0131t Cinsi: Kitap Ka\u011f\u0131d\u0131<br \/>Boyut: 13.5 x 21 cm<\/p>","protected":false},"excerpt":{"rendered":"<p>Duygular\u0131n dli ad\u0131 ile bas\u0131lan kitap yeni bask\u0131s\u0131nda ad\u0131 Duygular\u0131n Psikolojisi olarak de\u011fi\u015fitirilmi\u015ftir. Prof. Dr. Nevzat Tarhan Duygular\u0131n Psikoloji&#8217;sinde insano\u011flunun sahip oldu\u011fu olumlu ve olumsuz t\u00fcm duygular\u0131 (sevgi, merhamet, g\u00fcven, adalet, sab\u0131r, vefa, \u00fcmit, iyimserlik, merhamet, bencillik, gurur, kibir, \u015f\u00fcphe, \u00f6fke, kin, \u00fcst\u00fcnl\u00fck, \u00fcz\u00fcnt\u00fc, nefret, k\u0131skan\u00e7l\u0131k) tek tek \u00e7\u00f6z\u00fcml\u00fcyor. Olumlu duygular\u0131 daha etkin kullanma yollar\u0131n\u0131 g\u00f6sterirken, olumsuz duygularla m\u00fccadele y\u00f6ntemlerini ve bunlar\u0131n bireysel ve toplumsal faydaya nas\u0131l tahvil edilebilece\u011fini a\u00e7\u0131kl\u0131yor. Sol beyni eril, sa\u011f beyni di\u015fil olarak niteleyen Tarhan, kitab\u0131nda bu iki beynin alan\u0131n\u0131 do\u011fru yerde kullanmak y\u00f6n\u00fcnde tavsiyeler veriyor. Bu noktada \u00f6n beyin alan\u0131yla ilgili yeni bilgiler devreye giriyor. Ak\u0131lla duyguyu birle\u015ftiren \u00f6n beyin, bilgileri i\u015fleme s\u00fcrecini ger\u00e7ekle\u015ftiriyor. Bunu i\u00e7in, iki beyin lobu aras\u0131nda koordinasyon saylayabilen ki\u015filer, ak\u0131l ve duygu dengesini do\u011fru kuruyorlar. Tarhan bir anlamda duygusal zek\u00e2y\u0131 do\u011frunun ve bat\u0131n\u0131n de\u011ferleriyle yeniden yorumluyor. Zaten yazara g\u00f6re, kitab\u0131n amac\u0131 da; insana duygular\u0131n k\u00f6kenini anlat\u0131p, kendi kendisini y\u00f6nlendirmesini sa\u011flamak.<\/p>","protected":false},"featured_media":23185,"template":"","meta":{"spay_email":""},"product_cat":[175],"product_tag":[],"item":[360],"acf":[],"_links":{"self":[{"href":"https:\/\/mgvpublications.com\/de\/wp-json\/wp\/v2\/product\/7966"}],"collection":[{"href":"https:\/\/mgvpublications.com\/de\/wp-json\/wp\/v2\/product"}],"about":[{"href":"https:\/\/mgvpublications.com\/de\/wp-json\/wp\/v2\/types\/product"}],"wp:featuredmedia":[{"embeddable":true,"href":"https:\/\/mgvpublications.com\/de\/wp-json\/wp\/v2\/media\/23185"}],"wp:attachment":[{"href":"https:\/\/mgvpublications.com\/de\/wp-json\/wp\/v2\/media?parent=7966"}],"wp:term":[{"taxonomy":"product_cat","embeddable":true,"href":"https:\/\/mgvpublications.com\/de\/wp-json\/wp\/v2\/product_cat?post=7966"},{"taxonomy":"product_tag","embeddable":true,"href":"https:\/\/mgvpublications.com\/de\/wp-json\/wp\/v2\/product_tag?post=7966"},{"taxonomy":"item","embeddable":true,"href":"https:\/\/mgvpublications.com\/de\/wp-json\/wp\/v2\/item?post=7966"}],"curies":[{"name":"wp","href":"https:\/\/api.w.org\/{rel}","templated":true}]}}