{"id":7958,"date":"2019-07-05T14:43:00","date_gmt":"2019-07-05T12:43:00","guid":{"rendered":"https:\/\/dev2.mgvpublications.com\/produkt\/beni-oeduelle-cezalandirma\/"},"modified":"2022-03-08T22:31:35","modified_gmt":"2022-03-08T21:31:35","slug":"beni-oeduelle-cezalandirma","status":"publish","type":"product","link":"https:\/\/mgvpublications.com\/de\/beni-oeduelle-cezalandirma\/","title":{"rendered":"Beni \u00d6d\u00fclle Cezaland\u0131rma"},"content":{"rendered":"<p>Yay\u0131n Tarihi 2017-05-12<br \/>\nISBN 6050937022<br \/>\nBask\u0131 Say\u0131s\u0131 55. Bask\u0131<br \/>\nDil T\u00dcRK\u00c7E<br \/>\nSayfa Say\u0131s\u0131 248<br \/>\nCilt Tipi Karton Kapak<br \/>\nKa\u011f\u0131t Cinsi Kitap Ka\u011f\u0131d\u0131<br \/>\nBoyut 14 x 21 cm<\/p>","protected":false},"excerpt":{"rendered":"<p>\u2022 \u00d6d\u00fcl, neden motivasyonu d\u00fc\u015f\u00fcr\u00fcr?<br \/>\n\u2022 \u00d6d\u00fclle de\u011ferler neden \u00f6\u011fretilemez?<br \/>\n\u2022 \u00d6d\u00fcl, yarat\u0131c\u0131l\u0131\u011f\u0131 neden olumsuz etkiler?<br \/>\n\u2022 \u00d6d\u00fcl, yapay sevginin bir g\u00f6stergesi midir?<br \/>\n\u2022 \u00d6d\u00fclle b\u00fcy\u00fcyen \u00e7ocuklar\u0131 ne t\u00fcr tehlikeler bekler?<br \/>\n\u2022 Mutlu ve ba\u015far\u0131l\u0131 bir \u00e7ocuk ger\u00e7ekte nas\u0131l yeti\u015ftirilir?<\/p>\n<p>Bunun gibi merak edilen bir\u00e7ok sorunun yan\u0131t\u0131n\u0131 e\u011fitim bilimci Dr. \u00d6zg\u00fcr Bolat, son 70 y\u0131lda yap\u0131lan bilimsel ara\u015ft\u0131rma ve ger\u00e7ek vakalarla net bir \u015fekilde ortaya koyuyor.<\/p>\n<p>Dr. \u00d6zg\u00fcr Bolat, sadece \u00f6d\u00fcl\u00fcn g\u00f6r\u00fcnmeyen gizli zararlar\u0131n\u0131 anlatm\u0131yor; bizlere bir model, pratik \u00e7\u00f6z\u00fcmler ve uygulamalar \u00f6neriyor.<\/p>\n<p>K\u0131lavuz niteli\u011findeki bu kitab\u0131 okudu\u011funuzda mutlu, \u00f6zg\u00fcvenli, sorumluluk sahibi ve ba\u015far\u0131l\u0131 bir \u00e7ocuk yeti\u015ftirmek i\u00e7in \u00f6nemli bir ad\u0131m atm\u0131\u015f olacak, \u00e7ocu\u011funuzla ili\u015fkinizde anlaml\u0131 de\u011fi\u015fiklikler ya\u015fayacaks\u0131n\u0131z.<\/p>\n<p>DR. \u00d6ZG\u00dcR BOLAT<br \/>\nE\u011fitim Bilimci<\/p>\n<p>gizle<\/p>","protected":false},"featured_media":7959,"template":"","meta":{"spay_email":""},"product_cat":[171,175],"product_tag":[],"item":[563],"acf":[],"_links":{"self":[{"href":"https:\/\/mgvpublications.com\/de\/wp-json\/wp\/v2\/product\/7958"}],"collection":[{"href":"https:\/\/mgvpublications.com\/de\/wp-json\/wp\/v2\/product"}],"about":[{"href":"https:\/\/mgvpublications.com\/de\/wp-json\/wp\/v2\/types\/product"}],"wp:featuredmedia":[{"embeddable":true,"href":"https:\/\/mgvpublications.com\/de\/wp-json\/wp\/v2\/media\/7959"}],"wp:attachment":[{"href":"https:\/\/mgvpublications.com\/de\/wp-json\/wp\/v2\/media?parent=7958"}],"wp:term":[{"taxonomy":"product_cat","embeddable":true,"href":"https:\/\/mgvpublications.com\/de\/wp-json\/wp\/v2\/product_cat?post=7958"},{"taxonomy":"product_tag","embeddable":true,"href":"https:\/\/mgvpublications.com\/de\/wp-json\/wp\/v2\/product_tag?post=7958"},{"taxonomy":"item","embeddable":true,"href":"https:\/\/mgvpublications.com\/de\/wp-json\/wp\/v2\/item?post=7958"}],"curies":[{"name":"wp","href":"https:\/\/api.w.org\/{rel}","templated":true}]}}