{"id":7956,"date":"2020-12-02T15:40:39","date_gmt":"2020-12-02T14:40:39","guid":{"rendered":"https:\/\/dev2.mgvpublications.com\/produkt\/bu-uemmetin-kizi\/"},"modified":"2022-05-14T13:06:10","modified_gmt":"2022-05-14T11:06:10","slug":"bu-uemmetin-kizi","status":"publish","type":"product","link":"https:\/\/mgvpublications.com\/de\/bu-uemmetin-kizi\/","title":{"rendered":"Bu \u00dcmmetin K\u0131z\u0131"},"content":{"rendered":"<p>Yay\u0131n Tarihi: 10.12.2020<br \/>ISBN: 9786059494441<br \/>Dil: T\u00dcRK\u00c7E<br \/>Sayfa Say\u0131s\u0131: 232<br \/>Cilt Tipi: Karton Kapak<br \/>Ka\u011f\u0131t Cinsi: Kitap Ka\u011f\u0131d\u0131<br \/>Boyut: 13.5 x 21 cm<\/p>","protected":false},"excerpt":{"rendered":"<p>&#8220;Kendini modern sokaklar\u0131n k\u0131z\u0131 de\u011fil Medine medeniyetinin kendi zaman\u0131ndaki temsilcisi g\u00f6ren, tesett\u00fcrden ilme kadar her alanda bu \u00fcmmetin k\u0131z\u0131 olman\u0131n gereklerini Bedir\u2019deki m\u00fccahitlerin heyecan\u0131 ile yapmaya \u00e7al\u0131\u015fan m\u00fcbarek k\u0131zlara&#8230; Her g\u00fcn k\u0131yamete biraz daha yakla\u015ft\u0131\u011f\u0131m\u0131z bu zamanda Rabbine kul olmay\u0131, \u015eeriat\u2019\u0131 i\u00e7in ya\u015famay\u0131 \u015feref bilen ve gen\u00e7 ya\u015f\u0131na ra\u011fmen bu \u00fcmmetin k\u0131z\u0131 olman\u0131n b\u00fcy\u00fckl\u00fc\u011f\u00fcn\u00fc hisseden k\u0131zlara&#8230; Dilinizle dua etti\u011finiz vakitler unutulmayal\u0131m diye&#8230; Allah i\u00e7in terledi\u011finiz zamanlardaki b\u00fcy\u00fck amellerinize vesile olsun da Allah bize rahmetler indirsin diye&#8230;Bug\u00fcn, bu k\u0131zlar Peygamber aleyhisselam\u0131n \u015eeriat\u2019\u0131 i\u00e7in &#8216;ilk ben var\u0131m&#8217; diyerek hak etsinler. Yar\u0131n da o, &#8216;\u015fimdi de ben sizin i\u00e7in var\u0131m&#8217; desin onlara. Bizi de aralar\u0131na kat Rabbim. Aralar\u0131na. Rahmetinle, ihsan\u0131nla ve hudud bilmez rahmetinle Rabbim.&#8221;<\/p>","protected":false},"featured_media":20147,"template":"","meta":{"spay_email":""},"product_cat":[174],"product_tag":[],"item":[363],"acf":[],"_links":{"self":[{"href":"https:\/\/mgvpublications.com\/de\/wp-json\/wp\/v2\/product\/7956"}],"collection":[{"href":"https:\/\/mgvpublications.com\/de\/wp-json\/wp\/v2\/product"}],"about":[{"href":"https:\/\/mgvpublications.com\/de\/wp-json\/wp\/v2\/types\/product"}],"wp:featuredmedia":[{"embeddable":true,"href":"https:\/\/mgvpublications.com\/de\/wp-json\/wp\/v2\/media\/20147"}],"wp:attachment":[{"href":"https:\/\/mgvpublications.com\/de\/wp-json\/wp\/v2\/media?parent=7956"}],"wp:term":[{"taxonomy":"product_cat","embeddable":true,"href":"https:\/\/mgvpublications.com\/de\/wp-json\/wp\/v2\/product_cat?post=7956"},{"taxonomy":"product_tag","embeddable":true,"href":"https:\/\/mgvpublications.com\/de\/wp-json\/wp\/v2\/product_tag?post=7956"},{"taxonomy":"item","embeddable":true,"href":"https:\/\/mgvpublications.com\/de\/wp-json\/wp\/v2\/item?post=7956"}],"curies":[{"name":"wp","href":"https:\/\/api.w.org\/{rel}","templated":true}]}}