{"id":7952,"date":"2019-07-05T14:10:00","date_gmt":"2019-07-05T12:10:00","guid":{"rendered":"https:\/\/dev2.mgvpublications.com\/produkt\/sorularla-ve-oernek-vakalarla-oefke-kontrolue\/"},"modified":"2022-03-08T22:31:32","modified_gmt":"2022-03-08T21:31:32","slug":"sorularla-ve-oernek-vakalarla-oefke-kontrolue","status":"publish","type":"product","link":"https:\/\/mgvpublications.com\/de\/sorularla-ve-oernek-vakalarla-oefke-kontrolue\/","title":{"rendered":"Sorularla ve \u00d6rnek Vakalarla \u00d6fke Kontrol\u00fc"},"content":{"rendered":"<p>ISBN 6051313474<br \/>\nBask\u0131 Say\u0131s\u0131 37. Bask\u0131<br \/>\nDil T\u00dcRK\u00c7E<br \/>\nSayfa Say\u0131s\u0131 216<br \/>\nCilt Tipi Karton Kapak<br \/>\nKa\u011f\u0131t Cinsi Kitap Ka\u011f\u0131d\u0131<br \/>\nBoyut 13.5 x 21 cm<\/p>","protected":false},"excerpt":{"rendered":"<p>Baldan tatl\u0131\u2019 oldu\u011fu s\u00f6ylense de, herkese ancak ac\u0131 tatt\u0131ran bir duygudur \u00f6fke. Onun yayd\u0131\u011f\u0131 ac\u0131 sonu\u00e7lardan ne \u00f6fkeli ki\u015finin i\u00e7 d\u00fcnyas\u0131 uzak kal\u0131r, ne de onun \u00f6fkelendi\u011fi ki\u015filer. Ki\u015fi i\u00e7in, aile i\u00e7in, toplum i\u00e7in \u00f6fkenin sonu\u00e7lar\u0131, hep olumsuzdur.<\/p>\n<p>Durum bu oldu\u011fu halde, \u00f6fke, hayat\u0131n bir ger\u00e7e\u011fi\u2026 Sonu\u00e7lar\u0131 ne olursa olsun, insanlar \u00f6fkeleniyor; ve hatta b\u00fct\u00fcn\u00fcyle bir hayat, o andan itibaren \u00f6fkenin g\u00fcd\u00fcm\u00fcne giriyor.<\/p>\n<p>Peki, \u00f6fkeli olmak veya \u00f6fkeli kalmak, bir al\u0131nyaz\u0131 m\u0131d\u0131r insan i\u00e7in? \u00d6fke taraf\u0131ndan y\u00f6netilmemek m\u00fcmk\u00fcn m\u00fcd\u00fcr? Dahas\u0131, \u00f6fke denilen bu sert ve g\u00fc\u00e7l\u00fc duyguyu y\u00f6netmenin yolu ve imk\u00e2n\u0131 var m\u0131d\u0131r?<\/p>\n<p>Elinizdeki kitap \u00f6fkenizi t\u00fcm y\u00f6nleriyle tan\u0131yabilmeniz, alt\u0131nda yatan nedenlerin ke\u015ffini yapabilmeniz ve bu nedenlerden yola \u00e7\u0131karak \u00f6fkenizi kontrol alt\u0131na alabilmeniz i\u00e7in haz\u0131rland\u0131.<\/p>\n<p>\u00d6rnek vakalardan ve profesyonel \u00f6fke kontrol\u00fc e\u011fitimlerinden esinlenerek haz\u0131rlanan bu kitab\u0131 okudu\u011funuzda, \u00f6fkenin olumsuz sonu\u00e7lar\u0131ndan ve sizi t\u0131rmalayan yanlar\u0131ndan uzakla\u015fabilmenin hafifli\u011fini ve huzurunu ya\u015fayacaks\u0131n\u0131z&#8230;<\/p>","protected":false},"featured_media":7953,"template":"","meta":{"spay_email":""},"product_cat":[175],"product_tag":[],"item":[732],"acf":[],"_links":{"self":[{"href":"https:\/\/mgvpublications.com\/de\/wp-json\/wp\/v2\/product\/7952"}],"collection":[{"href":"https:\/\/mgvpublications.com\/de\/wp-json\/wp\/v2\/product"}],"about":[{"href":"https:\/\/mgvpublications.com\/de\/wp-json\/wp\/v2\/types\/product"}],"wp:featuredmedia":[{"embeddable":true,"href":"https:\/\/mgvpublications.com\/de\/wp-json\/wp\/v2\/media\/7953"}],"wp:attachment":[{"href":"https:\/\/mgvpublications.com\/de\/wp-json\/wp\/v2\/media?parent=7952"}],"wp:term":[{"taxonomy":"product_cat","embeddable":true,"href":"https:\/\/mgvpublications.com\/de\/wp-json\/wp\/v2\/product_cat?post=7952"},{"taxonomy":"product_tag","embeddable":true,"href":"https:\/\/mgvpublications.com\/de\/wp-json\/wp\/v2\/product_tag?post=7952"},{"taxonomy":"item","embeddable":true,"href":"https:\/\/mgvpublications.com\/de\/wp-json\/wp\/v2\/item?post=7952"}],"curies":[{"name":"wp","href":"https:\/\/api.w.org\/{rel}","templated":true}]}}