{"id":7941,"date":"2019-07-04T13:34:57","date_gmt":"2019-07-04T11:34:57","guid":{"rendered":"https:\/\/dev2.mgvpublications.com\/produkt\/baslarim-senin-askina\/"},"modified":"2022-03-08T22:31:31","modified_gmt":"2022-03-08T21:31:31","slug":"baslarim-senin-askina","status":"publish","type":"product","link":"https:\/\/mgvpublications.com\/de\/baslarim-senin-askina\/","title":{"rendered":"Ba\u015flar\u0131m Senin A\u015fk\u0131na"},"content":{"rendered":"<p>Yay\u0131n Tarihi 2019-04-16<br \/>\nISBN 6052214466<br \/>\nBask\u0131 Say\u0131s\u0131 2. Bask\u0131<br \/>\nDil T\u00dcRK\u00c7E<br \/>\nSayfa Say\u0131s\u0131 144<br \/>\nCilt Tipi Karton Kapak<br \/>\nKa\u011f\u0131t Cinsi Kitap Ka\u011f\u0131d\u0131<br \/>\nBoyut 13.5 x 21 cm<\/p>","protected":false},"excerpt":{"rendered":"<p>D\u00fcnyan\u0131n bo\u015f ve aldatan y\u00fcz\u00fcne d\u00f6n\u00fcp \u201cba\u015flar\u0131m senin a\u015fk\u0131na!\u201d dedikten sonra Allah\u2019a y\u00f6nelip \u201cRABB\u0130M \u00f6nceden haz\u0131r de\u011fildim \u015fimdi iznin olursa seve seve BA\u015eLARIM SEN\u0130N A\u015eKINA\u201d diyece\u011finiz bir kitap&#8230;<\/p>\n<p>Hakikatler g\u00f6nl\u00fcnde bir sars\u0131nt\u0131 olu\u015fturmuyor mu, yoksa uyanmak i\u00e7in h\u00e2l\u00e2 yerin g\u00f6\u011f\u00fcn sars\u0131lmas\u0131n\u0131 m\u0131 bekliyorsun?<br \/>\nVe anlars\u0131n zor sorular ancak kaliteli \u00f6\u011frencilere sorulurmu\u015f<br \/>\n\u0130mtihan\u0131n bu y\u00fczden a\u011f\u0131rm\u0131\u015f, anlars\u0131n.<br \/>\nVe anlars\u0131n ate\u015f \u0130brahim\u2019i yakmad\u0131ysa,<br \/>\nBal\u0131k Yunus\u2019u yemediyse,<br \/>\nB\u0131\u00e7ak \u0130smail\u2019i kesmediyse,<br \/>\nDeniz Musa\u2019y\u0131 bo\u011fmad\u0131ysa,<br \/>\nKuyular Yusuf\u2019lar\u0131 almad\u0131ysa,<br \/>\nSen de anlars\u0131n umutlar\u0131n\u0131 k\u00fcn fe yek\u00fcn\u2019le b\u00fcy\u00fctmen gerekti\u011fini.<br \/>\nVe anlars\u0131n,<br \/>\nAllah azze ve celle geciktiriyorsa, g\u00fczelle\u015ftiriyordur.<br \/>\nSabret\u2026<br \/>\nSabret\u2026<br \/>\nAnl\u0131yorsun de\u011fil mi?<\/p>","protected":false},"featured_media":7942,"template":"","meta":{"spay_email":""},"product_cat":[168],"product_tag":[],"item":[685],"acf":[],"_links":{"self":[{"href":"https:\/\/mgvpublications.com\/de\/wp-json\/wp\/v2\/product\/7941"}],"collection":[{"href":"https:\/\/mgvpublications.com\/de\/wp-json\/wp\/v2\/product"}],"about":[{"href":"https:\/\/mgvpublications.com\/de\/wp-json\/wp\/v2\/types\/product"}],"wp:featuredmedia":[{"embeddable":true,"href":"https:\/\/mgvpublications.com\/de\/wp-json\/wp\/v2\/media\/7942"}],"wp:attachment":[{"href":"https:\/\/mgvpublications.com\/de\/wp-json\/wp\/v2\/media?parent=7941"}],"wp:term":[{"taxonomy":"product_cat","embeddable":true,"href":"https:\/\/mgvpublications.com\/de\/wp-json\/wp\/v2\/product_cat?post=7941"},{"taxonomy":"product_tag","embeddable":true,"href":"https:\/\/mgvpublications.com\/de\/wp-json\/wp\/v2\/product_tag?post=7941"},{"taxonomy":"item","embeddable":true,"href":"https:\/\/mgvpublications.com\/de\/wp-json\/wp\/v2\/item?post=7941"}],"curies":[{"name":"wp","href":"https:\/\/api.w.org\/{rel}","templated":true}]}}