{"id":7935,"date":"2019-07-04T13:27:40","date_gmt":"2019-07-04T11:27:40","guid":{"rendered":"https:\/\/dev2.mgvpublications.com\/produkt\/cennete-kadar-yolun-var\/"},"modified":"2022-03-08T22:31:31","modified_gmt":"2022-03-08T21:31:31","slug":"cennete-kadar-yolun-var","status":"publish","type":"product","link":"https:\/\/mgvpublications.com\/de\/cennete-kadar-yolun-var\/","title":{"rendered":"Cennete Kadar Yolun Var"},"content":{"rendered":"<p>Yay\u0131n Tarihi 2018-01-23<br \/>\nISBN 6051830865<br \/>\nBask\u0131 Say\u0131s\u0131 30. Bask\u0131<br \/>\nDil T\u00dcRK\u00c7E<br \/>\nSayfa Say\u0131s\u0131 208<br \/>\nCilt Tipi Karton Kapak<br \/>\nKa\u011f\u0131t Cinsi Kitap Ka\u011f\u0131d\u0131<br \/>\nBoyut 13.5 x 21 cm[koo_icon name=&#8221;undefined&#8221; color=&#8221;&#8221; size=&#8221;&#8221;]<\/p>","protected":false},"excerpt":{"rendered":"<p>Hayat\u0131n\u0131zda girece\u011finiz en \u00f6nemli s\u0131navlar\u0131 d\u00fc\u015f\u00fcn\u00fcn,<br \/>\nhaz\u0131rlan\u0131rken ilk yapaca\u011f\u0131n\u0131z \u015fey \u00e7\u0131km\u0131\u015f sorulara bakmakt\u0131r de\u011fil mi?<br \/>\nTabii ki.<br \/>\nSoru tarzlar\u0131ndan ve konulardan yola \u00e7\u0131karak nas\u0131l \u00e7al\u0131\u015faca\u011f\u0131n\u0131z\u0131 anlayabilirsiniz.<br \/>\nAma bu s\u0131navlar\u0131n en kral\u0131 bile altm\u0131\u015f y\u0131l\u0131n\u0131z\u0131 etkiler.<br \/>\nGel gelelim s\u0131navdan sonra da rahat edemezsiniz zaten\u2026<br \/>\nBu sefer emekli olmaya \u00e7al\u0131\u015f\u0131rs\u0131n\u0131z, ne yaz\u0131k ki onun<br \/>\n\u00e7\u0131km\u0131\u015f sorular\u0131 da yoktur.<br \/>\nEmekli oldu\u011funuzda da sudan \u00e7\u0131km\u0131\u015f bal\u0131k gibi ne<br \/>\nyapaca\u011f\u0131n\u0131z\u0131 \u015fa\u015f\u0131r\u0131rs\u0131n\u0131z, hem haz\u0131rlanaca\u011f\u0131n\u0131z bir s\u0131nav da olmaz.<br \/>\n\u201cYahu ahiret vard\u0131 galiba, \u00e7al\u0131\u015facak bir \u015fey de yok, ben<br \/>\nona \u00e7al\u0131\u015fay\u0131m bari\u2026\u201d dersiniz ve s\u0131nava \u00fc\u00e7 g\u00fcn kala bin d\u00f6rt y\u00fcz y\u0131l\u0131n konular\u0131n\u0131 g\u00f6zden ge\u00e7irmeye \u00e7al\u0131\u015f\u0131rs\u0131n\u0131z.<br \/>\nPeki bu s\u0131navda ne kadar ba\u015far\u0131l\u0131 olabilirsiniz?<br \/>\nSadece bir sevapla cennetteki yerinizi ka\u00e7\u0131rmak istemiyorsan\u0131z, s\u0131nava do\u011fru zamanlamayla, d\u00fczg\u00fcn programlarla, g\u00fcnl\u00fck \u00e7al\u0131\u015fman\u0131z \u015fartt\u0131r.<br \/>\n\u201cTamam da can\u0131m, benim bu ders hakk\u0131nda hi\u00e7bir bilgim<br \/>\nyok!\u201d diyorsan\u0131z m\u00fcjde!<br \/>\nS\u0131navdaki sorular tek kitaptan soruluyor.<br \/>\nVe her s\u0131navda ayn\u0131 sorular&#8230;<br \/>\nKitapsa bin d\u00f6rt y\u00fcz y\u0131ld\u0131r yay\u0131nda&#8230;<\/p>","protected":false},"featured_media":7936,"template":"","meta":{"spay_email":""},"product_cat":[168],"product_tag":[],"item":[1122],"acf":[],"_links":{"self":[{"href":"https:\/\/mgvpublications.com\/de\/wp-json\/wp\/v2\/product\/7935"}],"collection":[{"href":"https:\/\/mgvpublications.com\/de\/wp-json\/wp\/v2\/product"}],"about":[{"href":"https:\/\/mgvpublications.com\/de\/wp-json\/wp\/v2\/types\/product"}],"wp:featuredmedia":[{"embeddable":true,"href":"https:\/\/mgvpublications.com\/de\/wp-json\/wp\/v2\/media\/7936"}],"wp:attachment":[{"href":"https:\/\/mgvpublications.com\/de\/wp-json\/wp\/v2\/media?parent=7935"}],"wp:term":[{"taxonomy":"product_cat","embeddable":true,"href":"https:\/\/mgvpublications.com\/de\/wp-json\/wp\/v2\/product_cat?post=7935"},{"taxonomy":"product_tag","embeddable":true,"href":"https:\/\/mgvpublications.com\/de\/wp-json\/wp\/v2\/product_tag?post=7935"},{"taxonomy":"item","embeddable":true,"href":"https:\/\/mgvpublications.com\/de\/wp-json\/wp\/v2\/item?post=7935"}],"curies":[{"name":"wp","href":"https:\/\/api.w.org\/{rel}","templated":true}]}}