{"id":7927,"date":"2019-07-04T13:15:01","date_gmt":"2019-07-04T11:15:01","guid":{"rendered":"https:\/\/dev2.mgvpublications.com\/produkt\/iki-cihan-guenesi\/"},"modified":"2022-04-07T14:44:13","modified_gmt":"2022-04-07T12:44:13","slug":"iki-cihan-guenesi","status":"publish","type":"product","link":"https:\/\/mgvpublications.com\/de\/iki-cihan-guenesi\/","title":{"rendered":"\u0130ki Cihan G\u00fcne\u015fi"},"content":{"rendered":"<p>Yay\u0131n Tarihi 2018-04-01<br \/>\nISBN 6056259654<br \/>\nBask\u0131 Say\u0131s\u0131 2. Bask\u0131<br \/>\nDil T\u00dcRK\u00c7E<br \/>\nSayfa Say\u0131s\u0131 270<br \/>\nCilt Tipi Karton Kapak<br \/>\nKa\u011f\u0131t Cinsi Kitap Ka\u011f\u0131d\u0131<br \/>\nBoyut 13.5 x 21 cm<\/p>","protected":false},"excerpt":{"rendered":"<p>Sevgi g\u00f6nl\u00fcm\u00fcz\u00fcn g\u0131das\u0131d\u0131r. Sevgisiz g\u00f6n\u00fcl viraneden ibarettir. Sevgiyi yaratan Cenab\u0131 Mevla, kullar\u0131n\u0131, analar\u0131ndan ve babalar\u0131ndan bile fazla sevmektedir. O&#8217;nun, \u0130ki Cihan G\u00fcne\u015fi Efendimiz&#8217;i en \u00fcst\u00fcn meziyetlerle donatarak yaratmas\u0131 ve onu herkesten \u00e7ok sevmesi, bize ger\u00e7ek sevgiliyi de g\u00f6stermi\u015ftir.<\/p>\n<p>Peygamber sevgisini en g\u00fczel ve en sade \u015fekilde dillendiren Yunus Emre, Resulullah a\u015fk\u0131yla daha \u00e7ok yanmay\u0131, bu a\u015fka doyup kanmay\u0131, hatta Habibullah&#8217;\u0131n yoluna can sunmay\u0131 isterken bu a\u015f\u0131k \u00fcmmetin g\u00f6nl\u00fcne terc\u00fcman olmu\u015ftur<\/p>","protected":false},"featured_media":7928,"template":"","meta":{"spay_email":""},"product_cat":[174],"product_tag":[],"item":[363],"acf":[],"_links":{"self":[{"href":"https:\/\/mgvpublications.com\/de\/wp-json\/wp\/v2\/product\/7927"}],"collection":[{"href":"https:\/\/mgvpublications.com\/de\/wp-json\/wp\/v2\/product"}],"about":[{"href":"https:\/\/mgvpublications.com\/de\/wp-json\/wp\/v2\/types\/product"}],"wp:featuredmedia":[{"embeddable":true,"href":"https:\/\/mgvpublications.com\/de\/wp-json\/wp\/v2\/media\/7928"}],"wp:attachment":[{"href":"https:\/\/mgvpublications.com\/de\/wp-json\/wp\/v2\/media?parent=7927"}],"wp:term":[{"taxonomy":"product_cat","embeddable":true,"href":"https:\/\/mgvpublications.com\/de\/wp-json\/wp\/v2\/product_cat?post=7927"},{"taxonomy":"product_tag","embeddable":true,"href":"https:\/\/mgvpublications.com\/de\/wp-json\/wp\/v2\/product_tag?post=7927"},{"taxonomy":"item","embeddable":true,"href":"https:\/\/mgvpublications.com\/de\/wp-json\/wp\/v2\/item?post=7927"}],"curies":[{"name":"wp","href":"https:\/\/api.w.org\/{rel}","templated":true}]}}