{"id":7916,"date":"2019-07-03T20:41:23","date_gmt":"2019-07-03T18:41:23","guid":{"rendered":"https:\/\/dev2.mgvpublications.com\/produkt\/hz-osman-r-a\/"},"modified":"2022-03-08T22:31:30","modified_gmt":"2022-03-08T21:31:30","slug":"hz-osman-r-a","status":"publish","type":"product","link":"https:\/\/mgvpublications.com\/de\/hz-osman-r-a\/","title":{"rendered":"Hz. Osman (r.a.)"},"content":{"rendered":"<p>Yay\u0131n Tarihi 2015-01-01<br \/>\nISBN 6051590981<br \/>\nBask\u0131 Say\u0131s\u0131 1. Bask\u0131<br \/>\nDil T\u00dcRK\u00c7E<br \/>\nSayfa Say\u0131s\u0131 336<br \/>\nCilt Tipi Karton Kapak<br \/>\nKa\u011f\u0131t Cinsi Kitap Ka\u011f\u0131d\u0131<br \/>\nBoyut 15 x 21.5 cm<\/p>","protected":false},"excerpt":{"rendered":"<p>\u0130slam halifelerinin \u00fc\u00e7\u00fcnc\u00fcs\u00fc, meleklerin kendisinden edep etti\u011fi, ya\u015farken cennetle m\u00fcjdelenen on ki\u015fiden biri olan Hz. Osman\u2019\u0131n (r.a) hayat\u0131, usta \u00f6yk\u00fcc\u00fc Ali Haydar Haksal\u2019\u0131n kaleminden sizlerle bulu\u015fuyor.<\/p>","protected":false},"featured_media":7917,"template":"","meta":{"spay_email":""},"product_cat":[174],"product_tag":[],"item":[687],"acf":[],"_links":{"self":[{"href":"https:\/\/mgvpublications.com\/de\/wp-json\/wp\/v2\/product\/7916"}],"collection":[{"href":"https:\/\/mgvpublications.com\/de\/wp-json\/wp\/v2\/product"}],"about":[{"href":"https:\/\/mgvpublications.com\/de\/wp-json\/wp\/v2\/types\/product"}],"wp:featuredmedia":[{"embeddable":true,"href":"https:\/\/mgvpublications.com\/de\/wp-json\/wp\/v2\/media\/7917"}],"wp:attachment":[{"href":"https:\/\/mgvpublications.com\/de\/wp-json\/wp\/v2\/media?parent=7916"}],"wp:term":[{"taxonomy":"product_cat","embeddable":true,"href":"https:\/\/mgvpublications.com\/de\/wp-json\/wp\/v2\/product_cat?post=7916"},{"taxonomy":"product_tag","embeddable":true,"href":"https:\/\/mgvpublications.com\/de\/wp-json\/wp\/v2\/product_tag?post=7916"},{"taxonomy":"item","embeddable":true,"href":"https:\/\/mgvpublications.com\/de\/wp-json\/wp\/v2\/item?post=7916"}],"curies":[{"name":"wp","href":"https:\/\/api.w.org\/{rel}","templated":true}]}}