{"id":7914,"date":"2019-07-03T20:39:07","date_gmt":"2019-07-03T18:39:07","guid":{"rendered":"https:\/\/dev2.mgvpublications.com\/produkt\/hz-ali\/"},"modified":"2022-03-08T22:31:29","modified_gmt":"2022-03-08T21:31:29","slug":"hz-ali","status":"publish","type":"product","link":"https:\/\/mgvpublications.com\/de\/hz-ali\/","title":{"rendered":"Hz. Ali"},"content":{"rendered":"<p>Yay\u0131n Tarihi 2016-01-01<br \/>\nISBN 6051591926<br \/>\nBask\u0131 Say\u0131s\u0131 1. Bask\u0131<br \/>\nDil T\u00dcRK\u00c7E<br \/>\nSayfa Say\u0131s\u0131 680<br \/>\nCilt Tipi Karton Kapak<br \/>\nKa\u011f\u0131t Cinsi Kitap Ka\u011f\u0131d\u0131<br \/>\nBoyut 13.5 x 21.5 cm<\/p>","protected":false},"excerpt":{"rendered":"<p>\u0130sl\u00e2m halifelerinin d\u00f6rd\u00fcnc\u00fcs\u00fc, Efendimiz\u2019e (s.a.v) ilk iman edenlerden, Z\u00fclfi kar k\u0131l\u0131c\u0131n\u0131n yi\u011fidi, ilmin kap\u0131s\u0131 olan Hz. Ali\u2019nin (r.a) kutlu hayat\u0131 , usta \u00f6yk\u00fcc\u00fc Ali Haydar Haksal\u2019\u0131n kaleminden sizlerle bulu\u015fuyor.<\/p>","protected":false},"featured_media":7915,"template":"","meta":{"spay_email":""},"product_cat":[174],"product_tag":[],"item":[687],"acf":[],"_links":{"self":[{"href":"https:\/\/mgvpublications.com\/de\/wp-json\/wp\/v2\/product\/7914"}],"collection":[{"href":"https:\/\/mgvpublications.com\/de\/wp-json\/wp\/v2\/product"}],"about":[{"href":"https:\/\/mgvpublications.com\/de\/wp-json\/wp\/v2\/types\/product"}],"wp:featuredmedia":[{"embeddable":true,"href":"https:\/\/mgvpublications.com\/de\/wp-json\/wp\/v2\/media\/7915"}],"wp:attachment":[{"href":"https:\/\/mgvpublications.com\/de\/wp-json\/wp\/v2\/media?parent=7914"}],"wp:term":[{"taxonomy":"product_cat","embeddable":true,"href":"https:\/\/mgvpublications.com\/de\/wp-json\/wp\/v2\/product_cat?post=7914"},{"taxonomy":"product_tag","embeddable":true,"href":"https:\/\/mgvpublications.com\/de\/wp-json\/wp\/v2\/product_tag?post=7914"},{"taxonomy":"item","embeddable":true,"href":"https:\/\/mgvpublications.com\/de\/wp-json\/wp\/v2\/item?post=7914"}],"curies":[{"name":"wp","href":"https:\/\/api.w.org\/{rel}","templated":true}]}}