{"id":7911,"date":"2020-12-02T15:40:32","date_gmt":"2020-12-02T14:40:32","guid":{"rendered":"https:\/\/dev2.mgvpublications.com\/produkt\/arslan-pencesi-hamaset-kahramani-sad-b-ebi-vakkas-r-a\/"},"modified":"2025-10-23T17:57:39","modified_gmt":"2025-10-23T15:57:39","slug":"arslan-pencesi-hamaset-kahramani-sad-b-ebi-vakkas-r-a","status":"publish","type":"product","link":"https:\/\/mgvpublications.com\/de\/arslan-pencesi-hamaset-kahramani-sad-b-ebi-vakkas-r-a\/","title":{"rendered":"Arslan Pen\u00e7esi \/ Hamaset Kahraman\u0131 Sa&#8217;d b. Ebi Vakkas (r.a.)"},"content":{"rendered":"<p>Yay\u0131n Tarihi: 15.07.2013<br \/>ISBN: 9786054620142<br \/>Dil: T\u00dcRK\u00c7E<br \/>Sayfa Say\u0131s\u0131: 170<br \/>Cilt Tipi: Karton Kapak<br \/>Ka\u011f\u0131t Cinsi: Kitap Ka\u011f\u0131d\u0131<br \/>Boyut: 11.5 x 19 cm<\/p>","protected":false},"excerpt":{"rendered":"<p>-Sa&#8217;d b. Ebi Vakkas, ilklerden, \u00f6nc\u00fclerdendir. -O, \u0130slam u\u011fruna att\u0131\u011f\u0131 ilk ok ile ilk kan\u0131 ak\u0131tan ve kendisine isabet eden d\u00fc\u015fman oku ile de ilk kan\u0131 ak\u0131t\u0131land\u0131r. -O, Cennet ile m\u00fcjdelenen, defaatle Efendimiz&#8217;in (sas) taltif ve ikram\u0131na mazhar oland\u0131r. -O, Uhud g\u00fcn\u00fc Efendimiz&#8217;in (sas): &#8220;At Sa&#8217;d! Anam, babam sana feda olsun.&#8221; diyerek taltif etti\u011fi arslan pen\u00e7esidir. -O, Hz. \u00d6mer&#8217;in (ra) se\u00e7ti\u011fi \u015fura heyetindeki alt\u0131 sahabiden biridir. -Hepsinden \u00f6te o, Medine sokaklar\u0131nda dola\u015ft\u0131\u011f\u0131nda Efendimiz (sas), kendisine hayranl\u0131kla bakarak: &#8220;Kimin b\u00f6yle bir day\u0131s\u0131 var, g\u00f6stersin bakal\u0131m!&#8221; diye gururland\u0131\u011f\u0131 hamaset kahraman\u0131d\u0131r.<\/p>","protected":false},"featured_media":20241,"template":"","meta":{"spay_email":""},"product_cat":[174],"product_tag":[],"item":[426],"acf":[],"_links":{"self":[{"href":"https:\/\/mgvpublications.com\/de\/wp-json\/wp\/v2\/product\/7911"}],"collection":[{"href":"https:\/\/mgvpublications.com\/de\/wp-json\/wp\/v2\/product"}],"about":[{"href":"https:\/\/mgvpublications.com\/de\/wp-json\/wp\/v2\/types\/product"}],"wp:featuredmedia":[{"embeddable":true,"href":"https:\/\/mgvpublications.com\/de\/wp-json\/wp\/v2\/media\/20241"}],"wp:attachment":[{"href":"https:\/\/mgvpublications.com\/de\/wp-json\/wp\/v2\/media?parent=7911"}],"wp:term":[{"taxonomy":"product_cat","embeddable":true,"href":"https:\/\/mgvpublications.com\/de\/wp-json\/wp\/v2\/product_cat?post=7911"},{"taxonomy":"product_tag","embeddable":true,"href":"https:\/\/mgvpublications.com\/de\/wp-json\/wp\/v2\/product_tag?post=7911"},{"taxonomy":"item","embeddable":true,"href":"https:\/\/mgvpublications.com\/de\/wp-json\/wp\/v2\/item?post=7911"}],"curies":[{"name":"wp","href":"https:\/\/api.w.org\/{rel}","templated":true}]}}