{"id":7907,"date":"2020-12-02T15:40:32","date_gmt":"2020-12-02T14:40:32","guid":{"rendered":"https:\/\/dev2.mgvpublications.com\/produkt\/talha-b-ubeydullah-r-a-sehiduel-hayy-yasayan-sehit\/"},"modified":"2025-10-23T17:57:39","modified_gmt":"2025-10-23T15:57:39","slug":"talha-b-ubeydullah-r-a-sehiduel-hayy-yasayan-sehit","status":"publish","type":"product","link":"https:\/\/mgvpublications.com\/de\/talha-b-ubeydullah-r-a-sehiduel-hayy-yasayan-sehit\/","title":{"rendered":"Talha b. Ubeydullah (r.a.) \u015eehid\u00fc&#8217;l-Hayy \/ Ya\u015fayan \u015eehit"},"content":{"rendered":"<p>Yay\u0131n Tarihi: 02.02.2012<br \/>\nISBN: 9786058711082<br \/>\nDil: T\u00dcRK\u00c7E<br \/>\nSayfa Say\u0131s\u0131: 150<br \/>\nCilt Tipi: Karton Kapak<br \/>\nKa\u011f\u0131t Cinsi: Kitap Ka\u011f\u0131d\u0131<br \/>\nBoyut: 11.5 x 19 cm<\/p>","protected":false},"excerpt":{"rendered":"<p>-O, Efendimiz\u2019in kutlu lisan\u0131 ile \u201c\u015eehid\u00fc\u2019l-Hayy\/Ya\u015fayan \u015eehit\u201d diye aleme ilan edilendir -O, Talhat\u00fc\u2019l-Feyyaz; feyzi ve bereketi s\u00fcrekli ve \u00e7ok oland\u0131r. -O, Talhat\u00fc\u2019l-Hayr; hayr\u0131, insanlara faydas\u0131 en fazla oland\u0131r. -O, Talhat\u00fc\u2019l-Cud ve Talhat\u00fc\u2019l Cevvad; c\u00f6mertli\u011fi, mertli\u011fi, keremi ve ihsan\u0131 \u00e7ok oland\u0131r. -O, \u00e7ok sevdi\u011fi dostu Z\u00fcbeyr ile birlikte iman yolunda ya\u015fam\u0131\u015f ve ayn\u0131 meydanda, ayn\u0131 ak\u0131betle d\u00fcnyadan ayr\u0131lm\u0131\u015f bir yi\u011fittir.<\/p>","protected":false},"featured_media":20217,"template":"","meta":{"spay_email":""},"product_cat":[174],"product_tag":[],"item":[426],"acf":[],"_links":{"self":[{"href":"https:\/\/mgvpublications.com\/de\/wp-json\/wp\/v2\/product\/7907"}],"collection":[{"href":"https:\/\/mgvpublications.com\/de\/wp-json\/wp\/v2\/product"}],"about":[{"href":"https:\/\/mgvpublications.com\/de\/wp-json\/wp\/v2\/types\/product"}],"wp:featuredmedia":[{"embeddable":true,"href":"https:\/\/mgvpublications.com\/de\/wp-json\/wp\/v2\/media\/20217"}],"wp:attachment":[{"href":"https:\/\/mgvpublications.com\/de\/wp-json\/wp\/v2\/media?parent=7907"}],"wp:term":[{"taxonomy":"product_cat","embeddable":true,"href":"https:\/\/mgvpublications.com\/de\/wp-json\/wp\/v2\/product_cat?post=7907"},{"taxonomy":"product_tag","embeddable":true,"href":"https:\/\/mgvpublications.com\/de\/wp-json\/wp\/v2\/product_tag?post=7907"},{"taxonomy":"item","embeddable":true,"href":"https:\/\/mgvpublications.com\/de\/wp-json\/wp\/v2\/item?post=7907"}],"curies":[{"name":"wp","href":"https:\/\/api.w.org\/{rel}","templated":true}]}}