{"id":7905,"date":"2020-12-02T15:40:32","date_gmt":"2020-12-02T14:40:32","guid":{"rendered":"https:\/\/dev2.mgvpublications.com\/produkt\/efendimizin-havarisi-ve-ihlas-abidesi-zuebeyr-b-avvam-r-a\/"},"modified":"2025-10-23T17:57:39","modified_gmt":"2025-10-23T15:57:39","slug":"efendimizin-havarisi-ve-ihlas-abidesi-zuebeyr-b-avvam-r-a","status":"publish","type":"product","link":"https:\/\/mgvpublications.com\/de\/efendimizin-havarisi-ve-ihlas-abidesi-zuebeyr-b-avvam-r-a\/","title":{"rendered":"Efendimiz&#8217;in Havarisi ve \u0130hlas Abidesi Z\u00fcbeyr b. Avvam (r.a.)"},"content":{"rendered":"<p>Yay\u0131n Tarihi: 16.08.2011<br \/>ISBN: 9786058711075<br \/>Dil: T\u00dcRK\u00c7E<br \/>Sayfa Say\u0131s\u0131: 142<br \/>Cilt Tipi: Karton Kapak<br \/>Ka\u011f\u0131t Cinsi: Kitap Ka\u011f\u0131d\u0131<br \/>Boyut: 11.5 x 19 cm<\/p>","protected":false},"excerpt":{"rendered":"<p>-O, Efendimiz&#8217;in lisan\u0131 ile &#8220;havarim&#8221; diye ilan edilendir. -O, bie ihlas ve a\u015fk abidesidir. -O, Risalet davas\u0131n\u0131n beklentisiz yi\u011fididir. -O, var\u0131n\u0131 yo\u011funu inand\u0131\u011f\u0131 de\u011ferler u\u011fruna feda edendir. -O, Safiyye gibi bir annenin evlad\u0131, Hamza gibi bir day\u0131n\u0131n ve Hatice gibi bir halan\u0131n ye\u011feni, Ebu Bekir gibi bir kay\u0131nbaban\u0131n damad\u0131 ve Efendimiz (sas) gibi bir Peygamberin de bacana\u011f\u0131d\u0131r. -O, ilklerden ve \u00f6nc\u00fclerden olan Z\u00fcbeyr b. Avvam&#8217;d\u0131r.<\/p>","protected":false},"featured_media":20227,"template":"","meta":{"spay_email":""},"product_cat":[174],"product_tag":[],"item":[426],"acf":[],"_links":{"self":[{"href":"https:\/\/mgvpublications.com\/de\/wp-json\/wp\/v2\/product\/7905"}],"collection":[{"href":"https:\/\/mgvpublications.com\/de\/wp-json\/wp\/v2\/product"}],"about":[{"href":"https:\/\/mgvpublications.com\/de\/wp-json\/wp\/v2\/types\/product"}],"wp:featuredmedia":[{"embeddable":true,"href":"https:\/\/mgvpublications.com\/de\/wp-json\/wp\/v2\/media\/20227"}],"wp:attachment":[{"href":"https:\/\/mgvpublications.com\/de\/wp-json\/wp\/v2\/media?parent=7905"}],"wp:term":[{"taxonomy":"product_cat","embeddable":true,"href":"https:\/\/mgvpublications.com\/de\/wp-json\/wp\/v2\/product_cat?post=7905"},{"taxonomy":"product_tag","embeddable":true,"href":"https:\/\/mgvpublications.com\/de\/wp-json\/wp\/v2\/product_tag?post=7905"},{"taxonomy":"item","embeddable":true,"href":"https:\/\/mgvpublications.com\/de\/wp-json\/wp\/v2\/item?post=7905"}],"curies":[{"name":"wp","href":"https:\/\/api.w.org\/{rel}","templated":true}]}}