{"id":7902,"date":"2020-12-02T15:40:32","date_gmt":"2020-12-02T14:40:32","guid":{"rendered":"https:\/\/dev2.mgvpublications.com\/produkt\/hz-hatice-risalet-davasinin-annesi\/"},"modified":"2025-10-23T17:57:39","modified_gmt":"2025-10-23T15:57:39","slug":"hz-hatice-risalet-davasinin-annesi","status":"publish","type":"product","link":"https:\/\/mgvpublications.com\/de\/hz-hatice-risalet-davasinin-annesi\/","title":{"rendered":"Hz. Hatice Risalet Davas\u0131n\u0131n Annesi"},"content":{"rendered":"<p>ISBN: 9786058711068<br \/>Dil: T\u00dcRK\u00c7E<br \/>Sayfa Say\u0131s\u0131: 150<br \/>Cilt Tipi: Karton Kapak<br \/>Ka\u011f\u0131t Cinsi: Kitap Ka\u011f\u0131d\u0131<br \/>Boyut: 11.5 x 19 cm<\/p>","protected":false},"excerpt":{"rendered":"<p>* O, Hz. Peygamber&#8217;den sonra ilk kez varl\u0131k aleminin semas\u0131na La ilahe illallah Muhammed\u00fcn resulullah kelimeyi tayyibesini duyurand\u0131r. * O, Hz. Peygamber ile birlikte ilk kez imandan sonra en b\u00fcy\u00fck hakikat olan &#8220;namaz&#8221; i\u00e7in dergah-\u0131 ehadiyete y\u00f6nelendir. * O, Hz. Pygamber&#8217;in ilk e\u015fi ve yolda\u015f\u0131 olma \u015ferefine nail oland\u0131r. * O, Hz. Peygamber ile on be\u015f y\u0131l n\u00fcb\u00fcvvetten \u00f6nce, on y\u0131lda n\u00fcb\u00fcvvetten sonra olmak \u00fczere tam yirmi be\u015f y\u0131l ayn\u0131 yast\u0131\u011fa ba\u015f koyand\u0131r. * O, Hz. Peygamber&#8217;in evine ikisi erkek, d\u00f6rd\u00fc k\u0131z tam alt\u0131 tane evlat hediye edendir. * O, Hz. Peygamber&#8217;in, Ehl-i Beyt neslinin k\u00f6k\u00fc olan Hz. Fat\u0131ma&#8217;y\u0131 do\u011furan, Hz. Ali&#8217;ye ise annelik edendir. * O, t\u00fcm varl\u0131\u011f\u0131n\u0131, mal\u0131n\u0131, m\u00fclk\u00fcn\u00fc, sermayesini Allah yolunda feda etmekten bir an geri durmayand\u0131r. * O, Hz. Peygamber&#8217;in lisan\u0131 ile ilk cennetle m\u00fcjdelenen bahtiyar bir \u0130slam han\u0131m\u0131d\u0131r. * O, cahiliyenin zifiri karanl\u0131\u011f\u0131nda kirlenmeden, Meryem misali pak ve temiz kalan, bu \u00f6zelli\u011fi ile de Tahire ismini kazanan bir annemizdir. * O, Firavunlar\u0131 \u00e7ok olan bir beldenin Asiyece, isyan\u0131n\u0131 devam ettirerek, \u015firke bula\u015fmadan, vahye ula\u015farak \u0130slam&#8217;\u0131n K\u00fcbras\u0131 olan biridir. * O, on y\u0131l n\u00fcb\u00fcvvetin ve risaletin davas\u0131na bir ana gibi sahip \u00e7\u0131karak, varl\u0131\u011f\u0131n\u0131 davas\u0131na adayan bir annemizdir. * \u0130\u015fte o Han\u0131mlar aleminin sultan\u0131 olan Hz. Hatice validemizdir.<\/p>","protected":false},"featured_media":23254,"template":"","meta":{"spay_email":""},"product_cat":[174],"product_tag":[],"item":[426],"acf":[],"_links":{"self":[{"href":"https:\/\/mgvpublications.com\/de\/wp-json\/wp\/v2\/product\/7902"}],"collection":[{"href":"https:\/\/mgvpublications.com\/de\/wp-json\/wp\/v2\/product"}],"about":[{"href":"https:\/\/mgvpublications.com\/de\/wp-json\/wp\/v2\/types\/product"}],"wp:featuredmedia":[{"embeddable":true,"href":"https:\/\/mgvpublications.com\/de\/wp-json\/wp\/v2\/media\/23254"}],"wp:attachment":[{"href":"https:\/\/mgvpublications.com\/de\/wp-json\/wp\/v2\/media?parent=7902"}],"wp:term":[{"taxonomy":"product_cat","embeddable":true,"href":"https:\/\/mgvpublications.com\/de\/wp-json\/wp\/v2\/product_cat?post=7902"},{"taxonomy":"product_tag","embeddable":true,"href":"https:\/\/mgvpublications.com\/de\/wp-json\/wp\/v2\/product_tag?post=7902"},{"taxonomy":"item","embeddable":true,"href":"https:\/\/mgvpublications.com\/de\/wp-json\/wp\/v2\/item?post=7902"}],"curies":[{"name":"wp","href":"https:\/\/api.w.org\/{rel}","templated":true}]}}