{"id":7896,"date":"2020-12-02T15:40:27","date_gmt":"2020-12-02T14:40:27","guid":{"rendered":"https:\/\/dev2.mgvpublications.com\/produkt\/eminuel-uemme-uemmetin-emini-ebu-ubeyde-b-cerrah-r-a\/"},"modified":"2022-03-08T22:31:28","modified_gmt":"2022-03-08T21:31:28","slug":"eminuel-uemme-uemmetin-emini-ebu-ubeyde-b-cerrah-r-a","status":"publish","type":"product","link":"https:\/\/mgvpublications.com\/de\/eminuel-uemme-uemmetin-emini-ebu-ubeyde-b-cerrah-r-a\/","title":{"rendered":"Emin\u00fc&#8217;l-\u00dcmme\/\u00dcmmetin emini Ebu Ubeyde b. Cerrah (r.a.)"},"content":{"rendered":"<p>Yay\u0131n Tarihi: 20.06.2012<br \/>ISBN: 9786054620111<br \/>Dil: T\u00dcRK\u00c7E<br \/>Sayfa Say\u0131s\u0131: 150<br \/>Cilt Tipi: Karton Kapak<br \/>Ka\u011f\u0131t Cinsi: Kitap Ka\u011f\u0131d\u0131<br \/>Boyut: 11.5 x 19 cm<\/p>","protected":false},"excerpt":{"rendered":"<p>\u2022 Ebu Ubeyde b. Cerrah, ideal manada bir m\u00fc\u2019minin hayat\u0131nda emniyet ve teslimiyet nas\u0131l ger\u00e7ekle\u015fir, bu iki \u00f6nemli hususiyet nas\u0131l hayata ta\u015f\u0131n\u0131r ve nas\u0131l hayatta temsil edilir bunun en g\u00fczel \u00f6rne\u011fidir. \u2022 O da, ilkelerden, \u00f6nc\u00fclerden, \u00f6nden giden atl\u0131lardand\u0131r. \u00c7ok yol almas\u0131na ra\u011fmen bir \u00e7i\u00e7e\u011fi dahi ezemeyenlerden, geriye takip edilmesi i\u00e7in \u00e7ok g\u00fczel bir \u00f6rneklik miras olarak b\u0131rakanlardan\u2026 \u2022 O da, daha d\u00fcnyada iken sesine ve nefesine kurban oldu\u011fumuz Efendimiz (sas) taraf\u0131ndan cennetle m\u00fcjdelenenlerden, Allah ve Resul\u00fc u\u011fruna neyi varsa feda edenlerden, verilen her g\u00f6revi yerine en g\u00fczel \u015fekliyle yerine getirenlerdendir.<\/p>","protected":false},"featured_media":20251,"template":"","meta":{"spay_email":""},"product_cat":[174],"product_tag":[],"item":[426],"acf":[],"_links":{"self":[{"href":"https:\/\/mgvpublications.com\/de\/wp-json\/wp\/v2\/product\/7896"}],"collection":[{"href":"https:\/\/mgvpublications.com\/de\/wp-json\/wp\/v2\/product"}],"about":[{"href":"https:\/\/mgvpublications.com\/de\/wp-json\/wp\/v2\/types\/product"}],"wp:featuredmedia":[{"embeddable":true,"href":"https:\/\/mgvpublications.com\/de\/wp-json\/wp\/v2\/media\/20251"}],"wp:attachment":[{"href":"https:\/\/mgvpublications.com\/de\/wp-json\/wp\/v2\/media?parent=7896"}],"wp:term":[{"taxonomy":"product_cat","embeddable":true,"href":"https:\/\/mgvpublications.com\/de\/wp-json\/wp\/v2\/product_cat?post=7896"},{"taxonomy":"product_tag","embeddable":true,"href":"https:\/\/mgvpublications.com\/de\/wp-json\/wp\/v2\/product_tag?post=7896"},{"taxonomy":"item","embeddable":true,"href":"https:\/\/mgvpublications.com\/de\/wp-json\/wp\/v2\/item?post=7896"}],"curies":[{"name":"wp","href":"https:\/\/api.w.org\/{rel}","templated":true}]}}