{"id":7884,"date":"2019-07-03T19:17:18","date_gmt":"2019-07-03T17:17:18","guid":{"rendered":"https:\/\/dev2.mgvpublications.com\/produkt\/cikis-yolu-i\/"},"modified":"2022-03-08T22:31:27","modified_gmt":"2022-03-08T21:31:27","slug":"cikis-yolu-i","status":"publish","type":"product","link":"https:\/\/mgvpublications.com\/de\/cikis-yolu-i\/","title":{"rendered":"\u00c7\u0131k\u0131\u015f Yolu I"},"content":{"rendered":"<p>Yay\u0131n Tarihi 2012-03-01<br \/>\nISBN 9264552661<br \/>\nBask\u0131 Say\u0131s\u0131 4. Bask\u0131<br \/>\nDil T\u00dcRK\u00c7E<br \/>\nSayfa Say\u0131s\u0131 124<br \/>\nCilt Tipi Karton Kapak<br \/>\nKa\u011f\u0131t Cinsi Kitap Ka\u011f\u0131d\u0131<br \/>\nBoyut 13 x 19.5 cm<\/p>","protected":false},"excerpt":{"rendered":"<p>Bu kitap, iki konferanstan olu\u015fmaktad\u0131r. 1990 da kurulup 1997 de kapat\u0131lan, genel ba\u015fkanl\u0131\u011f\u0131n\u0131 yazar\u0131n yapt\u0131\u011f\u0131, Dirili\u015f Partisi d\u00f6nemini konu\u015fmalar\u0131ndan olup, ilki, Bursa&#8217;da, 12 \u015eubat 1992 de, Uzuno\u011flu D\u00fc\u011f\u00fcn Salonunda, o zamanki Parti \u0130l Ba\u015fkanl\u0131\u011f\u0131n\u0131n giri\u015fimi ile ve ikincisi, Ankara&#8217;da, 2 May\u0131s 1992 de, Kocatepe Diyanet Vakf\u0131 Konferans Salonu&#8217;nda, Ekonomik Sosyal Ara\u015ft\u0131rmalar Vakf\u0131 (ESAV)&#8217;n\u0131n d\u00fczenlemesiyle verilmi\u015ftir.<\/p>","protected":false},"featured_media":7885,"template":"","meta":{"spay_email":""},"product_cat":[168],"product_tag":[],"item":[705],"acf":[],"_links":{"self":[{"href":"https:\/\/mgvpublications.com\/de\/wp-json\/wp\/v2\/product\/7884"}],"collection":[{"href":"https:\/\/mgvpublications.com\/de\/wp-json\/wp\/v2\/product"}],"about":[{"href":"https:\/\/mgvpublications.com\/de\/wp-json\/wp\/v2\/types\/product"}],"wp:featuredmedia":[{"embeddable":true,"href":"https:\/\/mgvpublications.com\/de\/wp-json\/wp\/v2\/media\/7885"}],"wp:attachment":[{"href":"https:\/\/mgvpublications.com\/de\/wp-json\/wp\/v2\/media?parent=7884"}],"wp:term":[{"taxonomy":"product_cat","embeddable":true,"href":"https:\/\/mgvpublications.com\/de\/wp-json\/wp\/v2\/product_cat?post=7884"},{"taxonomy":"product_tag","embeddable":true,"href":"https:\/\/mgvpublications.com\/de\/wp-json\/wp\/v2\/product_tag?post=7884"},{"taxonomy":"item","embeddable":true,"href":"https:\/\/mgvpublications.com\/de\/wp-json\/wp\/v2\/item?post=7884"}],"curies":[{"name":"wp","href":"https:\/\/api.w.org\/{rel}","templated":true}]}}