{"id":7882,"date":"2019-07-03T19:16:10","date_gmt":"2019-07-03T17:16:10","guid":{"rendered":"https:\/\/dev2.mgvpublications.com\/produkt\/cikis-yolu-ii-medeniyetimizin-dirilisi\/"},"modified":"2022-03-08T22:31:26","modified_gmt":"2022-03-08T21:31:26","slug":"cikis-yolu-ii-medeniyetimizin-dirilisi","status":"publish","type":"product","link":"https:\/\/mgvpublications.com\/de\/cikis-yolu-ii-medeniyetimizin-dirilisi\/","title":{"rendered":"\u00c7\u0131k\u0131\u015f Yolu II: Medeniyetimizin Dirili\u015fi"},"content":{"rendered":"<p style=\"padding-left: 40px;\">Yay\u0131n Tarihi 2012-12-01<br \/>\nBask\u0131 Say\u0131s\u0131 4. Bask\u0131<br \/>\nDil T\u00dcRK\u00c7E<br \/>\nSayfa Say\u0131s\u0131 212<br \/>\nCilt Tipi Karton Kapak<br \/>\nKa\u011f\u0131t Cinsi Kitap Ka\u011f\u0131d\u0131<br \/>\nBoyut 13 x 19.5 cm<\/p>","protected":false},"excerpt":{"rendered":"<p>Bu kitap, d\u00f6rt konferanstan olu\u015fmaktad\u0131r. 1990 da kurulup 1997 de kapat\u0131lan, genel ba\u015fkanl\u0131\u011f\u0131n\u0131 yazar\u0131n yapt\u0131\u011f\u0131, Dirili\u015f Partisi d\u00f6nemini konu\u015fmalar\u0131ndan olup, ilki, Pendik&#8217;te 16 May\u0131s 1991 de Belediye K\u00fclt\u00fcrevi&#8217;nde &#8220;Dirili\u015f \u00c7a\u011f\u0131&#8221; ad\u0131yla, ikincisi, Eski\u015fehir&#8217;de 3 Ekim 1993&#8217;de Ticaret Odas\u0131 Konferans Salonu&#8217;nda &#8220;D\u00fcnya G\u00f6r\u00fc\u015f\u00fcm\u00fcz Dirili\u015f&#8221; ad\u0131yla, \u00fc\u00e7\u00fcnc\u00fcs\u00fc, Adapazar\u0131&#8217;nda 3 Aral\u0131k 1993&#8217;de Ticaret ve Sanayi Odas\u0131 Toplant\u0131 Salonu&#8217;nda &#8220;Medeniyetimizin Dirili\u015fi&#8221; ad\u0131yla, d\u00f6rd\u00fcnc\u00fcs\u00fc, Eski\u015fehir&#8217;de 5 Haziran 1994&#8217;te Ticaret Odas\u0131 Konferans Salonu&#8217;nda &#8220;Kaybolan Hakikat&#8221; ad\u0131yla parti te\u015fkilatlar\u0131n\u0131n d\u00fczenlemesiyle verilmi\u015ftir.<\/p>","protected":false},"featured_media":7883,"template":"","meta":{"spay_email":""},"product_cat":[168],"product_tag":[],"item":[705],"acf":[],"_links":{"self":[{"href":"https:\/\/mgvpublications.com\/de\/wp-json\/wp\/v2\/product\/7882"}],"collection":[{"href":"https:\/\/mgvpublications.com\/de\/wp-json\/wp\/v2\/product"}],"about":[{"href":"https:\/\/mgvpublications.com\/de\/wp-json\/wp\/v2\/types\/product"}],"wp:featuredmedia":[{"embeddable":true,"href":"https:\/\/mgvpublications.com\/de\/wp-json\/wp\/v2\/media\/7883"}],"wp:attachment":[{"href":"https:\/\/mgvpublications.com\/de\/wp-json\/wp\/v2\/media?parent=7882"}],"wp:term":[{"taxonomy":"product_cat","embeddable":true,"href":"https:\/\/mgvpublications.com\/de\/wp-json\/wp\/v2\/product_cat?post=7882"},{"taxonomy":"product_tag","embeddable":true,"href":"https:\/\/mgvpublications.com\/de\/wp-json\/wp\/v2\/product_tag?post=7882"},{"taxonomy":"item","embeddable":true,"href":"https:\/\/mgvpublications.com\/de\/wp-json\/wp\/v2\/item?post=7882"}],"curies":[{"name":"wp","href":"https:\/\/api.w.org\/{rel}","templated":true}]}}