{"id":7880,"date":"2019-07-03T19:14:12","date_gmt":"2019-07-03T17:14:12","guid":{"rendered":"https:\/\/dev2.mgvpublications.com\/produkt\/cikis-yolu-iii\/"},"modified":"2022-03-08T22:31:26","modified_gmt":"2022-03-08T21:31:26","slug":"cikis-yolu-iii","status":"publish","type":"product","link":"https:\/\/mgvpublications.com\/de\/cikis-yolu-iii\/","title":{"rendered":"\u00c7\u0131k\u0131\u015f Yolu III"},"content":{"rendered":"<p>Yay\u0131n Tarihi 2013-05-01<br \/>\nISBN 9264552685<br \/>\nBask\u0131 Say\u0131s\u0131 4. Bask\u0131<br \/>\nDil T\u00dcRK\u00c7E<br \/>\nSayfa Say\u0131s\u0131 176<br \/>\nCilt Tipi Karton Kapak<br \/>\nKa\u011f\u0131t Cinsi Kitap Ka\u011f\u0131d\u0131<br \/>\nBoyut 13 x 19.5 cm<\/p>","protected":false},"excerpt":{"rendered":"<p>Bu kitap, d\u00f6rt meydan konu\u015fmas\u0131ndan olu\u015fmaktad\u0131r. 1990\u2019da kurulup 1997\u2019de kapat\u0131lan, genel ba\u015fkanl\u0131\u011f\u0131n\u0131 yazar\u0131n yapt\u0131\u011f\u0131 Dirili\u015f Partisid\u00f6nemi konu\u015fmalar\u0131ndan olup, ilki Bursa\u2019da 13 Temmuz 1991\u2019de Fomara Meydan\u0131\u2019nda &#8220;Kutlu Millet Ger\u00e7e\u011fi&#8221; ad\u0131yla; ikincisi Adapazar\u0131\u2019nda 17 A\u011fustos 1991\u2019de Gar Meydan\u0131\u2019nda &#8221; Y\u00fcce Devlet Ger\u00e7e\u011fi&#8221; ad\u0131yla; \u00fcc\u00fcnc\u00fcs\u00fc Pendik\u2019te 18 Haziran 1995\u2019te \u0130skele Meydan\u0131\u2019nda &#8220;Millet Toplant\u0131s\u0131&#8221; ad\u0131yla; d\u00f6rd\u00fcnc\u00fcs\u00fc, Eski\u015fehir\u2019de 21 Ekim 1995\u2019te Odun Pzar\u0131\u2019nda &#8220;Bat\u0131 ve Biz&#8221;ad\u0131yla parti te\u015fkilatlar\u0131n\u0131n d\u00fczenlemeleriyle yap\u0131lm\u0131\u015ft\u0131r.<\/p>","protected":false},"featured_media":7881,"template":"","meta":{"spay_email":""},"product_cat":[168],"product_tag":[],"item":[705],"acf":[],"_links":{"self":[{"href":"https:\/\/mgvpublications.com\/de\/wp-json\/wp\/v2\/product\/7880"}],"collection":[{"href":"https:\/\/mgvpublications.com\/de\/wp-json\/wp\/v2\/product"}],"about":[{"href":"https:\/\/mgvpublications.com\/de\/wp-json\/wp\/v2\/types\/product"}],"wp:featuredmedia":[{"embeddable":true,"href":"https:\/\/mgvpublications.com\/de\/wp-json\/wp\/v2\/media\/7881"}],"wp:attachment":[{"href":"https:\/\/mgvpublications.com\/de\/wp-json\/wp\/v2\/media?parent=7880"}],"wp:term":[{"taxonomy":"product_cat","embeddable":true,"href":"https:\/\/mgvpublications.com\/de\/wp-json\/wp\/v2\/product_cat?post=7880"},{"taxonomy":"product_tag","embeddable":true,"href":"https:\/\/mgvpublications.com\/de\/wp-json\/wp\/v2\/product_tag?post=7880"},{"taxonomy":"item","embeddable":true,"href":"https:\/\/mgvpublications.com\/de\/wp-json\/wp\/v2\/item?post=7880"}],"curies":[{"name":"wp","href":"https:\/\/api.w.org\/{rel}","templated":true}]}}