{"id":7872,"date":"2019-07-03T18:55:34","date_gmt":"2019-07-03T16:55:34","guid":{"rendered":"https:\/\/dev2.mgvpublications.com\/produkt\/kuyucakli-yusuf\/"},"modified":"2025-11-09T21:52:54","modified_gmt":"2025-11-09T20:52:54","slug":"kuyucakli-yusuf","status":"publish","type":"product","link":"https:\/\/mgvpublications.com\/de\/kuyucakli-yusuf\/","title":{"rendered":"Kuyucakl\u0131 Yusuf"},"content":{"rendered":"<p>Yay\u0131n Tarihi: 06.08.2019<br \/>ISBN: 9789750800016<br \/>Dil: T\u00dcRK\u00c7E<br \/>Sayfa Say\u0131s\u0131: 221<br \/>Cilt Tipi: Karton Kapak<br \/>Ka\u011f\u0131t Cinsi: Kitap Ka\u011f\u0131d\u0131<br \/>Boyut: 13.5 x 21 cm<\/p>","protected":false},"excerpt":{"rendered":"<p>&#8220;Bu manas\u0131z ve yabanc\u0131 hayatta bir tek \u015feye hakikaten sar\u0131lm\u0131\u015f, hakikaten inan\u0131r gibi olmu\u015ftu. Bu da kar\u0131s\u0131 idi. Muazzez&#8217;in varl\u0131\u011f\u0131 Yusuf i\u00e7in b\u00fcy\u00fck bo\u015fluklar\u0131 dolduracak mahiyette bir \u015fey de\u011fildi, fakat onun yoklu\u011fu m\u00fcthi\u015fti. Onun bu kadar sebepsiz yere, bu kadar insafs\u0131zca Yusuf&#8217;un hayat\u0131ndan kopar\u0131lmas\u0131 \u00e7\u0131ld\u0131rtacak kadar ac\u0131 idi. Hayat\u0131nda as\u0131l arad\u0131\u011f\u0131 \u015feyin Muazzez olmad\u0131\u011f\u0131n\u0131 biliyordu, fakat Muazzez olmadan bunu aramaya muktedir olmayaca\u011f\u0131n\u0131 san\u0131yordu.&#8221; Kuyucakl\u0131 Yusuf T\u00fcrk edebiyat\u0131n\u0131n belki de en romantik kahraman\u0131d\u0131r. Hayat\u0131n ve insanlar\u0131n zalimli\u011fi kar\u015f\u0131s\u0131ndaki naif duru\u015fu ile bir yandan trajik bir sona ilerlerken, bir yandan da ya\u015fad\u0131\u011f\u0131 lirik a\u015fk hikayesinin kahraman\u0131 olarak edebiyat tarihinde yerini alm\u0131\u015ft\u0131r.<\/p>","protected":false},"featured_media":23258,"template":"","meta":{"spay_email":""},"product_cat":[168],"product_tag":[],"item":[448],"acf":[],"_links":{"self":[{"href":"https:\/\/mgvpublications.com\/de\/wp-json\/wp\/v2\/product\/7872"}],"collection":[{"href":"https:\/\/mgvpublications.com\/de\/wp-json\/wp\/v2\/product"}],"about":[{"href":"https:\/\/mgvpublications.com\/de\/wp-json\/wp\/v2\/types\/product"}],"wp:featuredmedia":[{"embeddable":true,"href":"https:\/\/mgvpublications.com\/de\/wp-json\/wp\/v2\/media\/23258"}],"wp:attachment":[{"href":"https:\/\/mgvpublications.com\/de\/wp-json\/wp\/v2\/media?parent=7872"}],"wp:term":[{"taxonomy":"product_cat","embeddable":true,"href":"https:\/\/mgvpublications.com\/de\/wp-json\/wp\/v2\/product_cat?post=7872"},{"taxonomy":"product_tag","embeddable":true,"href":"https:\/\/mgvpublications.com\/de\/wp-json\/wp\/v2\/product_tag?post=7872"},{"taxonomy":"item","embeddable":true,"href":"https:\/\/mgvpublications.com\/de\/wp-json\/wp\/v2\/item?post=7872"}],"curies":[{"name":"wp","href":"https:\/\/api.w.org\/{rel}","templated":true}]}}