{"id":7856,"date":"2019-07-03T18:37:52","date_gmt":"2019-07-03T16:37:52","guid":{"rendered":"https:\/\/dev2.mgvpublications.com\/produkt\/muesluemanca-yasamak\/"},"modified":"2022-03-08T22:31:24","modified_gmt":"2022-03-08T21:31:24","slug":"muesluemanca-yasamak","status":"publish","type":"product","link":"https:\/\/mgvpublications.com\/de\/muesluemanca-yasamak\/","title":{"rendered":"M\u00fcsl\u00fcmanca Ya\u015famak"},"content":{"rendered":"<p>Yay\u0131n Tarihi 2017-11-21<br \/>\nISBN 9753550772<br \/>\nBask\u0131 Say\u0131s\u0131 18. Bask\u0131<br \/>\nDil T\u00dcRK\u00c7E<br \/>\nSayfa Say\u0131s\u0131 176<br \/>\nCilt Tipi Karton Kapak<br \/>\nKa\u011f\u0131t Cinsi Kitap Ka\u011f\u0131d\u0131<br \/>\nBoyut 12 x 19.5 cm<\/p>","protected":false},"excerpt":{"rendered":"<p>Fakat en \u00f6nemlisi, M\u00fcsl\u00fcman\u0131n kendi i\u00e7 olu\u015fumunu ger\u00e7ekle\u015ftirmeye \u00e7al\u0131\u015fmas\u0131d\u0131r. M\u00fcsl\u00fcmanlar s\u00fcr\u00e7t\u00fckleri, t\u00f6kezledikleri yerde, bunun ba\u015fl\u0131ca sebebinin kendi i\u00e7 olu\u015fumlar\u0131n\u0131 tamamlamakta g\u00f6sterdikleri ihmalden kaynakland\u0131\u011f\u0131n\u0131 g\u00f6rmezden gelmemelidir. Kendi do\u011frular\u0131n\u0131n gerektirdi\u011fi hayat tarz\u0131n\u0131, ilkin kendi nefislerinde ya\u015famaya ba\u015flad\u0131klar\u0131 an, \u0130slam&#8217;\u0131n hayata ge\u00e7irilmesinde en do\u011fru y\u00f6ntem kendili\u011finden bulunmu\u015f olacakt\u0131r. M\u00fcsl\u00fcman\u0131n elinde bulundurdu\u011funu s\u00f6yledi\u011fimiz f\u0131rsat i\u015fte bu olu\u015fumu ger\u00e7ekle\u015ftirmek i\u00e7in verilmi\u015ftir kendisine.<\/p>","protected":false},"featured_media":7857,"template":"","meta":{"spay_email":""},"product_cat":[168],"product_tag":[],"item":[689],"acf":[],"_links":{"self":[{"href":"https:\/\/mgvpublications.com\/de\/wp-json\/wp\/v2\/product\/7856"}],"collection":[{"href":"https:\/\/mgvpublications.com\/de\/wp-json\/wp\/v2\/product"}],"about":[{"href":"https:\/\/mgvpublications.com\/de\/wp-json\/wp\/v2\/types\/product"}],"wp:featuredmedia":[{"embeddable":true,"href":"https:\/\/mgvpublications.com\/de\/wp-json\/wp\/v2\/media\/7857"}],"wp:attachment":[{"href":"https:\/\/mgvpublications.com\/de\/wp-json\/wp\/v2\/media?parent=7856"}],"wp:term":[{"taxonomy":"product_cat","embeddable":true,"href":"https:\/\/mgvpublications.com\/de\/wp-json\/wp\/v2\/product_cat?post=7856"},{"taxonomy":"product_tag","embeddable":true,"href":"https:\/\/mgvpublications.com\/de\/wp-json\/wp\/v2\/product_tag?post=7856"},{"taxonomy":"item","embeddable":true,"href":"https:\/\/mgvpublications.com\/de\/wp-json\/wp\/v2\/item?post=7856"}],"curies":[{"name":"wp","href":"https:\/\/api.w.org\/{rel}","templated":true}]}}