{"id":7831,"date":"2019-07-03T17:44:31","date_gmt":"2019-07-03T15:44:31","guid":{"rendered":"https:\/\/dev2.mgvpublications.com\/produkt\/das-buch-des-universums-kitab-ut-tauhid-im-lichte-des-universums-mit-beweisen-aus-dem-quran\/"},"modified":"2022-03-08T22:31:23","modified_gmt":"2022-03-08T21:31:23","slug":"das-buch-des-universums-kitab-ut-tauhid-im-lichte-des-universums-mit-beweisen-aus-dem-quran","status":"publish","type":"product","link":"https:\/\/mgvpublications.com\/de\/das-buch-des-universums-kitab-ut-tauhid-im-lichte-des-universums-mit-beweisen-aus-dem-quran\/","title":{"rendered":"Das Buch des Universums &#8211; Kitab ut Tauhid im Lichte des Universums mit Beweisen aus dem Quran"},"content":{"rendered":"<p>Gebundene Ausgabe<br \/>\nVerlag: Hamburg, Gruner   Jahr, (2015)<br \/>\nISBN-10: 3944537092<br \/>\nISBN-13: 978-3944537092<br \/>\nVerpackungsabmessungen: 23,2 x 16,7 x 2,8 cm<\/p>","protected":false},"excerpt":{"rendered":"<p>Das vorliegende Buch ,,Kitab-ut-Tauhid im Lichte des Universums mit Beweisen aus dem Quran&#8221; ist kein Buch \u00fcber den Monotheismus im herk\u00f6mmlichen Sinne. Es werden hier zwar auch die Glaubensgrundlagen des Islam er\u00f6rtert, denn die Doktrin des Tauhid ist ja der zentrale Punkt im Islam, aber dar\u00fcberhinaus nimmt das Buch f\u00fcr sich in Anspruch, ein Hilfsmittel zu sein, wie man durch das Kennenlernen Allahs zur Liebe Allahs gelangt. Das macht dieses Buch einzigartig auf dem deutsch-muslimischen B\u00fcchermarkt. Es gibt kaum \u00e4hnliche Werke, die den Iman eines Menschen derart st\u00e4rken k\u00f6nnen. Auf eine leicht verst\u00e4ndliche Art, durch Fragen und Antworten, richtet es sich an Muslime, die ihren Iman st\u00e4rken wollen, aber auch an Nichtmuslime, die ihren Weg zum Sch\u00f6pfer finden wollen. Das Werk von Abdul Majid Zindani hat es sich zur Aufgabe gemacht, den Lesern zu erkl\u00e4ren, wie sie in der kurzen Zeit ihres irdischen Lebens lernen k\u00f6nnen, korrekt zu leben, in Vorbereitung auf das Jenseits. Korrekt zu leben beinhaltet das Kennenlernen Allahs, und das geschieht, indem man sich die Sch\u00f6pfung genaustens betrachtet und \u00fcber sie nachdenkt. Dabei kommt man zu der Erkenntnis, dass Vieles, was die moderne Wissenschaft neuerdings dabei herausgefunden hat, bereits vor 1400 Jahren im Qur&#8217;an erw\u00e4hnt wurde, eine h\u00f6chst erstaunliche Tatsache. Diese Erkenntnis und Best\u00e4tigung f\u00fchren den Leser dazu, Allah zu lieben, was genau genommen das Hauptziel dieses Buches ist: Durch das Kennenlernen Seiner Sch\u00f6pfung gelangt der Leser zur Liebe seines Sch\u00f6pfers, der einzig ist. Er ist der Versorger, der Allweise, der Allwissende, der Kundige, der Barmherzige, der Gro\u00dfz\u00fcgige, der Rechtlei-tende, der Lebengebende.<\/p>","protected":false},"featured_media":7832,"template":"","meta":{"spay_email":""},"product_cat":[231],"product_tag":[],"item":[690],"acf":[],"_links":{"self":[{"href":"https:\/\/mgvpublications.com\/de\/wp-json\/wp\/v2\/product\/7831"}],"collection":[{"href":"https:\/\/mgvpublications.com\/de\/wp-json\/wp\/v2\/product"}],"about":[{"href":"https:\/\/mgvpublications.com\/de\/wp-json\/wp\/v2\/types\/product"}],"wp:featuredmedia":[{"embeddable":true,"href":"https:\/\/mgvpublications.com\/de\/wp-json\/wp\/v2\/media\/7832"}],"wp:attachment":[{"href":"https:\/\/mgvpublications.com\/de\/wp-json\/wp\/v2\/media?parent=7831"}],"wp:term":[{"taxonomy":"product_cat","embeddable":true,"href":"https:\/\/mgvpublications.com\/de\/wp-json\/wp\/v2\/product_cat?post=7831"},{"taxonomy":"product_tag","embeddable":true,"href":"https:\/\/mgvpublications.com\/de\/wp-json\/wp\/v2\/product_tag?post=7831"},{"taxonomy":"item","embeddable":true,"href":"https:\/\/mgvpublications.com\/de\/wp-json\/wp\/v2\/item?post=7831"}],"curies":[{"name":"wp","href":"https:\/\/api.w.org\/{rel}","templated":true}]}}