{"id":7816,"date":"2019-07-03T15:04:45","date_gmt":"2019-07-03T13:04:45","guid":{"rendered":"https:\/\/dev2.mgvpublications.com\/produkt\/hilafet-tahtinin-sultani-yavuz-sultan-selim\/"},"modified":"2022-03-08T22:31:23","modified_gmt":"2022-03-08T21:31:23","slug":"hilafet-tahtinin-sultani-yavuz-sultan-selim","status":"publish","type":"product","link":"https:\/\/mgvpublications.com\/de\/hilafet-tahtinin-sultani-yavuz-sultan-selim\/","title":{"rendered":"Hilafet Taht\u0131n\u0131n Sultan\u0131 Yavuz Sultan Selim"},"content":{"rendered":"<p>Yay\u0131n Tarihi 2019-05-08<br \/>\nISBN 6057934291<br \/>\nBask\u0131 Say\u0131s\u0131 1. Bask\u0131<br \/>\nDil T\u00dcRK\u00c7E<br \/>\nSayfa Say\u0131s\u0131 192<br \/>\nCilt Tipi Karton Kapak<br \/>\nKa\u011f\u0131t Cinsi Kitap Ka\u011f\u0131d\u0131<br \/>\nBoyut 13.5 x 19.5 cm<\/p>","protected":false},"excerpt":{"rendered":"<p>Babam Sultan Bayezid Han zaman\u0131nda seferler az olup asker ve ocakl\u0131ya rehavet gelmi\u015ftir. Benim zaman\u0131m ise sefer zaman\u0131 olacakt\u0131r. Seferlerde g\u00fc\u00e7l\u00fck, yorgunluk; kan ve can vermek vard\u0131r. Beni pe\u015finen bu \u015fart ile kabul ederseniz edin. Yoksa rahat\u0131n\u0131z\u0131 isterseniz karde\u015flerimden birini tercih edin, ben de sanca\u011f\u0131m olan Semendire\u2019ye d\u00f6neyim. \u0130\u015fte devlet, i\u015fte padi\u015fah\u0131n\u0131z ne eylerseniz eyleyin. Ama bug\u00fcn benim s\u00f6ylediklerimi kabul edip yar\u0131n muhalefet edene aman vermem.\u201d<\/p>\n<p>Yavuz Sultan Selim d\u00f6nemin en \u00e7alkant\u0131l\u0131 y\u0131llar\u0131nda yap\u0131lmas\u0131 gerekeni sezebilen yeg\u00e2ne \u015fehzadedir. F\u0131rt\u0131nalarda alabora olabilecek bir devletin d\u00fcmenini ele al\u0131p dev dalgalar\u0131 lehine \u00e7evirerek o\u011flu S\u00fcleyman\u2019a muhte\u015fem bir m\u00fclk teslim etmi\u015ftir. Elinizdeki bu kitap i\u015fte bu ilgin\u00e7 maceray\u0131 ak\u0131c\u0131 ama tarihi ger\u00e7eklerden kopmayan bir \u00fcslupla ele al\u0131yor. Hayal d\u00fcnyan\u0131zda ard\u0131 ard\u0131na perdeler a\u00e7\u0131p sizi Yavuz Selim\u2019in heyecanl\u0131 d\u00fcnyas\u0131na davet ediyor. S\u00f6ylemesi bizden, sayfalar\u0131 kovalamaktan kendinizi alamayacaks\u0131n\u0131z.<\/p>","protected":false},"featured_media":7817,"template":"","meta":{"spay_email":""},"product_cat":[172,170],"product_tag":[],"item":[694],"acf":[],"_links":{"self":[{"href":"https:\/\/mgvpublications.com\/de\/wp-json\/wp\/v2\/product\/7816"}],"collection":[{"href":"https:\/\/mgvpublications.com\/de\/wp-json\/wp\/v2\/product"}],"about":[{"href":"https:\/\/mgvpublications.com\/de\/wp-json\/wp\/v2\/types\/product"}],"wp:featuredmedia":[{"embeddable":true,"href":"https:\/\/mgvpublications.com\/de\/wp-json\/wp\/v2\/media\/7817"}],"wp:attachment":[{"href":"https:\/\/mgvpublications.com\/de\/wp-json\/wp\/v2\/media?parent=7816"}],"wp:term":[{"taxonomy":"product_cat","embeddable":true,"href":"https:\/\/mgvpublications.com\/de\/wp-json\/wp\/v2\/product_cat?post=7816"},{"taxonomy":"product_tag","embeddable":true,"href":"https:\/\/mgvpublications.com\/de\/wp-json\/wp\/v2\/product_tag?post=7816"},{"taxonomy":"item","embeddable":true,"href":"https:\/\/mgvpublications.com\/de\/wp-json\/wp\/v2\/item?post=7816"}],"curies":[{"name":"wp","href":"https:\/\/api.w.org\/{rel}","templated":true}]}}