{"id":7810,"date":"2019-07-03T14:55:58","date_gmt":"2019-07-03T12:55:58","guid":{"rendered":"https:\/\/dev2.mgvpublications.com\/produkt\/gaziler-caginin-padisahi-osman-bey-oeykue-tadinda-tarih-1\/"},"modified":"2022-03-08T22:31:21","modified_gmt":"2022-03-08T21:31:21","slug":"gaziler-caginin-padisahi-osman-bey-oeykue-tadinda-tarih-1","status":"publish","type":"product","link":"https:\/\/mgvpublications.com\/de\/gaziler-caginin-padisahi-osman-bey-oeykue-tadinda-tarih-1\/","title":{"rendered":"Gaziler \u00c7a\u011f\u0131n\u0131n Padi\u015fah\u0131 Osman Bey \/ \u00d6yk\u00fc Tad\u0131nda Tarih 1"},"content":{"rendered":"<p>Yay\u0131n Tarihi 2018-11-05<br \/>\nISBN 6057934031<br \/>\nBask\u0131 Say\u0131s\u0131 1. Bask\u0131<br \/>\nDil T\u00dcRK\u00c7E<br \/>\nSayfa Say\u0131s\u0131 88<br \/>\nCilt Tipi Karton Kapak<br \/>\nKa\u011f\u0131t Cinsi Kitap Ka\u011f\u0131d\u0131<br \/>\nBoyut 13.5 x 19.5 cm<\/p>","protected":false},"excerpt":{"rendered":"<p>&#8220;Bu Osman\u2019\u0131n delili\u011fi ne \u00f6ncekilere ne de sonrakilere benzemez. Baz\u0131 yi\u011fit i\u00e7in g\u00f6z\u00fcn\u00fc budaktan esirgemez derler ya, Osman \u00f6yle de de\u011fil. G\u00f6z\u00fcne sokacak budak arayan cinsten. Hak Te\u00e2l\u00e2\u2019ya tevekk\u00fcl edip g\u00f6z g\u00f6re g\u00f6re at\u0131n\u0131 s\u00fcrm\u00fc\u015f pusunun \u00fczerine.&#8221;<\/p>\n<p>\u201cGaziler \u00c7a\u011f\u0131n\u0131n Padi\u015fah\u0131 Osman Bey\u201d \u00f6zellikle ilk gen\u00e7lik \u00e7a\u011f\u0131n\u0131n okumaya bay\u0131laca\u011f\u0131 ak\u0131c\u0131 bir \u00f6yk\u00fc diline sahip. Okurunu s\u0131ms\u0131k\u0131 sar\u0131yor ve kitap bitene kadar bir daha b\u0131rakm\u0131yor. Bu kitap asla akademik bir \u00e7al\u0131\u015fma de\u011fil, aksine insana dokunan, \u00f6znel ve alabildi\u011fine bizim taraf\u0131m\u0131zda bir anlat\u0131m\u0131 var. Okurken, sanki birileri k\u00f6ydeki maceralar\u0131 anlat\u0131yormu\u015f gibi kendinizi kapt\u0131r\u0131yorsunuz. \u0130nsana dokunuyor ve metindeki karakteri adeta bu asra ta\u015f\u0131yor. Sayfalar aras\u0131nda ilerlerken tarihi mek\u00e2nlar\u0131n kokusu odan\u0131z\u0131n i\u00e7ine giriyor adeta. Bu etkiyi sa\u011flamas\u0131nda \u015f\u00fcphesiz \u00c2\u015f\u0131k Pa\u015fazade ve Ne\u015fri gibi klasik kaynaklar\u0131m\u0131z\u0131n izini ve \u00fcslubunu takip etmi\u015f olmas\u0131n\u0131n pay\u0131 \u00e7ok fazla. Kapa\u011f\u0131n\u0131 kapatt\u0131\u011f\u0131n\u0131zda \u201cKe\u015fke bitmeseydi\u201d demekten kendinizi alamayacaks\u0131n\u0131z\u2026<\/p>","protected":false},"featured_media":7811,"template":"","meta":{"spay_email":""},"product_cat":[172,170],"product_tag":[],"item":[694],"acf":[],"_links":{"self":[{"href":"https:\/\/mgvpublications.com\/de\/wp-json\/wp\/v2\/product\/7810"}],"collection":[{"href":"https:\/\/mgvpublications.com\/de\/wp-json\/wp\/v2\/product"}],"about":[{"href":"https:\/\/mgvpublications.com\/de\/wp-json\/wp\/v2\/types\/product"}],"wp:featuredmedia":[{"embeddable":true,"href":"https:\/\/mgvpublications.com\/de\/wp-json\/wp\/v2\/media\/7811"}],"wp:attachment":[{"href":"https:\/\/mgvpublications.com\/de\/wp-json\/wp\/v2\/media?parent=7810"}],"wp:term":[{"taxonomy":"product_cat","embeddable":true,"href":"https:\/\/mgvpublications.com\/de\/wp-json\/wp\/v2\/product_cat?post=7810"},{"taxonomy":"product_tag","embeddable":true,"href":"https:\/\/mgvpublications.com\/de\/wp-json\/wp\/v2\/product_tag?post=7810"},{"taxonomy":"item","embeddable":true,"href":"https:\/\/mgvpublications.com\/de\/wp-json\/wp\/v2\/item?post=7810"}],"curies":[{"name":"wp","href":"https:\/\/api.w.org\/{rel}","templated":true}]}}