{"id":7807,"date":"2019-07-03T14:53:20","date_gmt":"2019-07-03T12:53:20","guid":{"rendered":"https:\/\/dev2.mgvpublications.com\/produkt\/oeykuelerle-osmanli-padisahlari-3\/"},"modified":"2022-03-08T22:31:20","modified_gmt":"2022-03-08T21:31:20","slug":"oeykuelerle-osmanli-padisahlari-3","status":"publish","type":"product","link":"https:\/\/mgvpublications.com\/de\/oeykuelerle-osmanli-padisahlari-3\/","title":{"rendered":"\u00d6yk\u00fclerle Osmanl\u0131 Padi\u015fahlar\u0131 3"},"content":{"rendered":"<p>Yay\u0131n Tarihi 2018-11-26<br \/>\nISBN 6057934079<br \/>\nBask\u0131 Say\u0131s\u0131 1. Bask\u0131<br \/>\nDil T\u00dcRK\u00c7E<br \/>\nSayfa Say\u0131s\u0131 112<br \/>\nCilt Tipi Karton Kapak<br \/>\nKa\u011f\u0131t Cinsi Kitap Ka\u011f\u0131d\u0131<br \/>\nBoyut 13.5 x 19.5 cm<\/p>","protected":false},"excerpt":{"rendered":"<p>\u00c7ocuklara tarih bilinci kazand\u0131rmak hem \u00f6nemlidir, hem de zordur. Bu zorlu\u011fun \u00fcstesinden gelmek ve \u00e7ocuklar\u0131m\u0131za tarih bilinci kazand\u0131rmak amac\u0131yla haz\u0131rlam\u0131\u015f oldu\u011fumuz \u201c\u00d6yk\u00fclerle Osmanl\u0131 Padi\u015fahlar\u0131\u201d serimizin ikinci kitab\u0131n\u0131 sizlerle bulu\u015fturman\u0131n mutluluk ve heyecan\u0131n\u0131 ya\u015f\u0131yoruz.<\/p>\n<p>Osmanl\u0131 tarihinin y\u00fckselme d\u00f6nemini anlatan bu kitapta sevgili yavrular\u0131m\u0131za Yavuz Sultan Selim, Kanuni Sultan S\u00fcleyman ve 2.Selim\u2019in hayatlar\u0131ndan kesitler hikaye tad\u0131nda anlat\u0131lmaktad\u0131r\u2026.<\/p>","protected":false},"featured_media":7808,"template":"","meta":{"spay_email":""},"product_cat":[172,170],"product_tag":[],"item":[694],"acf":[],"_links":{"self":[{"href":"https:\/\/mgvpublications.com\/de\/wp-json\/wp\/v2\/product\/7807"}],"collection":[{"href":"https:\/\/mgvpublications.com\/de\/wp-json\/wp\/v2\/product"}],"about":[{"href":"https:\/\/mgvpublications.com\/de\/wp-json\/wp\/v2\/types\/product"}],"wp:featuredmedia":[{"embeddable":true,"href":"https:\/\/mgvpublications.com\/de\/wp-json\/wp\/v2\/media\/7808"}],"wp:attachment":[{"href":"https:\/\/mgvpublications.com\/de\/wp-json\/wp\/v2\/media?parent=7807"}],"wp:term":[{"taxonomy":"product_cat","embeddable":true,"href":"https:\/\/mgvpublications.com\/de\/wp-json\/wp\/v2\/product_cat?post=7807"},{"taxonomy":"product_tag","embeddable":true,"href":"https:\/\/mgvpublications.com\/de\/wp-json\/wp\/v2\/product_tag?post=7807"},{"taxonomy":"item","embeddable":true,"href":"https:\/\/mgvpublications.com\/de\/wp-json\/wp\/v2\/item?post=7807"}],"curies":[{"name":"wp","href":"https:\/\/api.w.org\/{rel}","templated":true}]}}