{"id":7805,"date":"2019-07-03T14:50:04","date_gmt":"2019-07-03T12:50:04","guid":{"rendered":"https:\/\/dev2.mgvpublications.com\/produkt\/oeykuelerle-osmanli-padisahlari-1\/"},"modified":"2022-03-08T22:31:20","modified_gmt":"2022-03-08T21:31:20","slug":"oeykuelerle-osmanli-padisahlari-1","status":"publish","type":"product","link":"https:\/\/mgvpublications.com\/de\/oeykuelerle-osmanli-padisahlari-1\/","title":{"rendered":"\u00d6yk\u00fclerle Osmanl\u0131 Padi\u015fahlar\u0131 1"},"content":{"rendered":"<p>Yay\u0131n Tarihi 2018-11-26<br \/>\nISBN 9275057978<br \/>\nBask\u0131 Say\u0131s\u0131 2. Bask\u0131<br \/>\nDil T\u00dcRK\u00c7E<br \/>\nSayfa Say\u0131s\u0131 112<br \/>\nCilt Tipi Karton Kapak<br \/>\nKa\u011f\u0131t Cinsi Kitap Ka\u011f\u0131d\u0131<br \/>\nBoyut 13.5 x 19.5 cm<\/p>","protected":false},"excerpt":{"rendered":"<p>Uzun y\u0131llard\u0131r \u00e7ocuklar\u0131m\u0131z\u0131n anlayabilece\u011fi seviyede Osmanl\u0131 tarihini ve Padi\u015fahlar\u0131m\u0131z\u0131 anlatan yay\u0131nlar\u0131n eksikli\u011fini hisseden yay\u0131nevimiz, de\u011ferli yazar \u0130brahim Halil ER&#8217;in yazm\u0131\u015f oldu\u011fu bu kitab\u0131 yay\u0131nlamakla \u00f6nemli bir bo\u015flu\u011fu doldurmu\u015ftur.<\/p>\n<p>Dili ve anlat\u0131m \u00fcslubuyla \u00e7ocuklar\u0131m\u0131z\u0131n severek okuyaca\u011f\u0131n\u0131 umdu\u011fumuz kitap,konulara uygun \u00e7izimlerle zenginle\u015ftirilmi\u015ftir.Serinin ilki olan bu kitapta Osman Gazi, Orhan Gazi,1.Murad (H\u00fcdavendigar) ve Y\u0131ld\u0131r\u0131m Bayezid\u2018in hayatlar\u0131 anlat\u0131lmaktad\u0131r&#8230;<\/p>","protected":false},"featured_media":7806,"template":"","meta":{"spay_email":""},"product_cat":[172,170],"product_tag":[],"item":[694],"acf":[],"_links":{"self":[{"href":"https:\/\/mgvpublications.com\/de\/wp-json\/wp\/v2\/product\/7805"}],"collection":[{"href":"https:\/\/mgvpublications.com\/de\/wp-json\/wp\/v2\/product"}],"about":[{"href":"https:\/\/mgvpublications.com\/de\/wp-json\/wp\/v2\/types\/product"}],"wp:featuredmedia":[{"embeddable":true,"href":"https:\/\/mgvpublications.com\/de\/wp-json\/wp\/v2\/media\/7806"}],"wp:attachment":[{"href":"https:\/\/mgvpublications.com\/de\/wp-json\/wp\/v2\/media?parent=7805"}],"wp:term":[{"taxonomy":"product_cat","embeddable":true,"href":"https:\/\/mgvpublications.com\/de\/wp-json\/wp\/v2\/product_cat?post=7805"},{"taxonomy":"product_tag","embeddable":true,"href":"https:\/\/mgvpublications.com\/de\/wp-json\/wp\/v2\/product_tag?post=7805"},{"taxonomy":"item","embeddable":true,"href":"https:\/\/mgvpublications.com\/de\/wp-json\/wp\/v2\/item?post=7805"}],"curies":[{"name":"wp","href":"https:\/\/api.w.org\/{rel}","templated":true}]}}