{"id":7797,"date":"2019-07-03T14:40:47","date_gmt":"2019-07-03T12:40:47","guid":{"rendered":"https:\/\/dev2.mgvpublications.com\/produkt\/haci-bayram-i-veli-goenuel-erleri-5\/"},"modified":"2022-03-08T22:31:20","modified_gmt":"2022-03-08T21:31:20","slug":"haci-bayram-i-veli-goenuel-erleri-5","status":"publish","type":"product","link":"https:\/\/mgvpublications.com\/de\/haci-bayram-i-veli-goenuel-erleri-5\/","title":{"rendered":"Hac\u0131 Bayram-\u0131 Veli \/ G\u00f6n\u00fcl Erleri 5"},"content":{"rendered":"<p>Yay\u0131n Tarihi 2018-03-06<br \/>\nISBN 6059275781<br \/>\nBask\u0131 Say\u0131s\u0131 1. Bask\u0131<br \/>\nDil T\u00dcRK\u00c7E<br \/>\nSayfa Say\u0131s\u0131 112<br \/>\nCilt Tipi Karton Kapak<br \/>\nKa\u011f\u0131t Cinsi Kitap Ka\u011f\u0131d\u0131<br \/>\nBoyut 13.5 x 19.5 cm<\/p>","protected":false},"excerpt":{"rendered":"<p>Dede, Ankara denilince akla Hac\u0131 Bayram-\u0131 Veli geliyor, neden?\u201d<br \/>\n\u201c\u015eehirleri \u015fehir yapan, ayakta tutan ve gelece\u011fe ta\u015f\u0131yan maddi ve manevi de\u011ferler vard\u0131r o\u011flum.<br \/>\nMaddi y\u00f6n\u00fcyle \u015fehir maneviyat \u00f6nderlerinin etraf\u0131nda \u015fekillenir ve bir ruh sahibi olur, canl\u0131 bir varl\u0131k gibi nefes al\u0131r verir.<br \/>\nManevi de\u011ferlerden yoksunsa, ne kadar zengin ve geli\u015fmi\u015f olursa olsun yoksuldur bir \u015fehir.<br \/>\nRuhunu kaybeden bir \u00f6l\u00fc gibidir.\u201d<br \/>\n\u201cO zaman \u015f\u00f6yle diyebilir miyiz?<br \/>\nAnkara, Hac\u0131 Bayram-\u0131 Veli gibi manevi \u00f6nderleri ve de\u011ferleriyle anlam kazan\u0131yor.<br \/>\nBelki her \u015fehrin, beldenin ve k\u00f6y\u00fcn b\u00f6yle rehber Allah dostlar\u0131na, hava ve su kadar ihtiyac\u0131 var.<br \/>\nKonya\u2019da Mevl\u00e2n\u00e2, K\u0131r\u015fehir\u2019de Hac\u0131 Bekt\u00e2\u015f-\u0131 Vel\u00ee, Bursa\u2019da Somuncu Baba ve di\u011fer \u015fehirlerde b\u00f6yle birileri var\u2026\u201d<br \/>\n\u201c\u00d6yleyse en ba\u015f\u0131ndan anlatal\u0131m hik\u00e2yeyi evlat!<br \/>\nSevgili yavrular\u0131m\u0131z\u0131n bu g\u00fczel eserden istifade edece\u011fine inan\u0131yoruz\u2026<\/p>","protected":false},"featured_media":7798,"template":"","meta":{"spay_email":""},"product_cat":[172,174],"product_tag":[],"item":[694],"acf":[],"_links":{"self":[{"href":"https:\/\/mgvpublications.com\/de\/wp-json\/wp\/v2\/product\/7797"}],"collection":[{"href":"https:\/\/mgvpublications.com\/de\/wp-json\/wp\/v2\/product"}],"about":[{"href":"https:\/\/mgvpublications.com\/de\/wp-json\/wp\/v2\/types\/product"}],"wp:featuredmedia":[{"embeddable":true,"href":"https:\/\/mgvpublications.com\/de\/wp-json\/wp\/v2\/media\/7798"}],"wp:attachment":[{"href":"https:\/\/mgvpublications.com\/de\/wp-json\/wp\/v2\/media?parent=7797"}],"wp:term":[{"taxonomy":"product_cat","embeddable":true,"href":"https:\/\/mgvpublications.com\/de\/wp-json\/wp\/v2\/product_cat?post=7797"},{"taxonomy":"product_tag","embeddable":true,"href":"https:\/\/mgvpublications.com\/de\/wp-json\/wp\/v2\/product_tag?post=7797"},{"taxonomy":"item","embeddable":true,"href":"https:\/\/mgvpublications.com\/de\/wp-json\/wp\/v2\/item?post=7797"}],"curies":[{"name":"wp","href":"https:\/\/api.w.org\/{rel}","templated":true}]}}