{"id":7795,"date":"2019-07-03T14:37:04","date_gmt":"2019-07-03T12:37:04","guid":{"rendered":"https:\/\/dev2.mgvpublications.com\/produkt\/haci-bektas-i-veli-goenuel-erleri-serisi-2\/"},"modified":"2022-03-08T22:31:20","modified_gmt":"2022-03-08T21:31:20","slug":"haci-bektas-i-veli-goenuel-erleri-serisi-2","status":"publish","type":"product","link":"https:\/\/mgvpublications.com\/de\/haci-bektas-i-veli-goenuel-erleri-serisi-2\/","title":{"rendered":"Hac\u0131 Bekta\u015f-\u0131 Veli \/ G\u00f6n\u00fcl Erleri Serisi 2"},"content":{"rendered":"<p>Yay\u0131n Tarihi 2018-03-06<br \/>\nISBN 6059275811<br \/>\nBask\u0131 Say\u0131s\u0131 1. Bask\u0131<br \/>\nDil T\u00dcRK\u00c7E<br \/>\nSayfa Say\u0131s\u0131 112<br \/>\nCilt Tipi Karton Kapak<br \/>\nKa\u011f\u0131t Cinsi Kitap Ka\u011f\u0131d\u0131<br \/>\nBoyut 13.5 x 19.5 cm<\/p>","protected":false},"excerpt":{"rendered":"<p>\u0130nsanlara yol g\u00f6sterici, rehber, k\u0131lavuz, yol haritas\u0131, \u00f6rnek, \u00f6nder, \u00f6\u011fretmen olarak g\u00f6nderilen peygamberlerden sonra onlar\u0131n a\u00e7t\u0131\u011f\u0131 ayd\u0131nl\u0131k yoldan y\u00fcr\u00fcyen, insanlar\u0131 sevgi, sayg\u0131, \u015fefkat, merhamet ve ho\u015fg\u00f6r\u00fcyle b\u00fcr\u00fcyen Allah dostlar\u0131; din, bilim ve sanat adamlar\u0131 g\u00fczel bir d\u00fcnya, huzurlu ve mutlu, gelecekten umutlu insanlar i\u00e7in durup dinlenmeden hizmet \u00fcretmi\u015fler, sevgi ve ho\u015fg\u00f6r\u00fc medeniyeti kurmu\u015flard\u0131r.<br \/>\nBu eserin konusu olan Hac\u0131 Bekt\u00e2\u015f-\u0131 Vel\u00ee de Anadolu&#8217;da ve d\u00fcnyada iz b\u0131rakm\u0131\u015f, Mevl\u00e2n\u00e2, Yunus Emre gibi \u00f6nemli insanlardan birisidir.<br \/>\n\u00c7ok fazla ayr\u0131nt\u0131ya girmeden, hik\u00e2ye tad\u0131nda haz\u0131rlanan, araya mola k\u0131vam\u0131nda \u015fiirler serpi\u015ftirilen bu kitab\u0131n yaz\u0131l\u0131\u015f\u0131nda, Ethem Ruhi F\u0131\u011flal\u0131&#8217;n\u0131n T\u00fcrkiye&#8217;de Alevilik ve Bekta\u015filik kitab\u0131yla Esat Co\u015fan hocam\u0131z\u0131n \u00e7al\u0131\u015fmas\u0131 olan \u2018Makalat\u2019 ba\u015fvuru kaynaklar\u0131m\u0131zd\u0131.<br \/>\nSevgili yavrular\u0131m\u0131z\u0131n bu g\u00fczel eserden istifade edece\u011fine inan\u0131yoruz\u2026<\/p>","protected":false},"featured_media":7796,"template":"","meta":{"spay_email":""},"product_cat":[172,174],"product_tag":[],"item":[694],"acf":[],"_links":{"self":[{"href":"https:\/\/mgvpublications.com\/de\/wp-json\/wp\/v2\/product\/7795"}],"collection":[{"href":"https:\/\/mgvpublications.com\/de\/wp-json\/wp\/v2\/product"}],"about":[{"href":"https:\/\/mgvpublications.com\/de\/wp-json\/wp\/v2\/types\/product"}],"wp:featuredmedia":[{"embeddable":true,"href":"https:\/\/mgvpublications.com\/de\/wp-json\/wp\/v2\/media\/7796"}],"wp:attachment":[{"href":"https:\/\/mgvpublications.com\/de\/wp-json\/wp\/v2\/media?parent=7795"}],"wp:term":[{"taxonomy":"product_cat","embeddable":true,"href":"https:\/\/mgvpublications.com\/de\/wp-json\/wp\/v2\/product_cat?post=7795"},{"taxonomy":"product_tag","embeddable":true,"href":"https:\/\/mgvpublications.com\/de\/wp-json\/wp\/v2\/product_tag?post=7795"},{"taxonomy":"item","embeddable":true,"href":"https:\/\/mgvpublications.com\/de\/wp-json\/wp\/v2\/item?post=7795"}],"curies":[{"name":"wp","href":"https:\/\/api.w.org\/{rel}","templated":true}]}}