{"id":7793,"date":"2019-07-03T14:35:17","date_gmt":"2019-07-03T12:35:17","guid":{"rendered":"https:\/\/dev2.mgvpublications.com\/produkt\/mevlana-goenuel-erleri-serisi-4\/"},"modified":"2022-03-08T22:31:19","modified_gmt":"2022-03-08T21:31:19","slug":"mevlana-goenuel-erleri-serisi-4","status":"publish","type":"product","link":"https:\/\/mgvpublications.com\/de\/mevlana-goenuel-erleri-serisi-4\/","title":{"rendered":"Mevlana \/ G\u00f6n\u00fcl Erleri Serisi 4"},"content":{"rendered":"<p>[koo_icon name=&#8221;undefined&#8221; color=&#8221;<br \/>\nYay\u0131n Tarihi 2019-02-01<br \/>\nISBN 6059275798<br \/>\nBask\u0131 Say\u0131s\u0131 1. Bask\u0131<br \/>\nDil T\u00dcRK\u00c7E<br \/>\nSayfa Say\u0131s\u0131 120<br \/>\nCilt Tipi Karton Kapak<br \/>\nKa\u011f\u0131t Cinsi Kitap Ka\u011f\u0131d\u0131<br \/>\nBoyut 13.5 x 19.5 cm&#8221; size=&#8221;&#8221;]<\/p>","protected":false},"excerpt":{"rendered":"<p>Sevgili okuyucu!<br \/>\n-Denilir ki, karanl\u0131\u011f\u0131n en koyu oldu\u011fu zamanlar g\u00fcne\u015fin do\u011fum vaktidir\u2026<br \/>\n\u00d6nce Ha\u00e7l\u0131lar talan etti Anadolu\u2019yu<br \/>\n\u0130nsanl\u0131k Mo\u011fol belas\u0131yla bo\u011fu\u015fuyordu \u015fimdi.<br \/>\nSanki bir f\u0131rt\u0131na, kas\u0131rga, taun, kas\u0131p kavuruyordu Orta Asya\u2019dan Anadolu\u2019ya\u2026<br \/>\nYakan, y\u0131kan, \u00f6ld\u00fcren, girdi\u011fi yerde ta\u015f \u00fcst\u00fcnde ta\u015f, g\u00f6vde \u00fcst\u00fcnde ba\u015f b\u0131rakmayan Mo\u011follar, her taraf\u0131 kan g\u00f6l\u00fcne \u00e7eviriyordu.<br \/>\n-\u00d6yle bir vah\u015fet ki, insanl\u0131\u011f\u0131n en m\u00fchim sermayesi olan kitaplar\u0131 ve k\u00fct\u00fcphaneleri bile yak\u0131p y\u0131k\u0131yor, bilim ve sanat adamlar\u0131n\u0131 \u00f6ld\u00fcr\u00fcyor, as\u0131rlar boyunca olu\u015fan k\u00fclt\u00fcrel birikimi yok ediyor, ak\u0131l almaz zul\u00fcmleriyle ilerliyorlard\u0131 Asya i\u00e7lerinde.<br \/>\n-\u0130\u015fte b\u00f6yle bir \u00e7a\u011fda, ufkun zul\u00fcm karanl\u0131klar\u0131yla karard\u0131\u011f\u0131 bir s\u0131rada.<br \/>\nMo\u011follar\u0131n ayak seslerini iliklerinde hisseden Belh \u015fehrinde \/ Harzem\u015fahlar \u00fclkesinde d\u00fcnyaya geldi Mevl\u00e2na.<br \/>\n\u0130\u015fgal, sava\u015f, karga\u015fa, kaos, kirli, k\u00fcresel iktidar hesaplar\u0131n\u0131n merkez \u00fcss\u00fc olan bug\u00fcnk\u00fc Afganistan yani\u2026<br \/>\n-Hangi y\u0131llarda?<br \/>\n-Y\u0131l 1207. Aylardan eyl\u00fcl.<br \/>\nBu hikayenin devam\u0131 kitapta\u2026<\/p>","protected":false},"featured_media":7794,"template":"","meta":{"spay_email":""},"product_cat":[172,174],"product_tag":[],"item":[694],"acf":[],"_links":{"self":[{"href":"https:\/\/mgvpublications.com\/de\/wp-json\/wp\/v2\/product\/7793"}],"collection":[{"href":"https:\/\/mgvpublications.com\/de\/wp-json\/wp\/v2\/product"}],"about":[{"href":"https:\/\/mgvpublications.com\/de\/wp-json\/wp\/v2\/types\/product"}],"wp:featuredmedia":[{"embeddable":true,"href":"https:\/\/mgvpublications.com\/de\/wp-json\/wp\/v2\/media\/7794"}],"wp:attachment":[{"href":"https:\/\/mgvpublications.com\/de\/wp-json\/wp\/v2\/media?parent=7793"}],"wp:term":[{"taxonomy":"product_cat","embeddable":true,"href":"https:\/\/mgvpublications.com\/de\/wp-json\/wp\/v2\/product_cat?post=7793"},{"taxonomy":"product_tag","embeddable":true,"href":"https:\/\/mgvpublications.com\/de\/wp-json\/wp\/v2\/product_tag?post=7793"},{"taxonomy":"item","embeddable":true,"href":"https:\/\/mgvpublications.com\/de\/wp-json\/wp\/v2\/item?post=7793"}],"curies":[{"name":"wp","href":"https:\/\/api.w.org\/{rel}","templated":true}]}}