{"id":7791,"date":"2019-07-03T14:31:19","date_gmt":"2019-07-03T12:31:19","guid":{"rendered":"https:\/\/dev2.mgvpublications.com\/produkt\/hz-salihten-hz-yusufa-cocuklar-icin-peygamber-oeykueleri-2\/"},"modified":"2022-03-08T22:31:19","modified_gmt":"2022-03-08T21:31:19","slug":"hz-salihten-hz-yusufa-cocuklar-icin-peygamber-oeykueleri-2","status":"publish","type":"product","link":"https:\/\/mgvpublications.com\/de\/hz-salihten-hz-yusufa-cocuklar-icin-peygamber-oeykueleri-2\/","title":{"rendered":"Hz.Salih&#8217;ten Hz.Yusuf&#8217;a \/ \u00c7ocuklar i\u00e7in Peygamber \u00d6yk\u00fcleri 2"},"content":{"rendered":"<p>Yay\u0131n Tarihi 2017-04-17<br \/>\nISBN 6059275446<br \/>\nBask\u0131 Say\u0131s\u0131 1. Bask\u0131<br \/>\nDil T\u00dcRK\u00c7E<br \/>\nSayfa Say\u0131s\u0131 160<br \/>\nCilt Tipi Karton Kapak<br \/>\nKa\u011f\u0131t Cinsi Kitap Ka\u011f\u0131d\u0131<br \/>\nBoyut 13.5 x 19.5 cm<\/p>","protected":false},"excerpt":{"rendered":"<p>Serinin 2.kitab\u0131nda Hz.Salih ve kayadan \u00e7\u0131kan di\u015fi deve<br \/>\n,Hz.\u0130brahim aleyhisselam\u0131n nemrutla m\u00fccadelesi,<br \/>\nHz.Hacer validemiz ve Hz.\u0130smail&#8217;in mekke&#8217;ye yerle\u015fmesi,<br \/>\nHz.\u0130shak,Hz.Lut<br \/>\nHz. Z\u00fclkarneyn,<br \/>\nHz. Yakub ve Hz. Yusuf,<br \/>\nHz. Yusuf (a.s)\u2019\u0131n R\u00fcyas\u0131,<br \/>\nTuzak ve Kuyuda Yusuf (a.s),<br \/>\nHz. Yusuf (a.s) Sarayda,<br \/>\nYusuf (a.s) Zindanda,<br \/>\nYusuf (a.s) Maliye Bakan\u0131,<br \/>\nHz. Yakub (a.s) Hz. Yusuf (a.s)\u2019a Kavu\u015fmas\u0131 gibi konular anlat\u0131lmaktad\u0131r.<\/p>","protected":false},"featured_media":7792,"template":"","meta":{"spay_email":""},"product_cat":[172,174],"product_tag":[],"item":[694],"acf":[],"_links":{"self":[{"href":"https:\/\/mgvpublications.com\/de\/wp-json\/wp\/v2\/product\/7791"}],"collection":[{"href":"https:\/\/mgvpublications.com\/de\/wp-json\/wp\/v2\/product"}],"about":[{"href":"https:\/\/mgvpublications.com\/de\/wp-json\/wp\/v2\/types\/product"}],"wp:featuredmedia":[{"embeddable":true,"href":"https:\/\/mgvpublications.com\/de\/wp-json\/wp\/v2\/media\/7792"}],"wp:attachment":[{"href":"https:\/\/mgvpublications.com\/de\/wp-json\/wp\/v2\/media?parent=7791"}],"wp:term":[{"taxonomy":"product_cat","embeddable":true,"href":"https:\/\/mgvpublications.com\/de\/wp-json\/wp\/v2\/product_cat?post=7791"},{"taxonomy":"product_tag","embeddable":true,"href":"https:\/\/mgvpublications.com\/de\/wp-json\/wp\/v2\/product_tag?post=7791"},{"taxonomy":"item","embeddable":true,"href":"https:\/\/mgvpublications.com\/de\/wp-json\/wp\/v2\/item?post=7791"}],"curies":[{"name":"wp","href":"https:\/\/api.w.org\/{rel}","templated":true}]}}