{"id":7784,"date":"2019-07-03T14:19:53","date_gmt":"2019-07-03T12:19:53","guid":{"rendered":"https:\/\/dev2.mgvpublications.com\/produkt\/hz-eyyuebten-hz-musaya-cocuklar-icin-peygamber-oeykueleri-3\/"},"modified":"2022-03-08T22:31:17","modified_gmt":"2022-03-08T21:31:17","slug":"hz-eyyuebten-hz-musaya-cocuklar-icin-peygamber-oeykueleri-3","status":"publish","type":"product","link":"https:\/\/mgvpublications.com\/de\/hz-eyyuebten-hz-musaya-cocuklar-icin-peygamber-oeykueleri-3\/","title":{"rendered":"Hz. Eyy\u00fcb&#8217;ten Hz. Musa&#8217;ya \/ \u00c7ocuklar i\u00e7in Peygamber \u00d6yk\u00fcleri 3"},"content":{"rendered":"<p>Yay\u0131n Tarihi 2017-04-17<br \/>\nISBN 6059275439<br \/>\nBask\u0131 Say\u0131s\u0131 1. Bask\u0131<br \/>\nDil T\u00dcRK\u00c7E<br \/>\nSayfa Say\u0131s\u0131 144<br \/>\nCilt Tipi Karton Kapak<br \/>\nKa\u011f\u0131t Cinsi Kitap Ka\u011f\u0131d\u0131<br \/>\nBoyut 13.5 x 19.5 cm<\/p>","protected":false},"excerpt":{"rendered":"<p>Hz. Eyyub,,Hz. Eyyub (a.s)\u2019\u0131n Hastal\u0131kla \u0130mtihan\u0131,<br \/>\nHz. Eyyub (a.s) Sa\u011fl\u0131\u011f\u0131na Kavu\u015fuyor,<br \/>\nHz. \u015euayb,<br \/>\nMedyenlileri D\u00fcr\u00fcstl\u00fc\u011fe Davet,<br \/>\nHz. \u015euayb (a.s) Eyke Halk\u0131n\u0131 Davet Ediyor,<br \/>\nHz. Musa ve Hz. Harun,Firavun\u2019un R\u00fcyas\u0131<br \/>\nNil Nehrinden Firavun Saray\u0131na<br \/>\nHz. Musa (a.s) Hz. \u015euayb (a.s)\u2019\u0131n Yan\u0131nda<br \/>\nHz. Musa (a.s) M\u0131s\u0131r\u2019a D\u00f6n\u00fcyor<br \/>\nHz. Musa (a.s) \u0130le Karde\u015fi Hz. Harun (a.s) Firavun\u2019a Gidiyor<br \/>\nHz. Musa (a.s)\u2019a Verilen Mucizeler<br \/>\nHz. Musa (a.s) \u0130le Karun&#8230;Firavun ve Haman<br \/>\nHz. Musa (a.s) \u0130srailo\u011fullar\u0131yla M\u0131s\u0131r\u2019dan Gidiyor Firavun K\u0131z\u0131ldeniz\u2019de Bo\u011fuluyor<br \/>\nK\u0131z\u0131ldeniz\u2019den Sonra<br \/>\nHz. Musa (a.s) Ve H\u0131z\u0131r (a.s)<br \/>\nHz. Musa (a.s) Tur Da\u011f\u0131nda konular\u0131 anlat\u0131lmaktad\u0131r.<\/p>","protected":false},"featured_media":7785,"template":"","meta":{"spay_email":""},"product_cat":[172,174],"product_tag":[],"item":[694],"acf":[],"_links":{"self":[{"href":"https:\/\/mgvpublications.com\/de\/wp-json\/wp\/v2\/product\/7784"}],"collection":[{"href":"https:\/\/mgvpublications.com\/de\/wp-json\/wp\/v2\/product"}],"about":[{"href":"https:\/\/mgvpublications.com\/de\/wp-json\/wp\/v2\/types\/product"}],"wp:featuredmedia":[{"embeddable":true,"href":"https:\/\/mgvpublications.com\/de\/wp-json\/wp\/v2\/media\/7785"}],"wp:attachment":[{"href":"https:\/\/mgvpublications.com\/de\/wp-json\/wp\/v2\/media?parent=7784"}],"wp:term":[{"taxonomy":"product_cat","embeddable":true,"href":"https:\/\/mgvpublications.com\/de\/wp-json\/wp\/v2\/product_cat?post=7784"},{"taxonomy":"product_tag","embeddable":true,"href":"https:\/\/mgvpublications.com\/de\/wp-json\/wp\/v2\/product_tag?post=7784"},{"taxonomy":"item","embeddable":true,"href":"https:\/\/mgvpublications.com\/de\/wp-json\/wp\/v2\/item?post=7784"}],"curies":[{"name":"wp","href":"https:\/\/api.w.org\/{rel}","templated":true}]}}