{"id":7782,"date":"2019-07-03T13:32:14","date_gmt":"2019-07-03T11:32:14","guid":{"rendered":"https:\/\/dev2.mgvpublications.com\/produkt\/sehit-sahabeler-goekteki-yildizlar-serisi-5\/"},"modified":"2022-03-08T22:31:17","modified_gmt":"2022-03-08T21:31:17","slug":"sehit-sahabeler-goekteki-yildizlar-serisi-5","status":"publish","type":"product","link":"https:\/\/mgvpublications.com\/de\/sehit-sahabeler-goekteki-yildizlar-serisi-5\/","title":{"rendered":"\u015eehit Sahabeler \/ G\u00f6kteki Y\u0131ld\u0131zlar Serisi 5"},"content":{"rendered":"<p>Yay\u0131n Tarihi 2017-02-08<br \/>\nISBN 6059275286<br \/>\nBask\u0131 Say\u0131s\u0131 1. Bask\u0131<br \/>\nDil T\u00dcRK\u00c7E<br \/>\nSayfa Say\u0131s\u0131 144<br \/>\nCilt Tipi Karton Kapak<br \/>\nKa\u011f\u0131t Cinsi Kitap Ka\u011f\u0131d\u0131<br \/>\nBoyut 13.5 x 21 cm<\/p>","protected":false},"excerpt":{"rendered":"<p>G\u00f6kteki y\u0131ld\u0131zlar serisinin bu kitab\u0131nda Allah yolunda can\u0131n\u0131 feda eden \u015fehit sahabeler;<br \/>\n\u0130slam\u2019\u0131n \u0130lk \u015eehitleri: Yasir Ailesi ve Hz. S\u00fcmeyye (r.anha) ..<br \/>\n\u015eehitlerin Efendisi: Hz. Hamza (r.a)..<br \/>\nMedine\u2019de Bir G\u00fczel \u00d6\u011fretmen: Hz. Mus\u2019ab Bin Umeyr (r.a)<br \/>\nMeleklerin Y\u0131kad\u0131\u011f\u0131 \u015eehit: Hz. Hanzala Bin Ebu Emir (r.a)<br \/>\nHz. Enes Bin Nadr (r.a)&#8230;.<br \/>\nHz.. Abdullah Bin Cah\u015f (r.a)&#8230;<br \/>\nHZ. Abdullah Bin C\u00fcbeyr (r.a)&#8230;<br \/>\nHz. Sa\u2019d Bin Rebi (r.a)..<br \/>\nPeygamberimizi Anne Babas\u0131na Tercih Eden \u015eehit: Hz. Zeyd Bin Harise (r.a)&#8230;&#8230;&#8230;103<br \/>\nHz. Cafer Bin Ebi Talib (r.a)..<br \/>\nPeygamber \u015eairi Hz. Abdullah Bin Revana(r.a)..&#8217;n\u0131n hayatlar\u0131 \u00e7o\u00e7uklar\u0131m\u0131z\u0131n anlayabilece\u011fi bir dille anlat\u0131lmaktad\u0131r.<\/p>","protected":false},"featured_media":7783,"template":"","meta":{"spay_email":""},"product_cat":[172,174],"product_tag":[],"item":[694],"acf":[],"_links":{"self":[{"href":"https:\/\/mgvpublications.com\/de\/wp-json\/wp\/v2\/product\/7782"}],"collection":[{"href":"https:\/\/mgvpublications.com\/de\/wp-json\/wp\/v2\/product"}],"about":[{"href":"https:\/\/mgvpublications.com\/de\/wp-json\/wp\/v2\/types\/product"}],"wp:featuredmedia":[{"embeddable":true,"href":"https:\/\/mgvpublications.com\/de\/wp-json\/wp\/v2\/media\/7783"}],"wp:attachment":[{"href":"https:\/\/mgvpublications.com\/de\/wp-json\/wp\/v2\/media?parent=7782"}],"wp:term":[{"taxonomy":"product_cat","embeddable":true,"href":"https:\/\/mgvpublications.com\/de\/wp-json\/wp\/v2\/product_cat?post=7782"},{"taxonomy":"product_tag","embeddable":true,"href":"https:\/\/mgvpublications.com\/de\/wp-json\/wp\/v2\/product_tag?post=7782"},{"taxonomy":"item","embeddable":true,"href":"https:\/\/mgvpublications.com\/de\/wp-json\/wp\/v2\/item?post=7782"}],"curies":[{"name":"wp","href":"https:\/\/api.w.org\/{rel}","templated":true}]}}