{"id":7780,"date":"2019-07-03T13:30:20","date_gmt":"2019-07-03T11:30:20","guid":{"rendered":"https:\/\/dev2.mgvpublications.com\/produkt\/hz-ali-goekteki-yildizlar-serisi-4\/"},"modified":"2022-03-08T22:31:17","modified_gmt":"2022-03-08T21:31:17","slug":"hz-ali-goekteki-yildizlar-serisi-4","status":"publish","type":"product","link":"https:\/\/mgvpublications.com\/de\/hz-ali-goekteki-yildizlar-serisi-4\/","title":{"rendered":"Hz. Ali \/ G\u00f6kteki Y\u0131ld\u0131zlar Serisi 4"},"content":{"rendered":"<p>Yay\u0131n Tarihi 2016-12-31<br \/>\nISBN 6059275309<br \/>\nBask\u0131 Say\u0131s\u0131 1. Bask\u0131<br \/>\nDil T\u00dcRK\u00c7E<br \/>\nSayfa Say\u0131s\u0131 144<br \/>\nCilt Tipi Karton Kapak<br \/>\nKa\u011f\u0131t Cinsi Kitap Ka\u011f\u0131d\u0131<br \/>\nBoyut 13.5 x 19.5 cm<\/p>","protected":false},"excerpt":{"rendered":"<p>Hz.Ali nerede ve ne zaman do\u011fdu?<br \/>\nHz.Ali nas\u0131l m\u00fcsl\u00fcman oldu?<br \/>\nAllah&#8217;\u0131n arslan\u0131 Ali<br \/>\nHz.Ali a\u00e7\u0131k \u00e7a\u011fr\u0131 d\u00f6neminde nas\u0131l davranm\u0131\u015ft\u0131?<br \/>\nPeygamberimiz hicret yolculu\u011funa \u00e7\u0131karken Hz.Ali ni\u00e7in onun evinde kalm\u0131\u015ft\u0131?<br \/>\nHz.Ali Fat\u0131ma ile Medine&#8217;ye hicretten sonra m\u0131 evlendi?<br \/>\nHz.Ali peygamberimiz d\u00f6neminde hangi sava\u015flara kat\u0131ld\u0131?<br \/>\nHz.Ali Yemen&#8217;e ni\u00e7in g\u00f6nderilmi\u015fti?<br \/>\nHz.Peygamberimizin vefat\u0131ndan sonra ne yapt\u0131?<br \/>\nHz.Ali&#8217;nin hicran yaras\u0131 ns\u0131l kapand\u0131<br \/>\nM\u00fcsl\u00fcmanlar\u0131n b\u00fcy\u00fck s\u0131nav\u0131 olan Cemel olay\u0131 ni\u00e7in ya\u015fand\u0131?<br \/>\nM\u00fcsl\u00fcmanlara bilenen \u00e7irkin kinin sonucu olan S\u0131ffin sava\u015f\u0131 nas\u0131l ger\u00e7ekle\u015fti?<br \/>\nHz.Ali nas\u0131l \u015fehit edildi?<\/p>","protected":false},"featured_media":7781,"template":"","meta":{"spay_email":""},"product_cat":[172,174],"product_tag":[],"item":[694],"acf":[],"_links":{"self":[{"href":"https:\/\/mgvpublications.com\/de\/wp-json\/wp\/v2\/product\/7780"}],"collection":[{"href":"https:\/\/mgvpublications.com\/de\/wp-json\/wp\/v2\/product"}],"about":[{"href":"https:\/\/mgvpublications.com\/de\/wp-json\/wp\/v2\/types\/product"}],"wp:featuredmedia":[{"embeddable":true,"href":"https:\/\/mgvpublications.com\/de\/wp-json\/wp\/v2\/media\/7781"}],"wp:attachment":[{"href":"https:\/\/mgvpublications.com\/de\/wp-json\/wp\/v2\/media?parent=7780"}],"wp:term":[{"taxonomy":"product_cat","embeddable":true,"href":"https:\/\/mgvpublications.com\/de\/wp-json\/wp\/v2\/product_cat?post=7780"},{"taxonomy":"product_tag","embeddable":true,"href":"https:\/\/mgvpublications.com\/de\/wp-json\/wp\/v2\/product_tag?post=7780"},{"taxonomy":"item","embeddable":true,"href":"https:\/\/mgvpublications.com\/de\/wp-json\/wp\/v2\/item?post=7780"}],"curies":[{"name":"wp","href":"https:\/\/api.w.org\/{rel}","templated":true}]}}