{"id":7776,"date":"2019-07-03T13:26:40","date_gmt":"2019-07-03T11:26:40","guid":{"rendered":"https:\/\/dev2.mgvpublications.com\/produkt\/hz-ebu-bekir-goekteki-yildizlar-serisi-1\/"},"modified":"2022-03-08T22:31:17","modified_gmt":"2022-03-08T21:31:17","slug":"hz-ebu-bekir-goekteki-yildizlar-serisi-1","status":"publish","type":"product","link":"https:\/\/mgvpublications.com\/de\/hz-ebu-bekir-goekteki-yildizlar-serisi-1\/","title":{"rendered":"Hz. Ebu Bekir \/ G\u00f6kteki Y\u0131ld\u0131zlar Serisi 1"},"content":{"rendered":"<p>Yay\u0131n Tarihi 2016-12-31<br \/>\nISBN 6059275279<br \/>\nBask\u0131 Say\u0131s\u0131 1. Bask\u0131<br \/>\nDil T\u00dcRK\u00c7E<br \/>\nSayfa Say\u0131s\u0131 160<br \/>\nCilt Tipi Karton Kapak<br \/>\nKa\u011f\u0131t Cinsi Kitap Ka\u011f\u0131d\u0131<br \/>\nBoyut 13.5 x 19.5 cm<\/p>","protected":false},"excerpt":{"rendered":"<p>Hz.Ebubekir&#8217;in ailesi kimdir?<br \/>\nHz.Ebubekir nerede ne zaman d\u00fcnyaya geldi?<br \/>\nHz.Ebubekir&#8217;in \u00e7ocukluk ve gen\u00e7lik y\u0131llar\u0131 nas\u0131l ge\u00e7ti?<br \/>\nHz.Ebubekir kiminle evlendi, \u00e7ocuklar\u0131 oldu mu?<br \/>\nHz.ebubekir nas\u0131l M\u00fcsl\u00fcman oldu?<br \/>\nHz.Ebubekir k\u00f6leleri nas\u0131l kurtar\u0131yordu<br \/>\nHz.Ebubekir ilk \u00f6nce nereye hicret etti?<br \/>\nHz.Ebubekir ni\u00e7in s\u0131dd\u0131k deniliyor<br \/>\nHz.Ebubekir Mekkeden medineye hicret etti mi<br \/>\nMedinede ilk g\u00fcnlerde ne yapt\u0131 Ebubekir<br \/>\nHz.Ai\u015fe ile peygamberimizin evlili\u011fi nas\u0131l oldu<br \/>\nEbubekir peygamberimizle beraber sava\u015flara kat\u0131ld\u0131 m\u0131*<br \/>\nEbubekir, peygamberimizin hayata veda g\u00fcn\u00fc yan\u0131nda m\u0131yd\u0131?<br \/>\nEbubekir nas\u0131l halife se\u00e7ildi<br \/>\nHz.ebubekirin halifeli\u011fi nas\u0131l ge\u00e7ti ?<\/p>","protected":false},"featured_media":7777,"template":"","meta":{"spay_email":""},"product_cat":[172,174],"product_tag":[],"item":[694],"acf":[],"_links":{"self":[{"href":"https:\/\/mgvpublications.com\/de\/wp-json\/wp\/v2\/product\/7776"}],"collection":[{"href":"https:\/\/mgvpublications.com\/de\/wp-json\/wp\/v2\/product"}],"about":[{"href":"https:\/\/mgvpublications.com\/de\/wp-json\/wp\/v2\/types\/product"}],"wp:featuredmedia":[{"embeddable":true,"href":"https:\/\/mgvpublications.com\/de\/wp-json\/wp\/v2\/media\/7777"}],"wp:attachment":[{"href":"https:\/\/mgvpublications.com\/de\/wp-json\/wp\/v2\/media?parent=7776"}],"wp:term":[{"taxonomy":"product_cat","embeddable":true,"href":"https:\/\/mgvpublications.com\/de\/wp-json\/wp\/v2\/product_cat?post=7776"},{"taxonomy":"product_tag","embeddable":true,"href":"https:\/\/mgvpublications.com\/de\/wp-json\/wp\/v2\/product_tag?post=7776"},{"taxonomy":"item","embeddable":true,"href":"https:\/\/mgvpublications.com\/de\/wp-json\/wp\/v2\/item?post=7776"}],"curies":[{"name":"wp","href":"https:\/\/api.w.org\/{rel}","templated":true}]}}